{"id":28736,"date":"2025-02-20T23:30:21","date_gmt":"2025-02-20T22:30:21","guid":{"rendered":"http:\/\/olemosaic.com\/producto\/bol-de-coco-delfin-menorca-2\/"},"modified":"2025-07-25T20:38:13","modified_gmt":"2025-07-25T18:38:13","slug":"bol-noix-de-coco-dauphin-minorque-fr","status":"publish","type":"product","link":"https:\/\/olemosaic.com\/fr\/produit\/bol-noix-de-coco-dauphin-minorque-fr\/","title":{"rendered":"Bol en noix de coco. Dauphin. Minorque. Bal\u00e9ares."},"content":{"rendered":"<p>Ce bol d\u00e9coratif en noix de coco, inspir\u00e9 par la beaut\u00e9 de Minorque, est une pi\u00e8ce unique qui capture l&rsquo;essence de la M\u00e9diterran\u00e9e. Son design vibrant pr\u00e9sente une mosa\u00efque color\u00e9e qui \u00e9voque les bleus profonds et les roses chauds de la mer de Minorque, en faisant un centre d&rsquo;attention attrayant dans n&rsquo;importe quel espace. Fabriqu\u00e9 avec soin et d\u00e9vouement, l&rsquo;int\u00e9rieur du bol est peint \u00e0 la main, mettant en valeur les d\u00e9tails dans les tons bleu, rose et dor\u00e9, ce qui cr\u00e9e une harmonie visuelle refl\u00e9tant l&rsquo;environnement naturel de l&rsquo;\u00eele.<\/p>\n<p>Au centre du bol, un \u00e9l\u00e9gant dauphin se dresse comme symbole de l&rsquo;abondante vie marine qui entoure Minorque, tandis que le texte \u00ab MINORQUE \u00bb est pr\u00e9sent\u00e9 avec un design tr\u00e8s sp\u00e9cial, faisant de cet article un souvenir repr\u00e9sentatif et authentique de l&rsquo;\u00eele. Chaque bol est un t\u00e9moignage du travail artisanal et de la riche culture qui caract\u00e9rise cette \u00eele magnifique.<\/p>\n<p>Ce bol en noix de coco est, sans aucun doute, un excellent souvenir pour les touristes qui cherchent \u00e0 emporter un morceau de la M\u00e9diterran\u00e9e chez eux. Chez Ol\u00e9 Mosaic, nous sommes distributeurs de souvenirs en gros et proposons des produits comme ce bol en noix de coco, id\u00e9al pour les boutiques de cadeaux touristiques qui recherchent des articles authentiques et pleins de sens culturel.<\/p>\n","protected":false},"excerpt":{"rendered":"<p>Bol d\u00e9coratif en noix de coco inspir\u00e9 par la beaut\u00e9 de Minorque. Ce produit pr\u00e9sente un design color\u00e9 avec des mosa\u00efques \u00e9voquant les couleurs de la mer. Fabriqu\u00e9 en noix de coco, son int\u00e9rieur au design artisanal est peint \u00e0 la main avec des d\u00e9tails dans les tons bleu, rose et dor\u00e9, tandis qu&rsquo;un dauphin et le mot \u00ab MINORQUE \u00bb se d\u00e9tachent au centre. Ce bol est un souvenir \u00e9l\u00e9gant qui capture l&rsquo;essence de la M\u00e9diterran\u00e9e et ajoute une touche distinctive \u00e0 n&rsquo;importe quel foyer.<\/p>\n","protected":false},"featured_media":11955,"template":"","meta":{"_acf_changed":false},"product_brand":[],"product_cat":[521],"product_tag":[530],"class_list":{"0":"post-28736","1":"product","2":"type-product","3":"status-publish","4":"has-post-thumbnail","6":"product_cat-bols","7":"product_tag-animaux","8":"pa_ciudad-menorca","9":"pa_motivo-dauphins","10":"pa_pais-espana","12":"first","13":"instock","14":"shipping-taxable","15":"product-type-simple"},"acf":[],"_links":{"self":[{"href":"https:\/\/olemosaic.com\/fr\/wp-json\/wp\/v2\/product\/28736","targetHints":{"allow":["GET"]}}],"collection":[{"href":"https:\/\/olemosaic.com\/fr\/wp-json\/wp\/v2\/product"}],"about":[{"href":"https:\/\/olemosaic.com\/fr\/wp-json\/wp\/v2\/types\/product"}],"wp:featuredmedia":[{"embeddable":true,"href":"https:\/\/olemosaic.com\/fr\/wp-json\/wp\/v2\/media\/11955"}],"wp:attachment":[{"href":"https:\/\/olemosaic.com\/fr\/wp-json\/wp\/v2\/media?parent=28736"}],"wp:term":[{"taxonomy":"product_brand","embeddable":true,"href":"https:\/\/olemosaic.com\/fr\/wp-json\/wp\/v2\/product_brand?post=28736"},{"taxonomy":"product_cat","embeddable":true,"href":"https:\/\/olemosaic.com\/fr\/wp-json\/wp\/v2\/product_cat?post=28736"},{"taxonomy":"product_tag","embeddable":true,"href":"https:\/\/olemosaic.com\/fr\/wp-json\/wp\/v2\/product_tag?post=28736"}],"curies":[{"name":"wp","href":"https:\/\/api.w.org\/{rel}","templated":true}]}}