{"id":28735,"date":"2025-02-20T23:30:20","date_gmt":"2025-02-20T22:30:20","guid":{"rendered":"http:\/\/olemosaic.com\/producto\/bol-de-coco-azul-tortuga-5\/"},"modified":"2025-07-25T20:30:43","modified_gmt":"2025-07-25T18:30:43","slug":"bol-noix-de-coco-bleu-tortue","status":"publish","type":"product","link":"https:\/\/olemosaic.com\/fr\/produit\/bol-noix-de-coco-bleu-tortue\/","title":{"rendered":"Bol en noix de coco bleu. Tortue. Style m\u00e9diterran\u00e9en."},"content":{"rendered":"<p>Ce bol d\u00e9coratif en noix de coco est une pi\u00e8ce unique qui incarne la beaut\u00e9 de la M\u00e9diterran\u00e9e et de sa faune marine. Son design pr\u00e9sente une charmante tortue au centre, symbole de long\u00e9vit\u00e9 et de sagesse dans diverses cultures. Le bol est fabriqu\u00e9 artisanalement, ce qui garantit que chaque pi\u00e8ce est exclusive et poss\u00e8de un caract\u00e8re sp\u00e9cial. La finition brillante rehausse les tons bleus qui \u00e9voquent les eaux cristallines de la mer, tandis que le motif de taches dans diff\u00e9rentes nuances de bleu recr\u00e9e le calme et la s\u00e9r\u00e9nit\u00e9 des profondeurs marines.<\/p>\n<p>Les teintes d\u00e9licates se combinent harmonieusement pour offrir un attrait visuel qui capture l&rsquo;essence de l&rsquo;environnement maritime. Peint \u00e0 la main, ce bol n&rsquo;est pas seulement un objet d\u00e9coratif, mais un souvenir qui transporte ceux qui le voient vers les magnifiques plages et paysages de la c\u00f4te m\u00e9diterran\u00e9enne.<\/p>\n<p>Ce souvenir est une excellente option pour les touristes qui cherchent \u00e0 ramener chez eux un petit morceau des traditions authentiques de la r\u00e9gion. Chez Ol\u00e9 Mosaic, nous nous sp\u00e9cialisons dans la distribution en gros de souvenirs, offrant des produits qui c\u00e9l\u00e8brent la diversit\u00e9 culturelle et naturelle de l&rsquo;Espagne et du Portugal. Ce bol en noix de coco bleu est un ajout parfait pour les boutiques de cadeaux touristiques qui cherchent \u00e0 offrir \u00e0 leurs clients une connexion authentique avec la M\u00e9diterran\u00e9e, soulignant ainsi sa pertinence culturelle et esth\u00e9tique.<\/p>\n","protected":false},"excerpt":{"rendered":"<p>Bol d\u00e9coratif en noix de coco dans les tons bleus, avec un charmant motif de tortue au centre. Ce produit artisanal pr\u00e9sente une finition brillante et lisse, rehauss\u00e9e par un motif de taches dans diff\u00e9rents tons de bleu \u00e9voquant la mer. Peint dans un style artisanal, le bol refl\u00e8te la beaut\u00e9 de la faune marine, ce qui en fait un souvenir attrayant qui \u00e9voque les eaux cristallines des plages m\u00e9diterran\u00e9ennes. Id\u00e9al pour donner une touche exotique \u00e0 n&rsquo;importe quel espace.<\/p>\n","protected":false},"featured_media":11845,"template":"","meta":{"_acf_changed":false},"product_brand":[],"product_cat":[521],"product_tag":[530],"class_list":{"0":"post-28735","1":"product","2":"type-product","3":"status-publish","4":"has-post-thumbnail","6":"product_cat-bols","7":"product_tag-animaux","8":"pa_motivo-tortues","10":"first","11":"instock","12":"shipping-taxable","13":"product-type-simple"},"acf":[],"_links":{"self":[{"href":"https:\/\/olemosaic.com\/fr\/wp-json\/wp\/v2\/product\/28735","targetHints":{"allow":["GET"]}}],"collection":[{"href":"https:\/\/olemosaic.com\/fr\/wp-json\/wp\/v2\/product"}],"about":[{"href":"https:\/\/olemosaic.com\/fr\/wp-json\/wp\/v2\/types\/product"}],"wp:featuredmedia":[{"embeddable":true,"href":"https:\/\/olemosaic.com\/fr\/wp-json\/wp\/v2\/media\/11845"}],"wp:attachment":[{"href":"https:\/\/olemosaic.com\/fr\/wp-json\/wp\/v2\/media?parent=28735"}],"wp:term":[{"taxonomy":"product_brand","embeddable":true,"href":"https:\/\/olemosaic.com\/fr\/wp-json\/wp\/v2\/product_brand?post=28735"},{"taxonomy":"product_cat","embeddable":true,"href":"https:\/\/olemosaic.com\/fr\/wp-json\/wp\/v2\/product_cat?post=28735"},{"taxonomy":"product_tag","embeddable":true,"href":"https:\/\/olemosaic.com\/fr\/wp-json\/wp\/v2\/product_tag?post=28735"}],"curies":[{"name":"wp","href":"https:\/\/api.w.org\/{rel}","templated":true}]}}