{"id":28734,"date":"2025-02-20T23:30:20","date_gmt":"2025-02-20T22:30:20","guid":{"rendered":"http:\/\/olemosaic.com\/producto\/bol-de-coco-salamandra-menorca-2\/"},"modified":"2025-07-25T20:23:08","modified_gmt":"2025-07-25T18:23:08","slug":"bol-noix-de-coco-salamandre-minorque-fr","status":"publish","type":"product","link":"https:\/\/olemosaic.com\/fr\/produit\/bol-noix-de-coco-salamandre-minorque-fr\/","title":{"rendered":"Bol en noix de coco. Salamandre. Style m\u00e9diterran\u00e9en. Minorque."},"content":{"rendered":"<p>Ce bol d\u00e9coratif en noix de coco est une magnifique repr\u00e9sentation de l&rsquo;art et de la faune de Minorque, une destination qui fascine par sa beaut\u00e9 naturelle et son riche h\u00e9ritage culturel. \u00c9labor\u00e9 avec une attention minutieuse aux d\u00e9tails, ce bol pr\u00e9sente une mosa\u00efque vibrante qui parcourt toute sa surface, soulignant le lien avec la biodiversit\u00e9 de l&rsquo;\u00eele. Au centre se trouve une illustration d&rsquo;une salamandre, un symbole significatif de l&rsquo;environnement de Minorque, con\u00e7ue avec des tons lumineux de violet, bleu, jaune et rouge, qui donnent vie et caract\u00e8re \u00e0 la pi\u00e8ce.<\/p>\n<p>La technique de peinture \u00e0 la main donne un fini unique, o\u00f9 chaque bol est un reflet authentique du talent artisanal qui favorise l&rsquo;identit\u00e9 culturelle de Minorque. La combinaison de couleurs joyeuses \u00e9voque l&rsquo;essence vibrante de l&rsquo;\u00eele, en faisant un souvenir id\u00e9al pour ceux qui souhaitent emporter un morceau de son charme chez eux. Ce bol ne sert pas seulement d&rsquo;objet d\u00e9coratif, mais aussi de legs culturel qui invite \u00e0 la contemplation et \u00e0 la conversation.<\/p>\n<p>Chez Ol\u00e9 Mosaic, nous nous sp\u00e9cialisons dans la distribution de souvenirs en gros, offrant des produits authentiques et repr\u00e9sentatifs. Ce bol en noix de coco est une excellente option pour les boutiques de cadeaux touristiques qui cherchent \u00e0 proposer des articles uniques et de qualit\u00e9, parfaits pour les visiteurs qui souhaitent un souvenir embl\u00e9matique de leur voyage \u00e0 Minorque.<\/p>\n","protected":false},"excerpt":{"rendered":"<p>Bol d\u00e9coratif en noix de coco, inspir\u00e9 par la faune de Minorque. Ce bol \u00e9l\u00e9gant pr\u00e9sente un design vibrant avec des mosa\u00efques color\u00e9es couvrant toute sa surface, ainsi qu&rsquo;une salamandre illustr\u00e9e au centre. Peint de mani\u00e8re artisanale avec des d\u00e9tails lumineux dans les tons violet, bleu, jaune et rouge, le bol est un reflet de l&rsquo;art minorquin et un beau souvenir qui \u00e9voque le charme naturel de l&rsquo;\u00eele. Id\u00e9al pour apporter une touche distinctive \u00e0 n&rsquo;importe quel coin de la maison.<\/p>\n","protected":false},"featured_media":11954,"template":"","meta":{"_acf_changed":false},"product_brand":[],"product_cat":[521],"product_tag":[530],"class_list":{"0":"post-28734","1":"product","2":"type-product","3":"status-publish","4":"has-post-thumbnail","6":"product_cat-bols","7":"product_tag-animaux","8":"pa_ciudad-menorca","9":"pa_motivo-salamandres","10":"pa_pais-espana","12":"first","13":"instock","14":"shipping-taxable","15":"product-type-simple"},"acf":[],"_links":{"self":[{"href":"https:\/\/olemosaic.com\/fr\/wp-json\/wp\/v2\/product\/28734","targetHints":{"allow":["GET"]}}],"collection":[{"href":"https:\/\/olemosaic.com\/fr\/wp-json\/wp\/v2\/product"}],"about":[{"href":"https:\/\/olemosaic.com\/fr\/wp-json\/wp\/v2\/types\/product"}],"wp:featuredmedia":[{"embeddable":true,"href":"https:\/\/olemosaic.com\/fr\/wp-json\/wp\/v2\/media\/11954"}],"wp:attachment":[{"href":"https:\/\/olemosaic.com\/fr\/wp-json\/wp\/v2\/media?parent=28734"}],"wp:term":[{"taxonomy":"product_brand","embeddable":true,"href":"https:\/\/olemosaic.com\/fr\/wp-json\/wp\/v2\/product_brand?post=28734"},{"taxonomy":"product_cat","embeddable":true,"href":"https:\/\/olemosaic.com\/fr\/wp-json\/wp\/v2\/product_cat?post=28734"},{"taxonomy":"product_tag","embeddable":true,"href":"https:\/\/olemosaic.com\/fr\/wp-json\/wp\/v2\/product_tag?post=28734"}],"curies":[{"name":"wp","href":"https:\/\/api.w.org\/{rel}","templated":true}]}}