{"id":28732,"date":"2025-02-20T22:30:20","date_gmt":"2025-02-20T22:30:20","guid":{"rendered":"http:\/\/olemosaic.com\/producto\/bol-de-coco-caballito-de-mar-mallorca-2\/"},"modified":"2025-07-25T19:22:40","modified_gmt":"2025-07-25T17:22:40","slug":"bol-noix-de-coco-hippocampe-majorque-2","status":"publish","type":"product","link":"https:\/\/olemosaic.com\/fr\/produit\/bol-noix-de-coco-hippocampe-majorque-2\/","title":{"rendered":"Bol en noix de coco. Hippocampe. Majorque."},"content":{"rendered":"<p>Ce bol d\u00e9coratif en noix de coco est un v\u00e9ritable bijou inspir\u00e9 par la beaut\u00e9 marine de Majorque. La pi\u00e8ce pr\u00e9sente un \u00e9l\u00e9gant hippocampe \u00e0 l&rsquo;int\u00e9rieur, mis en valeur par un magnifique design en mosa\u00efque qui c\u00e9l\u00e8bre les couleurs vibrantes de la M\u00e9diterran\u00e9e. Les tons bleus, roses et dor\u00e9s s&rsquo;entrelacent avec un fond clair, cr\u00e9ant un contraste visuel qui n&rsquo;est pas seulement attrayant, mais \u00e9voque \u00e9galement la fra\u00eecheur et la joie des eaux majorquines. Fabriqu\u00e9 avec des techniques artisanales, chaque bol est unique, avec des d\u00e9tails qui soulignent son authenticit\u00e9 et son caract\u00e8re distinctif.<\/p>\n<p>Ce bol n&rsquo;est pas seulement un accessoire d\u00e9coratif, mais peut aussi \u00eatre un cadeau parfait pour ceux qui souhaitent emporter un petit morceau de Majorque. La repr\u00e9sentation de l&rsquo;hippocampe, symbole de paix et de tranquillit\u00e9, est \u00e9troitement associ\u00e9e \u00e0 l&rsquo;environnement marin de l&rsquo;\u00eele, transformant le bol en un rappel constant de la beaut\u00e9 naturelle qui entoure Majorque.<\/p>\n<p>Chez Ol\u00e9 Mosaic, nous nous sp\u00e9cialisons dans la distribution en gros de souvenirs de haute qualit\u00e9, et ce bol en noix de coco est une excellente option pour les boutiques de cadeaux touristiques qui recherchent des articles capturant l&rsquo;essence culturelle de l&rsquo;Espagne. Avec son design vibrant et sa connexion avec la tradition m\u00e9diterran\u00e9enne, ce bol est un souvenir id\u00e9al pour ceux qui recherchent l&rsquo;authenticit\u00e9 et le style dans chaque pi\u00e8ce.<\/p>\n","protected":false},"excerpt":{"rendered":"<p>Bol en noix de coco d\u00e9coratif inspir\u00e9 par la beaut\u00e9 marine de Majorque. Ce fantastique accessoire pr\u00e9sente un \u00e9l\u00e9gant hippocampe \u00e0 l&rsquo;int\u00e9rieur. La pi\u00e8ce, avec un design en mosa\u00efque, est \u00e9labor\u00e9e dans des couleurs vibrantes, comme des tons de bleu, rose et dor\u00e9, qui contrastent avec le fond clair et apportent une touche distinctive. Id\u00e9al pour la d\u00e9coration ou comme cadeau, ce bol est un hommage au charme de la M\u00e9diterran\u00e9e.<\/p>\n","protected":false},"featured_media":11820,"template":"","meta":{"_acf_changed":false},"product_brand":[],"product_cat":[521],"product_tag":[530],"class_list":{"0":"post-28732","1":"product","2":"type-product","3":"status-publish","4":"has-post-thumbnail","6":"product_cat-bols","7":"product_tag-animaux","8":"pa_ciudad-mallorca","9":"pa_motivo-hippocampes","10":"pa_pais-espana","12":"first","13":"instock","14":"shipping-taxable","15":"product-type-simple"},"acf":[],"_links":{"self":[{"href":"https:\/\/olemosaic.com\/fr\/wp-json\/wp\/v2\/product\/28732","targetHints":{"allow":["GET"]}}],"collection":[{"href":"https:\/\/olemosaic.com\/fr\/wp-json\/wp\/v2\/product"}],"about":[{"href":"https:\/\/olemosaic.com\/fr\/wp-json\/wp\/v2\/types\/product"}],"wp:featuredmedia":[{"embeddable":true,"href":"https:\/\/olemosaic.com\/fr\/wp-json\/wp\/v2\/media\/11820"}],"wp:attachment":[{"href":"https:\/\/olemosaic.com\/fr\/wp-json\/wp\/v2\/media?parent=28732"}],"wp:term":[{"taxonomy":"product_brand","embeddable":true,"href":"https:\/\/olemosaic.com\/fr\/wp-json\/wp\/v2\/product_brand?post=28732"},{"taxonomy":"product_cat","embeddable":true,"href":"https:\/\/olemosaic.com\/fr\/wp-json\/wp\/v2\/product_cat?post=28732"},{"taxonomy":"product_tag","embeddable":true,"href":"https:\/\/olemosaic.com\/fr\/wp-json\/wp\/v2\/product_tag?post=28732"}],"curies":[{"name":"wp","href":"https:\/\/api.w.org\/{rel}","templated":true}]}}