{"id":28731,"date":"2025-02-20T23:30:20","date_gmt":"2025-02-20T22:30:20","guid":{"rendered":"http:\/\/olemosaic.com\/producto\/bol-de-coco-azul-salamandra-mallorca-5\/"},"modified":"2025-07-25T19:51:40","modified_gmt":"2025-07-25T17:51:40","slug":"bol-noix-de-coco-bleu-salamandre-majorque-5","status":"publish","type":"product","link":"https:\/\/olemosaic.com\/fr\/produit\/bol-noix-de-coco-bleu-salamandre-majorque-5\/","title":{"rendered":"Bol en noix de coco bleu. Salamandre. Majorque. Bal\u00e9ares."},"content":{"rendered":"<p>Ce bol d\u00e9coratif en noix de coco dans les tons bleus est un v\u00e9ritable bijou artisanal qui capture l&rsquo;essence de Majorque et de sa merveilleuse faune. Avec un design vibrant qui se d\u00e9marque dans n&rsquo;importe quel environnement, il pr\u00e9sente en son centre une illustration d&rsquo;une salamandre, un sympathique repr\u00e9sentant de la riche biodiversit\u00e9 de l&rsquo;\u00eele. Le mot \u00ab\u00a0MAJORQUE\u00a0\u00bb, dans un ton dor\u00e9 \u00e9l\u00e9gant, souligne sa connexion avec la r\u00e9gion, en faisant le souvenir parfait pour ceux qui souhaitent emporter un petit morceau de cette belle \u00eele.<\/p>\n<p>Le bord du bol est orn\u00e9 d&rsquo;une mosa\u00efque de c\u0153urs color\u00e9s, qui apportent un air joyeux et distinctif, faisant de cet objet non seulement un r\u00e9cipient, mais aussi une pi\u00e8ce d\u00e9corative qui illumine n&rsquo;importe quel espace. Son design ne se distingue pas seulement par son esth\u00e9tique, mais il est \u00e9galement fonctionnel, id\u00e9al pour servir des ap\u00e9ritifs ou comme \u00e9l\u00e9ment d\u00e9coratif dans la maison.<\/p>\n<p>Ce bol en noix de coco repr\u00e9sente l&rsquo;authenticit\u00e9 des souvenirs majorquins, combinant art et culture en une seule pi\u00e8ce. Chez Ol\u00e9 Mosaic, nous proposons des produits qui refl\u00e8tent la richesse du patrimoine espagnol, et ce bol est une merveilleuse option pour les boutiques de cadeaux touristiques cherchant \u00e0 offrir des articles uniques et repr\u00e9sentatifs de la r\u00e9gion. En tant que grossistes de souvenirs, nous garantissons la qualit\u00e9 et la pertinence culturelle de nos produits, assurant que chaque client trouve quelque chose de sp\u00e9cial \u00e0 ramener chez lui.<\/p>\n","protected":false},"excerpt":{"rendered":"<p>Bol d\u00e9coratif en noix de coco dans les tons bleus, avec un design vibrant inspir\u00e9 par la faune de Majorque. Au centre se d\u00e9tache une salamandre illustr\u00e9e, accompagn\u00e9e du mot \u00ab\u00a0MAJORQUE\u00a0\u00bb en dor\u00e9. Son bord est orn\u00e9 d&rsquo;une mosa\u00efque de c\u0153urs color\u00e9s qui lui donnent une touche joyeuse et distinctive. Id\u00e9al comme \u00e9l\u00e9ment d\u00e9coratif ou pour servir des ap\u00e9ritifs dans n&rsquo;importe quel foyer.<\/p>\n","protected":false},"featured_media":10327,"template":"","meta":{"_acf_changed":false},"product_brand":[],"product_cat":[521],"product_tag":[530],"class_list":{"0":"post-28731","1":"product","2":"type-product","3":"status-publish","4":"has-post-thumbnail","6":"product_cat-bols","7":"product_tag-animaux","8":"pa_ciudad-mallorca","9":"pa_motivo-salamandres","10":"pa_pais-espana","12":"first","13":"instock","14":"shipping-taxable","15":"product-type-simple"},"acf":[],"_links":{"self":[{"href":"https:\/\/olemosaic.com\/fr\/wp-json\/wp\/v2\/product\/28731","targetHints":{"allow":["GET"]}}],"collection":[{"href":"https:\/\/olemosaic.com\/fr\/wp-json\/wp\/v2\/product"}],"about":[{"href":"https:\/\/olemosaic.com\/fr\/wp-json\/wp\/v2\/types\/product"}],"wp:featuredmedia":[{"embeddable":true,"href":"https:\/\/olemosaic.com\/fr\/wp-json\/wp\/v2\/media\/10327"}],"wp:attachment":[{"href":"https:\/\/olemosaic.com\/fr\/wp-json\/wp\/v2\/media?parent=28731"}],"wp:term":[{"taxonomy":"product_brand","embeddable":true,"href":"https:\/\/olemosaic.com\/fr\/wp-json\/wp\/v2\/product_brand?post=28731"},{"taxonomy":"product_cat","embeddable":true,"href":"https:\/\/olemosaic.com\/fr\/wp-json\/wp\/v2\/product_cat?post=28731"},{"taxonomy":"product_tag","embeddable":true,"href":"https:\/\/olemosaic.com\/fr\/wp-json\/wp\/v2\/product_tag?post=28731"}],"curies":[{"name":"wp","href":"https:\/\/api.w.org\/{rel}","templated":true}]}}