{"id":28729,"date":"2025-02-20T23:30:20","date_gmt":"2025-02-20T22:30:20","guid":{"rendered":"http:\/\/olemosaic.com\/producto\/bol-de-coco-azul-salamandra-mallorca-4\/"},"modified":"2025-07-25T20:04:59","modified_gmt":"2025-07-25T18:04:59","slug":"bol-noix-de-coco-bleu-salamandre-majorque-4","status":"publish","type":"product","link":"https:\/\/olemosaic.com\/fr\/produit\/bol-noix-de-coco-bleu-salamandre-majorque-4\/","title":{"rendered":"Bol en noix de coco bleu. Salamandre. Style m\u00e9diterran\u00e9en. Majorque."},"content":{"rendered":"<p>Ce bol d\u00e9coratif en noix de coco bleu est un v\u00e9ritable chef-d&rsquo;\u0153uvre inspir\u00e9 par la beaut\u00e9 naturelle de Majorque. Fabriqu\u00e9 \u00e0 la main, ce bol \u00e9l\u00e9gant pr\u00e9sente un design peint \u00e0 la main qui combine une base aux tons bleus vibrants avec un motif dor\u00e9 complexe, cr\u00e9ant une pi\u00e8ce qui attirera tous les regards. Au centre, se d\u00e9tache une figure de salamandre, symbole caract\u00e9ristique de la faune bal\u00e9are, qui d\u00e9gage un esprit exotique et vibrant. Le mot \u00ab\u00a0MAJORQUE\u00a0\u00bb est \u00e9l\u00e9gamment int\u00e9gr\u00e9 dans la d\u00e9coration, soulignant sa connexion directe avec cette charmante \u00eele m\u00e9diterran\u00e9enne.<\/p>\n<p>Ce bol n&rsquo;est pas seulement un r\u00e9cipient d\u00e9coratif, mais devient un souvenir significatif qui capture l&rsquo;essence de Majorque, c\u00e9l\u00e9brant sa riche culture et son impressionnante biodiversit\u00e9. C&rsquo;est un excellent choix pour ceux qui recherchent des souvenirs authentiques et repr\u00e9sentatifs de leur exp\u00e9rience aux \u00eeles Bal\u00e9ares. Chez Ol\u00e9 Mosaic, nous nous consacrons \u00e0 la distribution de souvenirs en gros, proposant des articles comme ce bol qui non seulement embellissent n&rsquo;importe quel espace, mais racontent aussi des histoires de lieux m\u00e9morables. Parfait pour les boutiques de cadeaux touristiques souhaitant offrir des produits de qualit\u00e9 et de pertinence culturelle, ce bol en noix de coco bleu est le choix id\u00e9al pour ceux qui souhaitent ramener un morceau de Majorque chez eux.<\/p>\n","protected":false},"excerpt":{"rendered":"<p>Bol d\u00e9coratif en noix de coco bleu, en forme de salamandre et \u00e9voquant la beaut\u00e9 de Majorque. Ce bol \u00e9l\u00e9gant, fabriqu\u00e9 \u00e0 la main, pr\u00e9sente un design artisanal peint \u00e0 la main, combinant une base dans les tons bleus avec un motif dor\u00e9 complexe. Au centre, se d\u00e9tache la figure d&rsquo;une salamandre, accompagn\u00e9e du mot \u00ab\u00a0MAJORQUE\u00a0\u00bb. Id\u00e9al pour ajouter une touche exotique \u00e0 n&rsquo;importe quel coin de votre maison.<\/p>\n","protected":false},"featured_media":10115,"template":"","meta":{"_acf_changed":false},"product_brand":[],"product_cat":[521],"product_tag":[530],"class_list":{"0":"post-28729","1":"product","2":"type-product","3":"status-publish","4":"has-post-thumbnail","6":"product_cat-bols","7":"product_tag-animaux","8":"pa_ciudad-mallorca","9":"pa_motivo-salamandres","10":"pa_pais-espana","12":"first","13":"instock","14":"shipping-taxable","15":"product-type-simple"},"acf":[],"_links":{"self":[{"href":"https:\/\/olemosaic.com\/fr\/wp-json\/wp\/v2\/product\/28729","targetHints":{"allow":["GET"]}}],"collection":[{"href":"https:\/\/olemosaic.com\/fr\/wp-json\/wp\/v2\/product"}],"about":[{"href":"https:\/\/olemosaic.com\/fr\/wp-json\/wp\/v2\/types\/product"}],"wp:featuredmedia":[{"embeddable":true,"href":"https:\/\/olemosaic.com\/fr\/wp-json\/wp\/v2\/media\/10115"}],"wp:attachment":[{"href":"https:\/\/olemosaic.com\/fr\/wp-json\/wp\/v2\/media?parent=28729"}],"wp:term":[{"taxonomy":"product_brand","embeddable":true,"href":"https:\/\/olemosaic.com\/fr\/wp-json\/wp\/v2\/product_brand?post=28729"},{"taxonomy":"product_cat","embeddable":true,"href":"https:\/\/olemosaic.com\/fr\/wp-json\/wp\/v2\/product_cat?post=28729"},{"taxonomy":"product_tag","embeddable":true,"href":"https:\/\/olemosaic.com\/fr\/wp-json\/wp\/v2\/product_tag?post=28729"}],"curies":[{"name":"wp","href":"https:\/\/api.w.org\/{rel}","templated":true}]}}