{"id":28711,"date":"2025-02-20T23:30:18","date_gmt":"2025-02-20T22:30:18","guid":{"rendered":"http:\/\/olemosaic.com\/producto\/bol-de-coco-con-flores-delfin-mallorca\/"},"modified":"2025-07-25T20:16:37","modified_gmt":"2025-07-25T18:16:37","slug":"bol-noix-de-coco-fleurs-dauphin-majorque","status":"publish","type":"product","link":"https:\/\/olemosaic.com\/fr\/produit\/bol-noix-de-coco-fleurs-dauphin-majorque\/","title":{"rendered":"Bol en noix de coco avec fleurs. Dauphin. Majorque."},"content":{"rendered":"<p>Ce bol en noix de coco d\u00e9cor\u00e9 est une pi\u00e8ce unique qui capture l&rsquo;essence vibrante de Majorque, devenant le souvenir parfait pour ceux qui souhaitent emporter un morceau du folklore bal\u00e9are. Sa base, \u00e9labor\u00e9e avec de la v\u00e9ritable noix de coco, semble \u00eatre peinte \u00e0 la main avec un design attrayant comprenant des motifs floraux en bleu, rouge et jaune, cr\u00e9ant un contraste captivant avec le fond clair. Au centre, un \u00e9l\u00e9gant dauphin, symbole de la vie marine qui entoure l&rsquo;\u00eele, ajoute une touche de fra\u00eecheur et d&rsquo;authenticit\u00e9 qui r\u00e9sonne aupr\u00e8s des visiteurs de Majorque.<\/p>\n<p>Les fleurs, m\u00e9ticuleusement travaill\u00e9es, ne repr\u00e9sentent pas seulement la flore typique de l&rsquo;\u00eele, mais \u00e9voquent \u00e9galement l&rsquo;ambiance festive et joyeuse qui caract\u00e9rise les \u00eeles Bal\u00e9ares. Ce bol n&rsquo;est pas seulement un objet d\u00e9coratif ; c&rsquo;est un rappel tangible de moments sp\u00e9ciaux \u00e0 la plage, de repas en plein air et de la chaleur du climat m\u00e9diterran\u00e9en. L&rsquo;\u00e9l\u00e9gance de ce souvenir est compl\u00e9t\u00e9e par la personnalit\u00e9 artisanale de sa fabrication, garantissant que chaque pi\u00e8ce soit v\u00e9ritablement unique.<\/p>\n<p>Chez Ol\u00e9 Mosaic, nous proposons ce bol en noix de coco dans le cadre de notre s\u00e9lection de souvenirs de qualit\u00e9, id\u00e9al pour les boutiques de cadeaux touristiques qui recherchent des produits authentiques et repr\u00e9sentatifs. Ce bol de fleurs et dauphin n&#8217;embellira pas seulement n&rsquo;importe quel espace, mais servira \u00e9galement de sujet de conversation charmant sur la riche culture et la tradition de Majorque.<\/p>\n","protected":false},"excerpt":{"rendered":"<p>Bol en noix de coco d\u00e9cor\u00e9 d&rsquo;un design floral vibrant et d&rsquo;un dauphin, \u00e9voquant l&rsquo;essence de Majorque. Ce bol attrayant en noix de coco, avec une finition au design artisanal peint \u00e0 la main, pr\u00e9sente des motifs floraux en bleu, rouge et jaune, et un dauphin au centre. Id\u00e9al pour ajouter une touche insulaire \u00e0 n&rsquo;importe quel espace, c&rsquo;est un souvenir parfait qui capture la joie et le folklore des \u00eeles Bal\u00e9ares.<\/p>\n","protected":false},"featured_media":10356,"template":"","meta":{"_acf_changed":false},"product_brand":[],"product_cat":[521],"product_tag":[530],"class_list":{"0":"post-28711","1":"product","2":"type-product","3":"status-publish","4":"has-post-thumbnail","6":"product_cat-bols","7":"product_tag-animaux","8":"pa_ciudad-mallorca","9":"pa_motivo-dauphins","10":"pa_pais-espana","12":"first","13":"instock","14":"shipping-taxable","15":"product-type-simple"},"acf":[],"_links":{"self":[{"href":"https:\/\/olemosaic.com\/fr\/wp-json\/wp\/v2\/product\/28711","targetHints":{"allow":["GET"]}}],"collection":[{"href":"https:\/\/olemosaic.com\/fr\/wp-json\/wp\/v2\/product"}],"about":[{"href":"https:\/\/olemosaic.com\/fr\/wp-json\/wp\/v2\/types\/product"}],"wp:featuredmedia":[{"embeddable":true,"href":"https:\/\/olemosaic.com\/fr\/wp-json\/wp\/v2\/media\/10356"}],"wp:attachment":[{"href":"https:\/\/olemosaic.com\/fr\/wp-json\/wp\/v2\/media?parent=28711"}],"wp:term":[{"taxonomy":"product_brand","embeddable":true,"href":"https:\/\/olemosaic.com\/fr\/wp-json\/wp\/v2\/product_brand?post=28711"},{"taxonomy":"product_cat","embeddable":true,"href":"https:\/\/olemosaic.com\/fr\/wp-json\/wp\/v2\/product_cat?post=28711"},{"taxonomy":"product_tag","embeddable":true,"href":"https:\/\/olemosaic.com\/fr\/wp-json\/wp\/v2\/product_tag?post=28711"}],"curies":[{"name":"wp","href":"https:\/\/api.w.org\/{rel}","templated":true}]}}