{"id":28710,"date":"2025-02-20T22:30:18","date_gmt":"2025-02-20T22:30:18","guid":{"rendered":"http:\/\/olemosaic.com\/producto\/bol-de-coco-delfin-lanzarote\/"},"modified":"2025-07-25T18:59:18","modified_gmt":"2025-07-25T16:59:18","slug":"bol-noix-de-coco-dauphin-lanzarote","status":"publish","type":"product","link":"https:\/\/olemosaic.com\/fr\/produit\/bol-noix-de-coco-dauphin-lanzarote\/","title":{"rendered":"Bol en noix de coco. Dauphin. Lanzarote."},"content":{"rendered":"<p>Ce bol en noix de coco d\u00e9cor\u00e9 est une pi\u00e8ce exceptionnelle qui capture l&rsquo;essence vibrante de Lanzarote, une destination connue pour sa nature \u00e9blouissante et sa riche faune marine. \u00c9labor\u00e9 \u00e0 partir d&rsquo;une base de noix de coco naturelle, ce bol est non seulement esth\u00e9tiquement attrayant, mais aussi respectueux de l&rsquo;environnement, ce qui lui conf\u00e8re un caract\u00e8re singulier. La d\u00e9coration, r\u00e9alis\u00e9e avec des pi\u00e8ces de verre d&rsquo;une large gamme chromatique, cr\u00e9e une mosa\u00efque qui \u00e9voque les eaux cristallines et les paysages volcaniques de l&rsquo;\u00eele.<\/p>\n<p>Au centre du bol, la silhouette d&rsquo;un dauphin \u00e9merge avec \u00e9l\u00e9gance, symbolisant la faune locale et rappelant aux touristes la beaut\u00e9 de l&rsquo;environnement marin qui entoure Lanzarote. De plus, le mot \u00ab\u00a0Lanzarote\u00a0\u00bb s&rsquo;entrelace de mani\u00e8re harmonieuse dans le design, apportant une touche authentique qui transforme ce bol en un souvenir parfait pour ceux qui souhaitent emporter un morceau de cette \u00eele merveilleuse.<\/p>\n<p>Id\u00e9al pour d\u00e9corer n&rsquo;importe quel environnement, ce bol en noix de coco n&rsquo;est pas seulement un article fonctionnel, mais aussi un souvenir m\u00e9morable qui refl\u00e8te la culture et le patrimoine naturel de Lanzarote. Chez Ol\u00e9 Mosaic, en tant que distributeurs de souvenirs en gros, nous proposons des produits qui se distinguent par leur qualit\u00e9 et leur authenticit\u00e9, faisant de ce bol un excellent choix pour les boutiques de cadeaux touristiques qui recherchent des articles repr\u00e9sentant la diversit\u00e9 et le charme de l&rsquo;Espagne. Avec son attrait visuel et sa pertinence culturelle, ce bol en noix de coco est, sans aucun doute, un cadeau unique qui ravira tout le monde.<\/p>\n","protected":false},"excerpt":{"rendered":"<p>Bol en noix de coco d\u00e9cor\u00e9 d&rsquo;une mosa\u00efque de couleurs vibrantes, inspir\u00e9 par la beaut\u00e9 naturelle de Lanzarote. Ce bol attrayant pr\u00e9sente une base en noix de coco orn\u00e9e de pi\u00e8ces de verre de diverses tonalit\u00e9s formant un design joyeux et lumineux. Au centre, la silhouette d&rsquo;un dauphin se d\u00e9tache, symbolisant la faune locale, ainsi que le texte \u00ab\u00a0Lanzarote\u00a0\u00bb. Un article id\u00e9al pour ajouter une touche de fra\u00eecheur et de couleur \u00e0 n&rsquo;importe quel environnement.<\/p>\n","protected":false},"featured_media":11976,"template":"","meta":{"_acf_changed":false},"product_brand":[],"product_cat":[521],"product_tag":[530],"class_list":{"0":"post-28710","1":"product","2":"type-product","3":"status-publish","4":"has-post-thumbnail","6":"product_cat-bols","7":"product_tag-animaux","8":"pa_ciudad-lanzarote","9":"pa_motivo-dauphins","10":"pa_pais-espana","12":"first","13":"instock","14":"shipping-taxable","15":"product-type-simple"},"acf":[],"_links":{"self":[{"href":"https:\/\/olemosaic.com\/fr\/wp-json\/wp\/v2\/product\/28710","targetHints":{"allow":["GET"]}}],"collection":[{"href":"https:\/\/olemosaic.com\/fr\/wp-json\/wp\/v2\/product"}],"about":[{"href":"https:\/\/olemosaic.com\/fr\/wp-json\/wp\/v2\/types\/product"}],"wp:featuredmedia":[{"embeddable":true,"href":"https:\/\/olemosaic.com\/fr\/wp-json\/wp\/v2\/media\/11976"}],"wp:attachment":[{"href":"https:\/\/olemosaic.com\/fr\/wp-json\/wp\/v2\/media?parent=28710"}],"wp:term":[{"taxonomy":"product_brand","embeddable":true,"href":"https:\/\/olemosaic.com\/fr\/wp-json\/wp\/v2\/product_brand?post=28710"},{"taxonomy":"product_cat","embeddable":true,"href":"https:\/\/olemosaic.com\/fr\/wp-json\/wp\/v2\/product_cat?post=28710"},{"taxonomy":"product_tag","embeddable":true,"href":"https:\/\/olemosaic.com\/fr\/wp-json\/wp\/v2\/product_tag?post=28710"}],"curies":[{"name":"wp","href":"https:\/\/api.w.org\/{rel}","templated":true}]}}