{"id":28703,"date":"2025-02-20T23:30:18","date_gmt":"2025-02-20T22:30:18","guid":{"rendered":"http:\/\/olemosaic.com\/producto\/bol-de-coco-de-corazones-sagrada-familia-barcelona\/"},"modified":"2025-07-25T19:23:07","modified_gmt":"2025-07-25T17:23:07","slug":"bol-en-noix-de-coco-avec-coeurs-sagrada-familia-barcelone","status":"publish","type":"product","link":"https:\/\/olemosaic.com\/fr\/produit\/bol-en-noix-de-coco-avec-coeurs-sagrada-familia-barcelone\/","title":{"rendered":"Bol en noix de coco avec c\u0153urs. Sagrada Familia. Barcelone."},"content":{"rendered":"<p>Ce bol en noix de coco d\u00e9cor\u00e9 est une pi\u00e8ce embl\u00e9matique qui capture l&rsquo;essence de Barcelone, gr\u00e2ce \u00e0 son design vibrant rempli de c\u0153urs. Avec une mosa\u00efque \u00e9labor\u00e9e de mani\u00e8re artisanale, ce bol exquis pr\u00e9sente une combinaison de tons color\u00e9s bleus, oranges et blancs, cr\u00e9ant un effet visuel attrayant qui se d\u00e9marque dans n&rsquo;importe quel espace. Au centre se trouve la silhouette stylis\u00e9e de la Sagrada Familia, entour\u00e9e du mot \u00ab\u00a0Barcelona\u00a0\u00bb, un rappel parfait du riche h\u00e9ritage culturel de la ville. Ce bol n&rsquo;a pas seulement une fonction d\u00e9corative, il est \u00e9galement id\u00e9al pour un usage quotidien, apportant une touche d&rsquo;authenticit\u00e9 et de charme \u00e0 la table.<\/p>\n<p>La Sagrada Familia, con\u00e7ue par le c\u00e9l\u00e8bre architecte Antoni Gaud\u00ed, est un symbole iconique de Barcelone et repr\u00e9sente la fusion de l&rsquo;art et de l&rsquo;architecture catalane. Ce bol est un magnifique souvenir qui refl\u00e8te la cr\u00e9ativit\u00e9 et l&rsquo;esprit vibrant de la ville. Chez Ol\u00e9 Mosaic, nous nous consacrons \u00e0 la distribution de souvenirs en gros, et ce bol en noix de coco est une option exceptionnelle pour les boutiques de cadeaux touristiques cherchant \u00e0 offrir des produits authentiques et de qualit\u00e9. La fusion du design contemporain et de la tradition artisanale fait de ce bol un souvenir unique et significatif, parfait pour ceux qui souhaitent emporter un morceau de Barcelone chez eux et partager son charme.<\/p>\n","protected":false},"excerpt":{"rendered":"<p>Bol en noix de coco d\u00e9cor\u00e9 d&rsquo;un motif color\u00e9 de c\u0153urs, inspir\u00e9 de l&#8217;embl\u00e9matique Sagrada Familia de Barcelone. Ce bol exquis pr\u00e9sente une mosa\u00efque artisanale r\u00e9alis\u00e9e avec des pi\u00e8ces de noix de coco dans des tons bleus, oranges et blancs, cr\u00e9ant un effet vibrant et attrayant. Au centre, la silhouette de la Sagrada Familia se d\u00e9tache, accompagn\u00e9e du texte \u00ab\u00a0Barcelona\u00a0\u00bb, offrant une touche authentique et culturelle, ravivant l&rsquo;essence de la ville. Id\u00e9al comme \u00e9l\u00e9ment d\u00e9coratif ou pour un usage quotidien.<\/p>\n","protected":false},"featured_media":13492,"template":"","meta":{"_acf_changed":false},"product_brand":[],"product_cat":[521],"product_tag":[],"class_list":{"0":"post-28703","1":"product","2":"type-product","3":"status-publish","4":"has-post-thumbnail","6":"product_cat-bols","7":"pa_ciudad-barcelona","8":"pa_motivo-sagrada-familia","9":"pa_pais-espana","11":"first","12":"instock","13":"shipping-taxable","14":"product-type-simple"},"acf":[],"_links":{"self":[{"href":"https:\/\/olemosaic.com\/fr\/wp-json\/wp\/v2\/product\/28703","targetHints":{"allow":["GET"]}}],"collection":[{"href":"https:\/\/olemosaic.com\/fr\/wp-json\/wp\/v2\/product"}],"about":[{"href":"https:\/\/olemosaic.com\/fr\/wp-json\/wp\/v2\/types\/product"}],"wp:featuredmedia":[{"embeddable":true,"href":"https:\/\/olemosaic.com\/fr\/wp-json\/wp\/v2\/media\/13492"}],"wp:attachment":[{"href":"https:\/\/olemosaic.com\/fr\/wp-json\/wp\/v2\/media?parent=28703"}],"wp:term":[{"taxonomy":"product_brand","embeddable":true,"href":"https:\/\/olemosaic.com\/fr\/wp-json\/wp\/v2\/product_brand?post=28703"},{"taxonomy":"product_cat","embeddable":true,"href":"https:\/\/olemosaic.com\/fr\/wp-json\/wp\/v2\/product_cat?post=28703"},{"taxonomy":"product_tag","embeddable":true,"href":"https:\/\/olemosaic.com\/fr\/wp-json\/wp\/v2\/product_tag?post=28703"}],"curies":[{"name":"wp","href":"https:\/\/api.w.org\/{rel}","templated":true}]}}