{"id":28700,"date":"2025-02-20T22:30:18","date_gmt":"2025-02-20T22:30:18","guid":{"rendered":"http:\/\/olemosaic.com\/producto\/bol-de-coco-de-corazones-salamandra-tenerife\/"},"modified":"2025-07-25T18:55:04","modified_gmt":"2025-07-25T16:55:04","slug":"bol-en-noix-de-coco-avec-coeurs-salamandre-tenerife","status":"publish","type":"product","link":"https:\/\/olemosaic.com\/fr\/produit\/bol-en-noix-de-coco-avec-coeurs-salamandre-tenerife\/","title":{"rendered":"Bol en noix de coco avec c\u0153urs. Salamandre. Tenerife."},"content":{"rendered":"<p>Ce bol en noix de coco d\u00e9cor\u00e9, une pi\u00e8ce artisanale qui \u00e9voque la riche culture et la beaut\u00e9 naturelle de Tenerife, est fabriqu\u00e9 \u00e0 partir de la coque de la noix de coco. C&rsquo;est un exemple impressionnant d&rsquo;artisanat local qui se distingue par l&rsquo;utilisation de techniques de mosa\u00efque pour cr\u00e9er une finition brillante et color\u00e9e. La surface du bol est orn\u00e9e d&rsquo;une vari\u00e9t\u00e9 vibrante de c\u0153urs dans des tons bleus, marron et beige, qui se combinent harmonieusement pour transmettre une sensation de chaleur et de joie.<\/p>\n<p>Au centre du bol, le mot \u00ab\u00a0Tenerife\u00a0\u00bb dans un ton clair est entour\u00e9 de deux salamandres stylis\u00e9es qui symbolisent la faune unique de l&rsquo;\u00eele. Les salamandres sont dispos\u00e9es de mani\u00e8re \u00e0 souligner leur design dynamique, captant l&rsquo;attention de tout spectateur. Ce bol ne sert pas seulement de r\u00e9cipient d\u00e9coratif, mais aussi de magnifique souvenir de l&rsquo;essence de Tenerife, parfait tant pour un usage pratique que pour l&rsquo;exposition.<\/p>\n<p>Ol\u00e9 Mosaic est fier de proposer des souvenirs authentiques qui c\u00e9l\u00e8brent la culture locale. Ce bol en noix de coco est une excellente option pour les touristes \u00e0 la recherche de souvenirs repr\u00e9sentatifs de leur visite, ce qui en fait un produit attrayant pour les boutiques de cadeaux touristiques. Avec sa touche d&rsquo;exclusivit\u00e9 et sa connexion culturelle, ce bol est un cadeau id\u00e9al qui perp\u00e9tuera la m\u00e9moire de Tenerife dans le c\u0153ur de ceux qui l&rsquo;acqui\u00e8rent. Si vous recherchez des produits de qualit\u00e9 et de pertinence culturelle, nos bols en noix de coco sont une option exceptionnelle sur le march\u00e9 des souvenirs.<\/p>\n","protected":false},"excerpt":{"rendered":"<p>Bol en noix de coco d\u00e9cor\u00e9 de dessins de salamandres et de c\u0153urs, \u00e9voquant l&rsquo;essence de Tenerife. Ce produit artisanal se distingue par sa structure en noix de coco et l&rsquo;utilisation de techniques de mosa\u00efque, qui apportent un \u00e9clat sp\u00e9cial aux couleurs bleu, marron et beige ornant sa surface. Au centre, on peut appr\u00e9cier le mot \u00ab\u00a0Tenerife\u00a0\u00bb dans un ton clair, entour\u00e9 de salamandres stylis\u00e9es, cr\u00e9ant une pi\u00e8ce unique, parfaite comme souvenir ou \u00e9l\u00e9ment d\u00e9coratif.<\/p>\n","protected":false},"featured_media":10337,"template":"","meta":{"_acf_changed":false},"product_brand":[],"product_cat":[521],"product_tag":[530],"class_list":{"0":"post-28700","1":"product","2":"type-product","3":"status-publish","4":"has-post-thumbnail","6":"product_cat-bols","7":"product_tag-animaux","8":"pa_ciudad-tenerife","9":"pa_motivo-salamandres","10":"pa_pais-espana","12":"first","13":"instock","14":"shipping-taxable","15":"product-type-simple"},"acf":[],"_links":{"self":[{"href":"https:\/\/olemosaic.com\/fr\/wp-json\/wp\/v2\/product\/28700","targetHints":{"allow":["GET"]}}],"collection":[{"href":"https:\/\/olemosaic.com\/fr\/wp-json\/wp\/v2\/product"}],"about":[{"href":"https:\/\/olemosaic.com\/fr\/wp-json\/wp\/v2\/types\/product"}],"wp:featuredmedia":[{"embeddable":true,"href":"https:\/\/olemosaic.com\/fr\/wp-json\/wp\/v2\/media\/10337"}],"wp:attachment":[{"href":"https:\/\/olemosaic.com\/fr\/wp-json\/wp\/v2\/media?parent=28700"}],"wp:term":[{"taxonomy":"product_brand","embeddable":true,"href":"https:\/\/olemosaic.com\/fr\/wp-json\/wp\/v2\/product_brand?post=28700"},{"taxonomy":"product_cat","embeddable":true,"href":"https:\/\/olemosaic.com\/fr\/wp-json\/wp\/v2\/product_cat?post=28700"},{"taxonomy":"product_tag","embeddable":true,"href":"https:\/\/olemosaic.com\/fr\/wp-json\/wp\/v2\/product_tag?post=28700"}],"curies":[{"name":"wp","href":"https:\/\/api.w.org\/{rel}","templated":true}]}}