{"id":28699,"date":"2025-02-20T22:30:18","date_gmt":"2025-02-20T22:30:18","guid":{"rendered":"http:\/\/olemosaic.com\/producto\/bol-de-coco-con-flores-caballito-de-mar-gran-canaria\/"},"modified":"2025-07-25T18:56:46","modified_gmt":"2025-07-25T16:56:46","slug":"bol-en-noix-de-coco-avec-fleurs-hippocampe-grande-canarie","status":"publish","type":"product","link":"https:\/\/olemosaic.com\/fr\/produit\/bol-en-noix-de-coco-avec-fleurs-hippocampe-grande-canarie\/","title":{"rendered":"Bol en noix de coco avec fleurs. Hippocampe. Grande Canarie."},"content":{"rendered":"<p>Ce bol en noix de coco d\u00e9cor\u00e9 est une pi\u00e8ce artisanale qui capture l&rsquo;essence vibrante de la Grande Canarie, fusionnant beaut\u00e9 et fonctionnalit\u00e9 en un seul objet. Avec un design exquis pr\u00e9sentant un hippocampe au centre, cette pi\u00e8ce se distingue par sa finition en c\u00e9ramique et ses couleurs vives sous forme de mosa\u00efque. Les tons jaunes, bleus et rouges qui ornent le bol ajoutent une touche joyeuse et fra\u00eeche, \u00e9voquant la richesse naturelle et la flore de l&rsquo;\u00eele. Chaque d\u00e9tail, des fleurs esquiss\u00e9es \u00e0 l&rsquo;\u00e9l\u00e9gant hippocampe, est soigneusement peint \u00e0 la main, ce qui fait de ce bol un authentique souvenir de la Grande Canarie.<\/p>\n<p>Ce bol, avec son design distinctif en mosa\u00efque et sa connexion avec la mer et la culture canarienne, est plus qu&rsquo;un simple objet d\u00e9coratif ; c&rsquo;est une repr\u00e9sentation de la tradition artistique de la r\u00e9gion. Id\u00e9al pour servir des ap\u00e9ritifs ou comme pi\u00e8ce d\u00e9corative, son authenticit\u00e9 et son caract\u00e8re culturel en font un cadeau parfait pour ceux qui souhaitent emporter un petit morceau de la Grande Canarie chez eux. Chez Ol\u00e9 Mosaic, nous sommes des distributeurs de souvenirs en gros, et ce bol en noix de coco est une excellente option pour les boutiques de cadeaux touristiques \u00e0 la recherche de produits authentiques et de qualit\u00e9. Sa pertinence culturelle en tant que souvenir de la Grande Canarie le rend indispensable pour les visiteurs qui souhaitent se souvenir de leur exp\u00e9rience sur cette \u00eele magnifique.<\/p>\n","protected":false},"excerpt":{"rendered":"<p>Bol en noix de coco d\u00e9cor\u00e9 d&rsquo;un motif floral vibrant et d&rsquo;un hippocampe, \u00e9voquant le charme de la Grande Canarie. Cet article artisanal combine la finition c\u00e9ramique avec des \u00e9l\u00e9ments color\u00e9s en forme de mosa\u00efque, mettant en valeur les tons jaunes, bleus et rouges qui lui donnent une touche joyeuse. L&rsquo;hippocampe, peint avec des d\u00e9tails marron, occupe le centre, faisant de ce bol un souvenir attrayant ou une pi\u00e8ce d\u00e9corative id\u00e9ale pour n&rsquo;importe quel foyer.<\/p>\n","protected":false},"featured_media":10348,"template":"","meta":{"_acf_changed":false},"product_brand":[],"product_cat":[521],"product_tag":[530],"class_list":{"0":"post-28699","1":"product","2":"type-product","3":"status-publish","4":"has-post-thumbnail","6":"product_cat-bols","7":"product_tag-animaux","8":"pa_ciudad-gran-canaria","9":"pa_motivo-hippocampes","10":"pa_pais-espana","12":"first","13":"instock","14":"shipping-taxable","15":"product-type-simple"},"acf":[],"_links":{"self":[{"href":"https:\/\/olemosaic.com\/fr\/wp-json\/wp\/v2\/product\/28699","targetHints":{"allow":["GET"]}}],"collection":[{"href":"https:\/\/olemosaic.com\/fr\/wp-json\/wp\/v2\/product"}],"about":[{"href":"https:\/\/olemosaic.com\/fr\/wp-json\/wp\/v2\/types\/product"}],"wp:featuredmedia":[{"embeddable":true,"href":"https:\/\/olemosaic.com\/fr\/wp-json\/wp\/v2\/media\/10348"}],"wp:attachment":[{"href":"https:\/\/olemosaic.com\/fr\/wp-json\/wp\/v2\/media?parent=28699"}],"wp:term":[{"taxonomy":"product_brand","embeddable":true,"href":"https:\/\/olemosaic.com\/fr\/wp-json\/wp\/v2\/product_brand?post=28699"},{"taxonomy":"product_cat","embeddable":true,"href":"https:\/\/olemosaic.com\/fr\/wp-json\/wp\/v2\/product_cat?post=28699"},{"taxonomy":"product_tag","embeddable":true,"href":"https:\/\/olemosaic.com\/fr\/wp-json\/wp\/v2\/product_tag?post=28699"}],"curies":[{"name":"wp","href":"https:\/\/api.w.org\/{rel}","templated":true}]}}