{"id":28673,"date":"2025-02-20T23:30:17","date_gmt":"2025-02-20T22:30:17","guid":{"rendered":"http:\/\/olemosaic.com\/producto\/bol-de-coco-con-flores-caballito-de-mar-barcelona\/"},"modified":"2025-07-25T19:25:18","modified_gmt":"2025-07-25T17:25:18","slug":"bol-noix-de-coco-fleurs-hippocampe-barcelone","status":"publish","type":"product","link":"https:\/\/olemosaic.com\/fr\/produit\/bol-noix-de-coco-fleurs-hippocampe-barcelone\/","title":{"rendered":"Bol en noix de coco avec fleurs. Hippocampe. Barcelone."},"content":{"rendered":"<p>Ce bol en noix de coco d\u00e9cor\u00e9 est une pi\u00e8ce artisanale qui capture l&rsquo;essence de Barcelone gr\u00e2ce \u00e0 son design vibrant et sa fabrication d\u00e9licate. Il pr\u00e9sente un hippocampe au centre, symbole iconique de la culture maritime de la ville, entour\u00e9 d&rsquo;une mosa\u00efque color\u00e9e de fleurs dans des tons bleus, rouges et jaunes qui \u00e9voquent l&rsquo;\u0153uvre c\u00e9l\u00e8bre de Gaud\u00ed et l&rsquo;esth\u00e9tique moderniste caract\u00e9risant la capitale catalane. Le fond clair fait ressortir la gravure \u00ab\u00a0Barcelone\u00a0\u00bb, ajoutant une touche d&rsquo;authenticit\u00e9 et un rappel du riche h\u00e9ritage culturel qu&rsquo;offre cette m\u00e9tropole.<\/p>\n<p>Chaque bol est peint \u00e0 la main, ce qui garantit que chaque pi\u00e8ce est unique et sp\u00e9ciale, parfaite aussi bien pour un usage quotidien que pour servir d&rsquo;objet d\u00e9coratif dans la maison. Son design color\u00e9 et joyeux est id\u00e9al pour ceux qui recherchent des souvenirs de Barcelone sortant de l&rsquo;ordinaire, alliant fonctionnalit\u00e9 et art.<\/p>\n<p>Chez Ol\u00e9 Mosaic, nous sommes fiers de proposer des souvenirs authentiques repr\u00e9sentant la diversit\u00e9 et la beaut\u00e9 de l&rsquo;Espagne. Ce bol en noix de coco est une excellente option pour les boutiques de cadeaux touristiques souhaitant offrir \u00e0 leurs clients des souvenirs significatifs et de qualit\u00e9. En tant que grossistes de souvenirs, nous garantissons que chaque pi\u00e8ce refl\u00e8te l&rsquo;esprit et la culture de son origine, faisant de ce bol un merveilleux ajout \u00e0 toute collection de souvenirs de Barcelone.<\/p>\n","protected":false},"excerpt":{"rendered":"<p>Bol en noix de coco d\u00e9cor\u00e9 de motifs floraux, inspir\u00e9 de l&rsquo;esth\u00e9tique de Barcelone. Ce magnifique bol pr\u00e9sente un design artisanal, peint \u00e0 la main, avec un hippocampe au centre, entour\u00e9 d&rsquo;une mosa\u00efque color\u00e9e de fleurs dans des tons bleus, rouges et jaunes. Le fond clair fait ressortir l&rsquo;inscription \u00ab\u00a0Barcelone\u00a0\u00bb, en faisant une pi\u00e8ce unique et repr\u00e9sentative de la culture catalane. Id\u00e9al comme \u00e9l\u00e9ment d\u00e9coratif ou comme ustensile pratique.<\/p>\n","protected":false},"featured_media":10352,"template":"","meta":{"_acf_changed":false},"product_brand":[],"product_cat":[521],"product_tag":[530],"class_list":{"0":"post-28673","1":"product","2":"type-product","3":"status-publish","4":"has-post-thumbnail","6":"product_cat-bols","7":"product_tag-animaux","8":"pa_ciudad-barcelona","9":"pa_motivo-hippocampes","10":"pa_pais-espana","12":"first","13":"instock","14":"shipping-taxable","15":"product-type-simple"},"acf":[],"_links":{"self":[{"href":"https:\/\/olemosaic.com\/fr\/wp-json\/wp\/v2\/product\/28673","targetHints":{"allow":["GET"]}}],"collection":[{"href":"https:\/\/olemosaic.com\/fr\/wp-json\/wp\/v2\/product"}],"about":[{"href":"https:\/\/olemosaic.com\/fr\/wp-json\/wp\/v2\/types\/product"}],"wp:featuredmedia":[{"embeddable":true,"href":"https:\/\/olemosaic.com\/fr\/wp-json\/wp\/v2\/media\/10352"}],"wp:attachment":[{"href":"https:\/\/olemosaic.com\/fr\/wp-json\/wp\/v2\/media?parent=28673"}],"wp:term":[{"taxonomy":"product_brand","embeddable":true,"href":"https:\/\/olemosaic.com\/fr\/wp-json\/wp\/v2\/product_brand?post=28673"},{"taxonomy":"product_cat","embeddable":true,"href":"https:\/\/olemosaic.com\/fr\/wp-json\/wp\/v2\/product_cat?post=28673"},{"taxonomy":"product_tag","embeddable":true,"href":"https:\/\/olemosaic.com\/fr\/wp-json\/wp\/v2\/product_tag?post=28673"}],"curies":[{"name":"wp","href":"https:\/\/api.w.org\/{rel}","templated":true}]}}