{"id":28672,"date":"2025-02-20T22:30:17","date_gmt":"2025-02-20T22:30:17","guid":{"rendered":"http:\/\/olemosaic.com\/producto\/bol-de-coco-de-corazones-caballito-de-mar\/"},"modified":"2025-07-25T20:31:16","modified_gmt":"2025-07-25T18:31:16","slug":"bol-noix-de-coco-coeurs-hippocampe","status":"publish","type":"product","link":"https:\/\/olemosaic.com\/fr\/produit\/bol-noix-de-coco-coeurs-hippocampe\/","title":{"rendered":"Bol en noix de coco avec c\u0153urs. Hippocampe."},"content":{"rendered":"<p>Ce bol en noix de coco d\u00e9cor\u00e9 est un joyau artisanal qui \u00e9voque la beaut\u00e9 de la mer et la chaleur de la c\u00f4te. Il pr\u00e9sente un motif central attrayant d&rsquo;un hippocampe, symbole repr\u00e9sentant la paix et la s\u00e9r\u00e9nit\u00e9 des profondeurs marines. Son design est orn\u00e9 de c\u0153urs et de tesselles de nacre dans des tons doux, cr\u00e9ant un contraste visuel charmant qui capte la lumi\u00e8re de mani\u00e8re spectaculaire. La technique de mosa\u00efque employ\u00e9e dans sa fabrication offre une finition brillante et d\u00e9licate, rehaussant chaque d\u00e9tail de l&rsquo;hippocampe et conf\u00e9rant au bol un caract\u00e8re authentique et distinctif.<\/p>\n<p>Id\u00e9al pour d\u00e9corer n&rsquo;importe quelle maison, ce bol est polyvalent et peut \u00eatre utilis\u00e9 aussi bien comme pi\u00e8ce d\u00e9corative que pour servir de d\u00e9licieux ap\u00e9ritifs. Son lien culturel avec la c\u00f4te rehausse sa valeur en tant que souvenir, en faisant un rappel tangible des moments v\u00e9cus au bord de la mer. Avec son \u00e9l\u00e9gance et son originalit\u00e9, c&rsquo;est un cadeau parfait qui attirera les touristes \u00e0 la recherche de souvenirs uniques refl\u00e9tant l&rsquo;essence de la r\u00e9gion.<\/p>\n<p>Chez Ol\u00e9 Mosaic, nous sommes fiers d&rsquo;\u00eatre des distributeurs de souvenirs en gros, et ce bol en noix de coco est un exemple remarquable de l&rsquo;artisanat typique que nous proposons. Un produit exceptionnel pour les boutiques de cadeaux touristiques cherchant \u00e0 offrir \u00e0 leurs clients des pi\u00e8ces authentiques et repr\u00e9sentatives de la culture locale.<\/p>\n","protected":false},"excerpt":{"rendered":"<p>Bol en noix de coco d\u00e9cor\u00e9 d&rsquo;un charmant motif d&rsquo;hippocampe, id\u00e9al pour donner une touche diff\u00e9rente \u00e0 votre int\u00e9rieur. Cet \u00e9l\u00e9gant bol pr\u00e9sente un design de c\u0153urs et de carreaux de nacre dans des tons doux, cr\u00e9ant un magnifique contraste avec l&rsquo;hippocampe central. La technique de la mosa\u00efque utilis\u00e9e offre une finition brillante et d\u00e9licate, parfaite comme pi\u00e8ce d\u00e9corative ou pour servir de petits ap\u00e9ritifs. Un souvenir unique de la c\u00f4te.<\/p>\n","protected":false},"featured_media":10285,"template":"","meta":{"_acf_changed":false},"product_brand":[],"product_cat":[521],"product_tag":[530],"class_list":{"0":"post-28672","1":"product","2":"type-product","3":"status-publish","4":"has-post-thumbnail","6":"product_cat-bols","7":"product_tag-animaux","8":"pa_motivo-hippocampes","10":"first","11":"instock","12":"shipping-taxable","13":"product-type-simple"},"acf":[],"_links":{"self":[{"href":"https:\/\/olemosaic.com\/fr\/wp-json\/wp\/v2\/product\/28672","targetHints":{"allow":["GET"]}}],"collection":[{"href":"https:\/\/olemosaic.com\/fr\/wp-json\/wp\/v2\/product"}],"about":[{"href":"https:\/\/olemosaic.com\/fr\/wp-json\/wp\/v2\/types\/product"}],"wp:featuredmedia":[{"embeddable":true,"href":"https:\/\/olemosaic.com\/fr\/wp-json\/wp\/v2\/media\/10285"}],"wp:attachment":[{"href":"https:\/\/olemosaic.com\/fr\/wp-json\/wp\/v2\/media?parent=28672"}],"wp:term":[{"taxonomy":"product_brand","embeddable":true,"href":"https:\/\/olemosaic.com\/fr\/wp-json\/wp\/v2\/product_brand?post=28672"},{"taxonomy":"product_cat","embeddable":true,"href":"https:\/\/olemosaic.com\/fr\/wp-json\/wp\/v2\/product_cat?post=28672"},{"taxonomy":"product_tag","embeddable":true,"href":"https:\/\/olemosaic.com\/fr\/wp-json\/wp\/v2\/product_tag?post=28672"}],"curies":[{"name":"wp","href":"https:\/\/api.w.org\/{rel}","templated":true}]}}