{"id":28671,"date":"2025-02-20T22:30:17","date_gmt":"2025-02-20T22:30:17","guid":{"rendered":"http:\/\/olemosaic.com\/producto\/bol-de-coco-salamandra-barcelona\/"},"modified":"2025-07-25T19:19:51","modified_gmt":"2025-07-25T17:19:51","slug":"bol-noix-de-coco-salamandre-barcelone","status":"publish","type":"product","link":"https:\/\/olemosaic.com\/fr\/produit\/bol-noix-de-coco-salamandre-barcelone\/","title":{"rendered":"Bol en noix de coco. Salamandre. Barcelone."},"content":{"rendered":"<p>Ce bol en noix de coco d\u00e9cor\u00e9 est une repr\u00e9sentation extraordinaire de l&rsquo;essence vibrante de Barcelone, id\u00e9al pour ceux qui recherchent des souvenirs authentiques encapsulant la culture locale. Fabriqu\u00e9 \u00e0 la main, chaque bol pr\u00e9sente un design complexe de mosa\u00efque dans des tons de rose, bleu et ambre, \u00e9voquant la palette de couleurs qui caract\u00e9rise l&rsquo;architecture moderniste de la ville. La forme organique du bol, ainsi que ses d\u00e9tails iris\u00e9s, ajoutent une touche artistique et contemporaine qui le fait ressortir dans n&rsquo;importe quelle collection.<\/p>\n<p>\u00c0 l&rsquo;int\u00e9rieur, resplendit une illustration d&rsquo;une salamandre, symbole embl\u00e9matique de l&rsquo;\u0153uvre du c\u00e9l\u00e8bre architecte Antoni Gaud\u00ed, \u00e9voquant la magie et la cr\u00e9ativit\u00e9 de ses designs. Le nom \u00ab\u00a0Barcelone\u00a0\u00bb est d\u00e9licatement grav\u00e9, renfor\u00e7ant son authenticit\u00e9 et en faisant un souvenir unique pour les visiteurs de la ville. Ce bol ne sert pas seulement de r\u00e9cipient pratique, mais aussi d&rsquo;\u0153uvre d&rsquo;art c\u00e9l\u00e9brant l&rsquo;identit\u00e9 culturelle de Barcelone. De sa mosa\u00efque color\u00e9e \u00e0 sa pr\u00e9sentation \u00e9l\u00e9gante, ce bol en noix de coco est le souvenir parfait pour les touristes souhaitant emporter un morceau de la capitale catalane. Chez Ol\u00e9 Mosaic, nous proposons ce type de souvenirs en gros, garantissant la qualit\u00e9 et l&rsquo;authenticit\u00e9 de chaque pi\u00e8ce, id\u00e9al pour les boutiques de cadeaux touristiques recherchant des produits refl\u00e9tant le riche h\u00e9ritage culturel espagnol.<\/p>\n","protected":false},"excerpt":{"rendered":"<p>Bol en noix de coco d\u00e9cor\u00e9 d&rsquo;une mosa\u00efque color\u00e9e repr\u00e9sentant l&rsquo;essence vibrante de Barcelone. Cet \u00e9l\u00e9gant bol pr\u00e9sente un design de pierres dans des tons rose, bleu et ambre, compl\u00e9t\u00e9 par une illustration d&rsquo;une salamandre \u00e0 l&rsquo;int\u00e9rieur et le nom \u00ab\u00a0Barcelone\u00a0\u00bb d\u00e9licatement grav\u00e9. Fabriqu\u00e9 \u00e0 la main, sa forme organique et ses d\u00e9tails iris\u00e9s en font une pi\u00e8ce unique, parfaite pour ajouter une touche artistique \u00e0 n&rsquo;importe quel espace.<\/p>\n","protected":false},"featured_media":11808,"template":"","meta":{"_acf_changed":false},"product_brand":[],"product_cat":[521],"product_tag":[530],"class_list":{"0":"post-28671","1":"product","2":"type-product","3":"status-publish","4":"has-post-thumbnail","6":"product_cat-bols","7":"product_tag-animaux","8":"pa_ciudad-barcelona","9":"pa_motivo-salamandres","10":"pa_pais-espana","12":"first","13":"instock","14":"shipping-taxable","15":"product-type-simple"},"acf":[],"_links":{"self":[{"href":"https:\/\/olemosaic.com\/fr\/wp-json\/wp\/v2\/product\/28671","targetHints":{"allow":["GET"]}}],"collection":[{"href":"https:\/\/olemosaic.com\/fr\/wp-json\/wp\/v2\/product"}],"about":[{"href":"https:\/\/olemosaic.com\/fr\/wp-json\/wp\/v2\/types\/product"}],"wp:featuredmedia":[{"embeddable":true,"href":"https:\/\/olemosaic.com\/fr\/wp-json\/wp\/v2\/media\/11808"}],"wp:attachment":[{"href":"https:\/\/olemosaic.com\/fr\/wp-json\/wp\/v2\/media?parent=28671"}],"wp:term":[{"taxonomy":"product_brand","embeddable":true,"href":"https:\/\/olemosaic.com\/fr\/wp-json\/wp\/v2\/product_brand?post=28671"},{"taxonomy":"product_cat","embeddable":true,"href":"https:\/\/olemosaic.com\/fr\/wp-json\/wp\/v2\/product_cat?post=28671"},{"taxonomy":"product_tag","embeddable":true,"href":"https:\/\/olemosaic.com\/fr\/wp-json\/wp\/v2\/product_tag?post=28671"}],"curies":[{"name":"wp","href":"https:\/\/api.w.org\/{rel}","templated":true}]}}