{"id":28670,"date":"2025-02-20T23:30:17","date_gmt":"2025-02-20T22:30:17","guid":{"rendered":"http:\/\/olemosaic.com\/producto\/bol-de-coco-con-flores-salamandra-barcelona\/"},"modified":"2025-07-25T19:35:57","modified_gmt":"2025-07-25T17:35:57","slug":"bol-noix-de-coco-fleurs-salamandre-barcelone","status":"publish","type":"product","link":"https:\/\/olemosaic.com\/fr\/produit\/bol-noix-de-coco-fleurs-salamandre-barcelone\/","title":{"rendered":"Bol en noix de coco avec fleurs. Salamandre. Barcelone."},"content":{"rendered":"<p>Ce bol en noix de coco d\u00e9cor\u00e9 est une pi\u00e8ce artisanale exquise qui encapsule l&rsquo;essence vibrante et color\u00e9e de Barcelone. Avec un design peint \u00e0 la main, ce bol se distingue par ses motifs floraux complexes et la repr\u00e9sentation centrale d&rsquo;une salamandre, symbole de cr\u00e9ativit\u00e9 et de transformation dans la culture catalane. Les tons brillants de jaune, rouge et bleu s&rsquo;entrelacent dans un motif qui rappelle les \u0153uvres du c\u00e9l\u00e8bre architecte Antoni Gaud\u00ed, \u00e9voquant la riche tradition artistique de la ville.<\/p>\n<p>La finition brillante du bol ne souligne pas seulement les d\u00e9tails m\u00e9ticuleusement travaill\u00e9s, mais offre \u00e9galement une texture unique qui invite au toucher et \u00e0 une appr\u00e9ciation plus proche. Ce bol fleuri est parfait comme \u00e9l\u00e9ment d\u00e9coratif dans n&rsquo;importe quelle maison, apportant une touche d&rsquo;art et de tradition espagnole \u00e0 la d\u00e9coration int\u00e9rieure.<\/p>\n<p>Le lien culturel de ce bol avec Barcelone en fait un souvenir id\u00e9al pour ceux qui visitent cette belle ville, capturant l&rsquo;esprit de l&rsquo;art et de la vie. Chez Ol\u00e9 Mosaic, nous nous sp\u00e9cialisons dans la distribution de souvenirs en gros, et ce bol en noix de coco est une excellente option pour les boutiques de cadeaux touristiques cherchant \u00e0 offrir des produits authentiques avec une forte valeur culturelle. En tant que grossistes de souvenirs de Barcelone, nous garantissons que chaque pi\u00e8ce est un reflet de la richesse et du charme de la r\u00e9gion.<\/p>\n","protected":false},"excerpt":{"rendered":"<p>Bol en noix de coco d\u00e9cor\u00e9 de motifs floraux et d&rsquo;une salamandre, inspir\u00e9 de l&rsquo;art barcelonais. Ce bol exquis pr\u00e9sente un design artisanal, peint \u00e0 la main, avec des couleurs vibrantes comme le jaune, le rouge et le bleu, qui font ressortir les formes des fleurs et de la salamandre centrale. Sa finition brillante et d\u00e9taill\u00e9e refl\u00e8te la riche tradition artistique de la r\u00e9gion, en faisant une pi\u00e8ce d\u00e9corative id\u00e9ale pour tout espace.<\/p>\n","protected":false},"featured_media":10340,"template":"","meta":{"_acf_changed":false},"product_brand":[],"product_cat":[521],"product_tag":[530],"class_list":{"0":"post-28670","1":"product","2":"type-product","3":"status-publish","4":"has-post-thumbnail","6":"product_cat-bols","7":"product_tag-animaux","8":"pa_ciudad-barcelona","9":"pa_motivo-salamandres","10":"pa_pais-espana","12":"first","13":"instock","14":"shipping-taxable","15":"product-type-simple"},"acf":[],"_links":{"self":[{"href":"https:\/\/olemosaic.com\/fr\/wp-json\/wp\/v2\/product\/28670","targetHints":{"allow":["GET"]}}],"collection":[{"href":"https:\/\/olemosaic.com\/fr\/wp-json\/wp\/v2\/product"}],"about":[{"href":"https:\/\/olemosaic.com\/fr\/wp-json\/wp\/v2\/types\/product"}],"wp:featuredmedia":[{"embeddable":true,"href":"https:\/\/olemosaic.com\/fr\/wp-json\/wp\/v2\/media\/10340"}],"wp:attachment":[{"href":"https:\/\/olemosaic.com\/fr\/wp-json\/wp\/v2\/media?parent=28670"}],"wp:term":[{"taxonomy":"product_brand","embeddable":true,"href":"https:\/\/olemosaic.com\/fr\/wp-json\/wp\/v2\/product_brand?post=28670"},{"taxonomy":"product_cat","embeddable":true,"href":"https:\/\/olemosaic.com\/fr\/wp-json\/wp\/v2\/product_cat?post=28670"},{"taxonomy":"product_tag","embeddable":true,"href":"https:\/\/olemosaic.com\/fr\/wp-json\/wp\/v2\/product_tag?post=28670"}],"curies":[{"name":"wp","href":"https:\/\/api.w.org\/{rel}","templated":true}]}}