{"id":28669,"date":"2025-02-20T23:30:17","date_gmt":"2025-02-20T22:30:17","guid":{"rendered":"http:\/\/olemosaic.com\/producto\/bol-de-coco-isla-tenerife\/"},"modified":"2025-07-25T19:08:58","modified_gmt":"2025-07-25T17:08:58","slug":"bol-noix-de-coco-ile-tenerife","status":"publish","type":"product","link":"https:\/\/olemosaic.com\/fr\/produit\/bol-noix-de-coco-ile-tenerife\/","title":{"rendered":"Bol en noix de coco. \u00cele. Tenerife."},"content":{"rendered":"<p>Ce bol en noix de coco d\u00e9cor\u00e9 est une excellente repr\u00e9sentation de la beaut\u00e9 naturelle de l&rsquo;\u00eele de Tenerife, devenant un \u00e9l\u00e9ment d\u00e9coratif et fonctionnel qui capture l&rsquo;essence de l&rsquo;archipel. Fabriqu\u00e9 en c\u00e9ramique de haute qualit\u00e9, le bol pr\u00e9sente un design attrayant de mosa\u00efque aux tons vibrants de rose, bleu et marron qui \u00e9voquent les paysages tropicaux et l&rsquo;exub\u00e9rance v\u00e9g\u00e9tale de l&rsquo;\u00eele. Au centre, la silhouette de Tenerife se d\u00e9tache, accompagn\u00e9e du texte \u00ab Tenerife \u00bb dans une \u00e9l\u00e9gante couleur blanche, ce qui ajoute une touche de personnalisation et d&rsquo;authenticit\u00e9 \u00e0 la pi\u00e8ce.<\/p>\n<p>Le bol est id\u00e9al aussi bien pour servir des ap\u00e9ritifs que pour \u00eatre utilis\u00e9 comme objet d\u00e9coratif dans n&rsquo;importe quelle maison ou \u00e9tablissement. Son design peint \u00e0 la main rend chaque pi\u00e8ce unique, refl\u00e9tant la riche tradition artisanale des \u00eeles Canaries. Cette connexion culturelle souligne sa valeur en tant que souvenir repr\u00e9sentatif, parfait pour ceux qui cherchent \u00e0 emporter chez eux un morceau de la magie de Tenerife.<\/p>\n<p>Chez Ol\u00e9 Mosaic, nous nous consacrons \u00e0 la distribution de souvenirs en gros. Ce bol en noix de coco d\u00e9cor\u00e9 n&rsquo;est pas seulement un objet attrayant, mais aussi un souvenir significatif de Tenerife qui captera certainement l&rsquo;attention des touristes et des commer\u00e7ants. En tant que grossistes de produits artisanaux, nous garantissons que chaque pi\u00e8ce refl\u00e8te l&rsquo;authenticit\u00e9 et l&rsquo;esprit culturel de sa r\u00e9gion.<\/p>\n","protected":false},"excerpt":{"rendered":"<p>Bol d\u00e9coratif en noix de coco, inspir\u00e9 de l&rsquo;\u00eele de Tenerife. Cette \u00e9l\u00e9gante pi\u00e8ce en c\u00e9ramique pr\u00e9sente un design de mosa\u00efque color\u00e9 aux tons vibrants de rose, bleu et marron, \u00e9voquant la beaut\u00e9 naturelle de l&rsquo;archipel. Au centre, la silhouette de l&rsquo;\u00eele et le mot \u00ab\u00a0Tenerife\u00a0\u00bb en blanc se distinguent, ajoutant une touche personnalis\u00e9e \u00e0 cet artisanat au design fait main et peint \u00e0 la main. Id\u00e9al comme objet d\u00e9coratif ou pour servir des ap\u00e9ritifs.<\/p>\n","protected":false},"featured_media":11824,"template":"","meta":{"_acf_changed":false},"product_brand":[],"product_cat":[521],"product_tag":[],"class_list":{"0":"post-28669","1":"product","2":"type-product","3":"status-publish","4":"has-post-thumbnail","6":"product_cat-bols","7":"pa_ciudad-tenerife","8":"pa_motivo-iles","9":"pa_pais-espana","11":"first","12":"instock","13":"shipping-taxable","14":"product-type-simple"},"acf":[],"_links":{"self":[{"href":"https:\/\/olemosaic.com\/fr\/wp-json\/wp\/v2\/product\/28669","targetHints":{"allow":["GET"]}}],"collection":[{"href":"https:\/\/olemosaic.com\/fr\/wp-json\/wp\/v2\/product"}],"about":[{"href":"https:\/\/olemosaic.com\/fr\/wp-json\/wp\/v2\/types\/product"}],"wp:featuredmedia":[{"embeddable":true,"href":"https:\/\/olemosaic.com\/fr\/wp-json\/wp\/v2\/media\/11824"}],"wp:attachment":[{"href":"https:\/\/olemosaic.com\/fr\/wp-json\/wp\/v2\/media?parent=28669"}],"wp:term":[{"taxonomy":"product_brand","embeddable":true,"href":"https:\/\/olemosaic.com\/fr\/wp-json\/wp\/v2\/product_brand?post=28669"},{"taxonomy":"product_cat","embeddable":true,"href":"https:\/\/olemosaic.com\/fr\/wp-json\/wp\/v2\/product_cat?post=28669"},{"taxonomy":"product_tag","embeddable":true,"href":"https:\/\/olemosaic.com\/fr\/wp-json\/wp\/v2\/product_tag?post=28669"}],"curies":[{"name":"wp","href":"https:\/\/api.w.org\/{rel}","templated":true}]}}