{"id":28668,"date":"2025-02-20T23:30:16","date_gmt":"2025-02-20T22:30:16","guid":{"rendered":"http:\/\/olemosaic.com\/producto\/bol-de-coco-con-flores-sardina-lisboa-2\/"},"modified":"2025-07-25T18:58:33","modified_gmt":"2025-07-25T16:58:33","slug":"bol-noix-de-coco-fleurs-sardine-lisbonne-2","status":"publish","type":"product","link":"https:\/\/olemosaic.com\/fr\/produit\/bol-noix-de-coco-fleurs-sardine-lisbonne-2\/","title":{"rendered":"Bol en noix de coco avec fleurs. Sardine. Lisbonne. Portugal."},"content":{"rendered":"<p>Ce bol en noix de coco d\u00e9cor\u00e9 est un v\u00e9ritable chef-d&rsquo;\u0153uvre qui capture l&rsquo;essence vibrante du folklore de Lisbonne. Avec un design qui combine des pi\u00e8ces de c\u00e9ramique dans une palette joyeuse de jaunes, rouges et bleus, ce bol \u00e9voque la lumi\u00e8re et la couleur qui caract\u00e9risent la capitale portugaise. Son motif central, une sardine stylis\u00e9e accompagn\u00e9e du mot \u00ab LISBOA \u00bb en lettres claires, non seulement orne le bol, mais rend \u00e9galement hommage \u00e0 la riche tradition de p\u00eache de la r\u00e9gion, symbolisant l&rsquo;importance de la sardine dans la gastronomie locale.<\/p>\n<p>Fabriqu\u00e9 \u00e0 la main par des artisans experts, chaque bol est une pi\u00e8ce unique qui souligne le d\u00e9vouement et le talent impliqu\u00e9s dans sa cr\u00e9ation. Id\u00e9al aussi bien pour servir des ap\u00e9ritifs que pour \u00eatre utilis\u00e9 comme un \u00e9l\u00e9ment d\u00e9coratif \u00e9l\u00e9gant, ce bol en noix de coco apportera une touche distinctive et authentique \u00e0 n&rsquo;importe quelle maison, devenant un voyage sensoriel \u00e0 Lisbonne \u00e0 chaque utilisation.<\/p>\n<p>Ce bol ne repr\u00e9sente pas seulement un souvenir repr\u00e9sentatif de Lisbonne, mais c&rsquo;est aussi une excellente option pour les boutiques de cadeaux touristiques \u00e0 la recherche de produits qui encapsulent la culture portugaise. Chez Ol\u00e9 Mosaic, nous distribuons des souvenirs authentiques en gros que c\u00e9l\u00e8brent la richesse du patrimoine culturel du Portugal, faisant de chaque pi\u00e8ce un souvenir parfait de l&rsquo;exp\u00e9rience de voyage.<\/p>\n","protected":false},"excerpt":{"rendered":"<p>Bol en noix de coco d\u00e9cor\u00e9 d&rsquo;une mosa\u00efque florale vibrante, symbole du folklore color\u00e9 de Lisbonne. Ce bol attrayant pr\u00e9sente, en son centre, une sardine accompagn\u00e9e du mot \u00ab LISBOA \u00bb en lettres claires. Son design int\u00e8gre des pi\u00e8ces de c\u00e9ramique dans les tons jaunes, rouges et bleus, qui \u00e9voquent l&rsquo;essence brillante de la ville. Fabriqu\u00e9 \u00e0 la main, ce bol est id\u00e9al pour servir ou comme \u00e9l\u00e9ment d\u00e9coratif \u00e9l\u00e9gant qui apportera une touche portugaise \u00e0 n&rsquo;importe quelle maison.<\/p>\n","protected":false},"featured_media":10324,"template":"","meta":{"_acf_changed":false},"product_brand":[],"product_cat":[521],"product_tag":[530],"class_list":{"0":"post-28668","1":"product","2":"type-product","3":"status-publish","4":"has-post-thumbnail","6":"product_cat-bols","7":"product_tag-animaux","8":"pa_ciudad-lisboa","9":"pa_motivo-sardines","10":"pa_pais-portugal","12":"first","13":"instock","14":"shipping-taxable","15":"product-type-simple"},"acf":[],"_links":{"self":[{"href":"https:\/\/olemosaic.com\/fr\/wp-json\/wp\/v2\/product\/28668","targetHints":{"allow":["GET"]}}],"collection":[{"href":"https:\/\/olemosaic.com\/fr\/wp-json\/wp\/v2\/product"}],"about":[{"href":"https:\/\/olemosaic.com\/fr\/wp-json\/wp\/v2\/types\/product"}],"wp:featuredmedia":[{"embeddable":true,"href":"https:\/\/olemosaic.com\/fr\/wp-json\/wp\/v2\/media\/10324"}],"wp:attachment":[{"href":"https:\/\/olemosaic.com\/fr\/wp-json\/wp\/v2\/media?parent=28668"}],"wp:term":[{"taxonomy":"product_brand","embeddable":true,"href":"https:\/\/olemosaic.com\/fr\/wp-json\/wp\/v2\/product_brand?post=28668"},{"taxonomy":"product_cat","embeddable":true,"href":"https:\/\/olemosaic.com\/fr\/wp-json\/wp\/v2\/product_cat?post=28668"},{"taxonomy":"product_tag","embeddable":true,"href":"https:\/\/olemosaic.com\/fr\/wp-json\/wp\/v2\/product_tag?post=28668"}],"curies":[{"name":"wp","href":"https:\/\/api.w.org\/{rel}","templated":true}]}}