{"id":28666,"date":"2025-02-20T22:30:16","date_gmt":"2025-02-20T22:30:16","guid":{"rendered":"http:\/\/olemosaic.com\/producto\/bol-de-coco-isla-menorca\/"},"modified":"2025-07-25T18:54:59","modified_gmt":"2025-07-25T16:54:59","slug":"bol-noix-de-coco-ile-minorque","status":"publish","type":"product","link":"https:\/\/olemosaic.com\/fr\/produit\/bol-noix-de-coco-ile-minorque\/","title":{"rendered":"Bol en noix de coco. \u00cele. Minorque."},"content":{"rendered":"<p>Ce bol en noix de coco d\u00e9cor\u00e9 est une v\u00e9ritable \u0153uvre d&rsquo;art, inspir\u00e9e par la charmante \u00eele de Minorque. Avec une base aux tons doux qui \u00e9voquent la tranquillit\u00e9 de la mer M\u00e9diterran\u00e9e, le bol est orn\u00e9 d&rsquo;un design de mosa\u00efque vibrant dans les tons rose, bleu, jaune et violet, cr\u00e9ant un contraste visuel captivant. Chaque couleur vibrante refl\u00e8te la riche flore et faune qui caract\u00e9risent la nature de Minorque, transportant celui qui le poss\u00e8de vers les paysages ensoleill\u00e9s de cette belle \u00eele.<\/p>\n<p>Au centre du bol se d\u00e9tache la silhouette de Minorque, imprim\u00e9e dans une \u00e9l\u00e9gante finition terre cuite qui ajoute une touche rustique et authentique au produit. Ce d\u00e9tail, en plus d&rsquo;\u00eatre esth\u00e9tiquement attrayant, \u00e9tablit un lien culturel profond, faisant de cette pi\u00e8ce un souvenir repr\u00e9sentatif de l&rsquo;\u00eele. Id\u00e9al aussi bien comme \u00e9l\u00e9ment d\u00e9coratif dans la maison que pour servir des repas, ce bol combine la qualit\u00e9 artisanale avec un design unique qui assure sa pertinence dans n&rsquo;importe quel contexte.<\/p>\n<p>Chez Ol\u00e9 Mosaic, nous sommes sp\u00e9cialistes de la distribution de souvenirs en gros, et ce bol en noix de coco d\u00e9cor\u00e9 est une excellente option pour les boutiques de cadeaux touristiques \u00e0 la recherche de produits authentiques et culturellement significatifs. Ce souvenir de Minorque capture l&rsquo;essence de l&rsquo;\u00eele, \u00e9tant une pi\u00e8ce m\u00e9morable qui ravira les touristes et les collectionneurs. En tant que grossistes de produits artisanaux, nous garantissons la meilleure qualit\u00e9 et authenticit\u00e9 pour chaque article que nous proposons.<\/p>\n","protected":false},"excerpt":{"rendered":"<p>Bol d\u00e9coratif en noix de coco, inspir\u00e9 de l&rsquo;\u00eele de Minorque. Ce charmant bol pr\u00e9sente une base aux tons doux, orn\u00e9e d&rsquo;un motif de mosa\u00efque dans des tons vibrants de rose, bleu, jaune et violet, \u00e9voquant la beaut\u00e9 naturelle de l&rsquo;\u00eele. Au centre, la silhouette de Minorque se d\u00e9tache, imprim\u00e9e avec une finition de couleur terre cuite. Id\u00e9al comme pi\u00e8ce d\u00e9corative ou pour servir, il allie qualit\u00e9 et artisanat dans un design unique.<\/p>\n","protected":false},"featured_media":11953,"template":"","meta":{"_acf_changed":false},"product_brand":[],"product_cat":[521],"product_tag":[],"class_list":{"0":"post-28666","1":"product","2":"type-product","3":"status-publish","4":"has-post-thumbnail","6":"product_cat-bols","7":"pa_ciudad-menorca","8":"pa_motivo-iles","9":"pa_pais-espana","11":"first","12":"instock","13":"shipping-taxable","14":"product-type-simple"},"acf":[],"_links":{"self":[{"href":"https:\/\/olemosaic.com\/fr\/wp-json\/wp\/v2\/product\/28666","targetHints":{"allow":["GET"]}}],"collection":[{"href":"https:\/\/olemosaic.com\/fr\/wp-json\/wp\/v2\/product"}],"about":[{"href":"https:\/\/olemosaic.com\/fr\/wp-json\/wp\/v2\/types\/product"}],"wp:featuredmedia":[{"embeddable":true,"href":"https:\/\/olemosaic.com\/fr\/wp-json\/wp\/v2\/media\/11953"}],"wp:attachment":[{"href":"https:\/\/olemosaic.com\/fr\/wp-json\/wp\/v2\/media?parent=28666"}],"wp:term":[{"taxonomy":"product_brand","embeddable":true,"href":"https:\/\/olemosaic.com\/fr\/wp-json\/wp\/v2\/product_brand?post=28666"},{"taxonomy":"product_cat","embeddable":true,"href":"https:\/\/olemosaic.com\/fr\/wp-json\/wp\/v2\/product_cat?post=28666"},{"taxonomy":"product_tag","embeddable":true,"href":"https:\/\/olemosaic.com\/fr\/wp-json\/wp\/v2\/product_tag?post=28666"}],"curies":[{"name":"wp","href":"https:\/\/api.w.org\/{rel}","templated":true}]}}