{"id":28656,"date":"2025-02-20T23:30:16","date_gmt":"2025-02-20T22:30:16","guid":{"rendered":"http:\/\/olemosaic.com\/producto\/bol-de-coco-ibiscus\/"},"modified":"2025-07-25T18:53:42","modified_gmt":"2025-07-25T16:53:42","slug":"bol-en-noix-de-coco-hibiscus","status":"publish","type":"product","link":"https:\/\/olemosaic.com\/fr\/produit\/bol-en-noix-de-coco-hibiscus\/","title":{"rendered":"Bol en noix de coco. Hibiscus."},"content":{"rendered":"<p>Ce bol en noix de coco d\u00e9cor\u00e9 est un pr\u00e9cieux souvenir embl\u00e9matique des \u00eeles Bal\u00e9ares, qui se distingue par sa mosa\u00efque de couleurs vibrantes, fusionnant des tons roses, bleus et jaunes. D\u00e9cor\u00e9 de mani\u00e8re artisanale par des artisans locaux, ce produit est non seulement fonctionnel pour servir des aliments, mais aussi une pi\u00e8ce d\u00e9corative captivante qui ajoute une touche de charme m\u00e9diterran\u00e9en \u00e0 n&rsquo;importe quel foyer. Au centre du bol, l&rsquo;illustration d&rsquo;une fleur d&rsquo;hibiscus rehausse son design, symbolisant la riche biodiversit\u00e9 de la r\u00e9gion et la beaut\u00e9 naturelle qui caract\u00e9rise les Bal\u00e9ares.<\/p>\n<p>Les petits morceaux de c\u00e9ramique qui composent la mosa\u00efque sont soigneusement dispos\u00e9s, cr\u00e9ant un effet visuel dynamique qui attire l&rsquo;attention et offre une sensation d&rsquo;authenticit\u00e9 et de tradition. Ce bol en noix de coco est parfait pour pr\u00e9senter des fruits, des ap\u00e9ritifs ou comme \u00e9l\u00e9ment d\u00e9coratif attrayant sur les tables et les \u00e9tag\u00e8res. Le lien culturel avec les \u00eeles Bal\u00e9ares se manifeste dans chaque d\u00e9tail, en faisant un souvenir repr\u00e9sentatif de la r\u00e9gion que les touristes souhaiteront emporter chez eux.<\/p>\n<p>Chez Ol\u00e9 Mosaic, nous nous consacrons \u00e0 la distribution de souvenirs en gros, et ce bol en noix de coco est une option id\u00e9ale pour les boutiques de cadeaux touristiques qui cherchent \u00e0 offrir des produits authentiques et de qualit\u00e9. Avec sa pertinence culturelle et son esth\u00e9tique vibrante, ce bol est un excellent exemple de souvenir bal\u00e9are qui attirera ceux qui recherchent un morceau de la richesse culturelle de l&rsquo;Espagne.<\/p>\n","protected":false},"excerpt":{"rendered":"<p>Bol en noix de coco d\u00e9cor\u00e9 d&rsquo;une mosa\u00efque color\u00e9e aux tons roses, bleus et jaunes, inspir\u00e9 du folklore des \u00eeles Bal\u00e9ares. Ce magnifique bol, fait \u00e0 la main, se distingue par son design \u00e9l\u00e9gant et la repr\u00e9sentation d&rsquo;une fleur d&rsquo;hibiscus au centre, symbolisant la richesse naturelle de la r\u00e9gion. Parfait pour servir des aliments ou comme \u00e9l\u00e9ment d\u00e9coratif, il ajoute une touche vibrante \u00e0 n&rsquo;importe quel foyer.<\/p>\n","protected":false},"featured_media":13519,"template":"","meta":{"_acf_changed":false},"product_brand":[],"product_cat":[521],"product_tag":[],"class_list":{"0":"post-28656","1":"product","2":"type-product","3":"status-publish","4":"has-post-thumbnail","6":"product_cat-bols","7":"pa_motivo-hibiscus","9":"first","10":"instock","11":"shipping-taxable","12":"product-type-simple"},"acf":[],"_links":{"self":[{"href":"https:\/\/olemosaic.com\/fr\/wp-json\/wp\/v2\/product\/28656","targetHints":{"allow":["GET"]}}],"collection":[{"href":"https:\/\/olemosaic.com\/fr\/wp-json\/wp\/v2\/product"}],"about":[{"href":"https:\/\/olemosaic.com\/fr\/wp-json\/wp\/v2\/types\/product"}],"wp:featuredmedia":[{"embeddable":true,"href":"https:\/\/olemosaic.com\/fr\/wp-json\/wp\/v2\/media\/13519"}],"wp:attachment":[{"href":"https:\/\/olemosaic.com\/fr\/wp-json\/wp\/v2\/media?parent=28656"}],"wp:term":[{"taxonomy":"product_brand","embeddable":true,"href":"https:\/\/olemosaic.com\/fr\/wp-json\/wp\/v2\/product_brand?post=28656"},{"taxonomy":"product_cat","embeddable":true,"href":"https:\/\/olemosaic.com\/fr\/wp-json\/wp\/v2\/product_cat?post=28656"},{"taxonomy":"product_tag","embeddable":true,"href":"https:\/\/olemosaic.com\/fr\/wp-json\/wp\/v2\/product_tag?post=28656"}],"curies":[{"name":"wp","href":"https:\/\/api.w.org\/{rel}","templated":true}]}}