{"id":28654,"date":"2025-02-20T22:30:15","date_gmt":"2025-02-20T22:30:15","guid":{"rendered":"http:\/\/olemosaic.com\/producto\/bol-de-coco-flecha-camino-de-santiago\/"},"modified":"2025-07-25T20:04:03","modified_gmt":"2025-07-25T18:04:03","slug":"bol-en-noix-de-coco-fleche-chemin-de-compostelle","status":"publish","type":"product","link":"https:\/\/olemosaic.com\/fr\/produit\/bol-en-noix-de-coco-fleche-chemin-de-compostelle\/","title":{"rendered":"Bol en noix de coco. Fl\u00e8che. Chemin de Compostelle."},"content":{"rendered":"<p>Ce bol en noix de coco d\u00e9cor\u00e9 est un souvenir exquis qui capture l&rsquo;essence du c\u00e9l\u00e8bre Chemin de Compostelle. Son design vibrant m\u00e9lange des tons roses, bleus et marrons, formant une mosa\u00efque de petites pi\u00e8ces qui ornent \u00e9l\u00e9gamment son int\u00e9rieur. Au centre, une fl\u00e8che symbolisant la direction vers Saint-Jacques-de-Compostelle se distingue, accompagn\u00e9e du texte \u00ab\u00a0Caminos de Santiago\u00a0\u00bb, ce qui souligne son lien culturel avec cette route de p\u00e8lerinage embl\u00e9matique. Ce bol n&rsquo;est pas seulement un objet d\u00e9coratif, mais un rappel visuel de la riche histoire et de la tradition qui entourent le Chemin de Compostelle, un voyage spirituel et culturel suivi par des millions de personnes au fil des ans.<\/p>\n<p>L&rsquo;authenticit\u00e9 de ce bol en noix de coco en fait un souvenir parfait, id\u00e9al pour ceux qui ont parcouru le chemin ou souhaitent ramener un morceau de cette exp\u00e9rience chez eux. Sa fabrication en noix de coco, un mat\u00e9riau naturel et durable, apporte une touche artisanale qui souligne le d\u00e9vouement et le soin apport\u00e9s \u00e0 chaque pi\u00e8ce. Chez Ol\u00e9 Mosaic, nous nous sp\u00e9cialisons dans la distribution de souvenirs en gros et proposons des produits comme ce bol qui sont parfaits pour les boutiques de cadeaux touristiques. Ce bol est une excellente option pour ceux qui recherchent des souvenirs de qualit\u00e9, pleins de sens et de pertinence culturelle, refl\u00e9tant la beaut\u00e9 du patrimoine espagnol.<\/p>\n","protected":false},"excerpt":{"rendered":"<p>Bol en noix de coco d\u00e9cor\u00e9 de mosa\u00efques color\u00e9es, inspir\u00e9 par la route du Chemin de Compostelle. Ce bol \u00e9l\u00e9gant pr\u00e9sente un design attrayant dans des tons vibrants de rose, bleu et marron, form\u00e9 par de petites pi\u00e8ces qui ornent son int\u00e9rieur. Au centre, une fl\u00e8che indiquant la direction de Saint-Jacques-de-Compostelle se distingue, ainsi que le texte \u00ab\u00a0Caminos de Santiago\u00a0\u00bb. Parfait pour ajouter une touche culturelle et artisanale \u00e0 n&rsquo;importe quel foyer.<\/p>\n","protected":false},"featured_media":11827,"template":"","meta":{"_acf_changed":false},"product_brand":[],"product_cat":[521],"product_tag":[],"class_list":{"0":"post-28654","1":"product","2":"type-product","3":"status-publish","4":"has-post-thumbnail","6":"product_cat-bols","7":"pa_ciudad-santiago-de-compostela","8":"pa_motivo-fleches","9":"pa_pais-espana","11":"first","12":"instock","13":"shipping-taxable","14":"product-type-simple"},"acf":[],"_links":{"self":[{"href":"https:\/\/olemosaic.com\/fr\/wp-json\/wp\/v2\/product\/28654","targetHints":{"allow":["GET"]}}],"collection":[{"href":"https:\/\/olemosaic.com\/fr\/wp-json\/wp\/v2\/product"}],"about":[{"href":"https:\/\/olemosaic.com\/fr\/wp-json\/wp\/v2\/types\/product"}],"wp:featuredmedia":[{"embeddable":true,"href":"https:\/\/olemosaic.com\/fr\/wp-json\/wp\/v2\/media\/11827"}],"wp:attachment":[{"href":"https:\/\/olemosaic.com\/fr\/wp-json\/wp\/v2\/media?parent=28654"}],"wp:term":[{"taxonomy":"product_brand","embeddable":true,"href":"https:\/\/olemosaic.com\/fr\/wp-json\/wp\/v2\/product_brand?post=28654"},{"taxonomy":"product_cat","embeddable":true,"href":"https:\/\/olemosaic.com\/fr\/wp-json\/wp\/v2\/product_cat?post=28654"},{"taxonomy":"product_tag","embeddable":true,"href":"https:\/\/olemosaic.com\/fr\/wp-json\/wp\/v2\/product_tag?post=28654"}],"curies":[{"name":"wp","href":"https:\/\/api.w.org\/{rel}","templated":true}]}}