{"id":28653,"date":"2025-02-20T22:30:15","date_gmt":"2025-02-20T22:30:15","guid":{"rendered":"http:\/\/olemosaic.com\/producto\/bol-de-coco-tortuga-mallorca-2\/"},"modified":"2025-07-25T20:46:26","modified_gmt":"2025-07-25T18:46:26","slug":"bol-noix-de-coco-tortue-majorque-2","status":"publish","type":"product","link":"https:\/\/olemosaic.com\/fr\/produit\/bol-noix-de-coco-tortue-majorque-2\/","title":{"rendered":"Bol en noix de coco. Tortue. Majorque."},"content":{"rendered":"<p>Ce bol en noix de coco d\u00e9cor\u00e9 est un charmant souvenir qui capture l&rsquo;essence vibrante de la vie marine de Majorque. Avec un design color\u00e9 inspir\u00e9 de la M\u00e9diterran\u00e9e, le bol pr\u00e9sente en son centre une magnifique tortue, symbole de la riche biodiversit\u00e9 marine de la r\u00e9gion, entour\u00e9e d&rsquo;un motif de mosa\u00efque vibrant dans des tons de bleu, rose, jaune et orange. Chaque pi\u00e8ce de la mosa\u00efque est m\u00e9ticuleusement plac\u00e9e, cr\u00e9ant un effet visuel dynamique et attrayant qui \u00e9voquera des souvenirs de soleil et de plage.<\/p>\n<p>La finition artisanale du bol lui conf\u00e8re un caract\u00e8re distinctif, marqu\u00e9 par l&rsquo;authenticit\u00e9 de sa fabrication. Id\u00e9al pour orner n&rsquo;importe quel coin de la maison ou comme un joli souvenir pour ceux qui souhaitent emporter un morceau de la M\u00e9diterran\u00e9e. Ce produit n&rsquo;est pas seulement esth\u00e9tique, il est aussi fonctionnel, car il peut servir aussi bien \u00e0 pr\u00e9senter de petits objets qu&rsquo;\u00e0 \u00eatre utilis\u00e9 en cuisine.<\/p>\n<p>Chez Ol\u00e9 Mosaic, nous nous sp\u00e9cialisons dans la distribution de souvenirs authentiques en gros, et ce bol en noix de coco est un excellent choix pour les boutiques de cadeaux touristiques qui cherchent \u00e0 offrir \u00e0 leurs clients des produits de haute qualit\u00e9. Avec sa connexion culturelle et son design attrayant, ce bol deviendra un repr\u00e9sentant de choix des souvenirs de Majorque, parfait pour les touristes \u00e0 la recherche d&rsquo;un souvenir unique et significatif.<\/p>\n","protected":false},"excerpt":{"rendered":"<p>Bol en noix de coco d\u00e9cor\u00e9, inspir\u00e9 de la vie marine de Majorque avec un design de mosa\u00efque color\u00e9. Ce bol attrayant pr\u00e9sente une jolie tortue au centre, entour\u00e9e d&rsquo;un motif vibrant de pi\u00e8ces dans des tons bleu, rose, jaune et orange. \u00c9labor\u00e9 avec soin, sa finition lui donne une touche artisanale et authentique, id\u00e9ale pour orner n&rsquo;importe quel coin de votre maison ou comme un joli souvenir \u00e9voquant l&rsquo;essence de la M\u00e9diterran\u00e9e.<\/p>\n","protected":false},"featured_media":11822,"template":"","meta":{"_acf_changed":false},"product_brand":[],"product_cat":[521],"product_tag":[530],"class_list":{"0":"post-28653","1":"product","2":"type-product","3":"status-publish","4":"has-post-thumbnail","6":"product_cat-bols","7":"product_tag-animaux","8":"pa_ciudad-mallorca","9":"pa_motivo-tortues","10":"pa_pais-espana","12":"first","13":"instock","14":"shipping-taxable","15":"product-type-simple"},"acf":[],"_links":{"self":[{"href":"https:\/\/olemosaic.com\/fr\/wp-json\/wp\/v2\/product\/28653","targetHints":{"allow":["GET"]}}],"collection":[{"href":"https:\/\/olemosaic.com\/fr\/wp-json\/wp\/v2\/product"}],"about":[{"href":"https:\/\/olemosaic.com\/fr\/wp-json\/wp\/v2\/types\/product"}],"wp:featuredmedia":[{"embeddable":true,"href":"https:\/\/olemosaic.com\/fr\/wp-json\/wp\/v2\/media\/11822"}],"wp:attachment":[{"href":"https:\/\/olemosaic.com\/fr\/wp-json\/wp\/v2\/media?parent=28653"}],"wp:term":[{"taxonomy":"product_brand","embeddable":true,"href":"https:\/\/olemosaic.com\/fr\/wp-json\/wp\/v2\/product_brand?post=28653"},{"taxonomy":"product_cat","embeddable":true,"href":"https:\/\/olemosaic.com\/fr\/wp-json\/wp\/v2\/product_cat?post=28653"},{"taxonomy":"product_tag","embeddable":true,"href":"https:\/\/olemosaic.com\/fr\/wp-json\/wp\/v2\/product_tag?post=28653"}],"curies":[{"name":"wp","href":"https:\/\/api.w.org\/{rel}","templated":true}]}}