{"id":28652,"date":"2025-02-20T22:30:15","date_gmt":"2025-02-20T22:30:15","guid":{"rendered":"http:\/\/olemosaic.com\/producto\/bol-de-coco-delfin-mallorca\/"},"modified":"2025-07-25T19:52:28","modified_gmt":"2025-07-25T17:52:28","slug":"bol-noix-de-coco-dauphin-majorque","status":"publish","type":"product","link":"https:\/\/olemosaic.com\/fr\/produit\/bol-noix-de-coco-dauphin-majorque\/","title":{"rendered":"Bol en noix de coco. Dauphin. Majorque."},"content":{"rendered":"<p>Ce bol en noix de coco d\u00e9cor\u00e9 est un souvenir charmant qui capture l&rsquo;essence vibrante de Majorque. Son design se distingue par une mosa\u00efque artistique dans laquelle des fragments color\u00e9s dans des tons de rose, bleu et marron s&rsquo;entrelacent pour cr\u00e9er un fond rafra\u00eechissant et plein de vie. Au centre, une illustration stylis\u00e9e d&rsquo;un dauphin, symbole de la riche vie marine de l&rsquo;\u00eele, apporte une touche dynamique et joyeuse au bol. Juste en dessous du dauphin, le mot \u00ab\u00a0MAJORQUE\u00a0\u00bb est imprim\u00e9 de mani\u00e8re \u00e9l\u00e9gante, r\u00e9affirmant sa provenance et en faisant un souvenir repr\u00e9sentatif de cette belle r\u00e9gion m\u00e9diterran\u00e9enne.<\/p>\n<p>Cet article n&rsquo;est pas seulement d\u00e9coratif ; son design fonctionnel permet de l&rsquo;utiliser comme un ustensile pratique pour servir des ap\u00e9ritifs ou comme \u00e9l\u00e9ment d\u00e9coratif pour rehausser n&rsquo;importe quel espace. La combinaison de l&rsquo;authenticit\u00e9 du mat\u00e9riau en noix de coco avec la beaut\u00e9 de la mosa\u00efque donne naissance \u00e0 une pi\u00e8ce qui est \u00e0 la fois art et utilit\u00e9. \u00c9manant le charme de la M\u00e9diterran\u00e9e, ce bol est un excellent choix de souvenir pour ceux qui souhaitent ramener un morceau de Majorque chez eux. Chez Ol\u00e9 Mosaic, en tant que distributeur de souvenirs en gros, nous proposons un catalogue exclusif de produits qui refl\u00e8tent la richesse culturelle de chaque coin d&rsquo;Espagne, et ce bol est sans aucun doute une option de choix pour les boutiques de cadeaux touristiques en qu\u00eate d&rsquo;authenticit\u00e9 et d&rsquo;attrait.<\/p>\n","protected":false},"excerpt":{"rendered":"<p>Bol en noix de coco d\u00e9cor\u00e9 d&rsquo;une mosa\u00efque vibrante \u00e9voquant la beaut\u00e9 marine de Majorque. Ce bol attrayant se distingue par son design artistique, avec des fragments color\u00e9s dans des tons roses, bleus et marrons qui entourent l&rsquo;image d&rsquo;un dauphin au centre. Le mot \u00ab\u00a0MAJORQUE\u00a0\u00bb est imprim\u00e9 \u00e9l\u00e9gamment, soulignant son origine. Id\u00e9al comme pi\u00e8ce d\u00e9corative ou comme ustensile pratique, il combine fonctionnalit\u00e9 avec un style distinctif et plein de vie m\u00e9diterran\u00e9enne.<\/p>\n","protected":false},"featured_media":11815,"template":"","meta":{"_acf_changed":false},"product_brand":[],"product_cat":[521],"product_tag":[530],"class_list":{"0":"post-28652","1":"product","2":"type-product","3":"status-publish","4":"has-post-thumbnail","6":"product_cat-bols","7":"product_tag-animaux","8":"pa_ciudad-mallorca","9":"pa_motivo-dauphins","10":"pa_pais-espana","12":"first","13":"instock","14":"shipping-taxable","15":"product-type-simple"},"acf":[],"_links":{"self":[{"href":"https:\/\/olemosaic.com\/fr\/wp-json\/wp\/v2\/product\/28652","targetHints":{"allow":["GET"]}}],"collection":[{"href":"https:\/\/olemosaic.com\/fr\/wp-json\/wp\/v2\/product"}],"about":[{"href":"https:\/\/olemosaic.com\/fr\/wp-json\/wp\/v2\/types\/product"}],"wp:featuredmedia":[{"embeddable":true,"href":"https:\/\/olemosaic.com\/fr\/wp-json\/wp\/v2\/media\/11815"}],"wp:attachment":[{"href":"https:\/\/olemosaic.com\/fr\/wp-json\/wp\/v2\/media?parent=28652"}],"wp:term":[{"taxonomy":"product_brand","embeddable":true,"href":"https:\/\/olemosaic.com\/fr\/wp-json\/wp\/v2\/product_brand?post=28652"},{"taxonomy":"product_cat","embeddable":true,"href":"https:\/\/olemosaic.com\/fr\/wp-json\/wp\/v2\/product_cat?post=28652"},{"taxonomy":"product_tag","embeddable":true,"href":"https:\/\/olemosaic.com\/fr\/wp-json\/wp\/v2\/product_tag?post=28652"}],"curies":[{"name":"wp","href":"https:\/\/api.w.org\/{rel}","templated":true}]}}