{"id":28651,"date":"2025-02-20T22:30:15","date_gmt":"2025-02-20T22:30:15","guid":{"rendered":"http:\/\/olemosaic.com\/producto\/bol-de-coco-delfin-menorca\/"},"modified":"2025-07-25T20:29:49","modified_gmt":"2025-07-25T18:29:49","slug":"bol-noix-de-coco-dauphin-minorque","status":"publish","type":"product","link":"https:\/\/olemosaic.com\/fr\/produit\/bol-noix-de-coco-dauphin-minorque\/","title":{"rendered":"Bol en noix de coco. Dauphin. Minorque."},"content":{"rendered":"<p>Ce bol en noix de coco d\u00e9cor\u00e9 est un souvenir charmant qui capture l&rsquo;essence de Minorque, l&rsquo;une des perles de la M\u00e9diterran\u00e9e. Son design pr\u00e9sente une base aux tons doux qui encadre une collection vibrante de tesselles de mosa\u00efque, \u00e9voquant la riche diversit\u00e9 de couleurs qui ornent les paysages de l&rsquo;\u00eele. L&rsquo;int\u00e9rieur du bol est orn\u00e9 d&rsquo;une vari\u00e9t\u00e9 de tons bleus, roses et dor\u00e9s, cr\u00e9ant un effet visuel attrayant et joyeux qui ravira quiconque l&rsquo;observe. Au centre, un dauphin stylis\u00e9 accompagne le texte \u00ab\u00a0MINORQUE\u00a0\u00bb, symbolisant le lien profond de cette \u00eele avec la mer M\u00e9diterran\u00e9e et sa vie marine.<\/p>\n<p>Ce bol n&rsquo;est pas seulement id\u00e9al pour servir des ap\u00e9ritifs ou des collations, il agit \u00e9galement comme une pi\u00e8ce d\u00e9corative qui ajoute une touche m\u00e9diterran\u00e9enne et artistique \u00e0 n&rsquo;importe quel foyer. Son design artisanal et color\u00e9 en fait un excellent cadeau et un souvenir culturel pour ceux qui souhaitent ramener un morceau de Minorque chez eux. Chez Ol\u00e9 Mosaic, nous nous sp\u00e9cialisons dans la distribution de souvenirs en gros, offrant des produits authentiques et repr\u00e9sentatifs de la culture locale. Ce bol en noix de coco d\u00e9cor\u00e9 est un choix parfait pour les boutiques de cadeaux touristiques \u00e0 la recherche d&rsquo;articles uniques et de haute qualit\u00e9. Ce n&rsquo;est pas seulement un souvenir de Minorque, mais aussi un t\u00e9moignage de la beaut\u00e9 et de l&rsquo;art de l&rsquo;environnement m\u00e9diterran\u00e9en.<\/p>\n","protected":false},"excerpt":{"rendered":"<p>Bol en noix de coco d\u00e9cor\u00e9 de pi\u00e8ces de mosa\u00efque color\u00e9es, \u00e9voquant la beaut\u00e9 de Minorque. Ce r\u00e9cipient original combine une base aux tons doux avec une vari\u00e9t\u00e9 de couleurs vibrantes, cr\u00e9ant un effet visuel attrayant. Au centre, il pr\u00e9sente un dauphin stylis\u00e9 \u00e0 c\u00f4t\u00e9 du texte \u00ab\u00a0MINORQUE\u00a0\u00bb, soulignant le charme de l&rsquo;\u00eele. Id\u00e9al pour servir des ap\u00e9ritifs ou comme \u00e9l\u00e9ment d\u00e9coratif, il ajoute une touche m\u00e9diterran\u00e9enne \u00e0 n&rsquo;importe quel foyer.<\/p>\n","protected":false},"featured_media":11951,"template":"","meta":{"_acf_changed":false},"product_brand":[],"product_cat":[521],"product_tag":[530],"class_list":{"0":"post-28651","1":"product","2":"type-product","3":"status-publish","4":"has-post-thumbnail","6":"product_cat-bols","7":"product_tag-animaux","8":"pa_ciudad-menorca","9":"pa_motivo-dauphins","10":"pa_pais-espana","12":"first","13":"instock","14":"shipping-taxable","15":"product-type-simple"},"acf":[],"_links":{"self":[{"href":"https:\/\/olemosaic.com\/fr\/wp-json\/wp\/v2\/product\/28651","targetHints":{"allow":["GET"]}}],"collection":[{"href":"https:\/\/olemosaic.com\/fr\/wp-json\/wp\/v2\/product"}],"about":[{"href":"https:\/\/olemosaic.com\/fr\/wp-json\/wp\/v2\/types\/product"}],"wp:featuredmedia":[{"embeddable":true,"href":"https:\/\/olemosaic.com\/fr\/wp-json\/wp\/v2\/media\/11951"}],"wp:attachment":[{"href":"https:\/\/olemosaic.com\/fr\/wp-json\/wp\/v2\/media?parent=28651"}],"wp:term":[{"taxonomy":"product_brand","embeddable":true,"href":"https:\/\/olemosaic.com\/fr\/wp-json\/wp\/v2\/product_brand?post=28651"},{"taxonomy":"product_cat","embeddable":true,"href":"https:\/\/olemosaic.com\/fr\/wp-json\/wp\/v2\/product_cat?post=28651"},{"taxonomy":"product_tag","embeddable":true,"href":"https:\/\/olemosaic.com\/fr\/wp-json\/wp\/v2\/product_tag?post=28651"}],"curies":[{"name":"wp","href":"https:\/\/api.w.org\/{rel}","templated":true}]}}