{"id":28650,"date":"2025-02-20T23:30:15","date_gmt":"2025-02-20T22:30:15","guid":{"rendered":"http:\/\/olemosaic.com\/producto\/bol-de-coco-azul-isla-tenerife-4\/"},"modified":"2025-07-25T18:39:58","modified_gmt":"2025-07-25T16:39:58","slug":"bol-noix-de-coco-bleu-ile-tenerife-4","status":"publish","type":"product","link":"https:\/\/olemosaic.com\/fr\/produit\/bol-noix-de-coco-bleu-ile-tenerife-4\/","title":{"rendered":"Bol en noix de coco bleu. \u00cele. Tenerife. Canaries."},"content":{"rendered":"<p>Ce bol en noix de coco d\u00e9cor\u00e9 est un souvenir charmant de l&rsquo;\u00eele de Tenerife, capturant l&rsquo;essence du vibrant folklore canarien. Avec un design peint \u00e0 la main, ce bol pr\u00e9sente le contour attrayant de l&rsquo;\u00eele \u00e0 l&rsquo;int\u00e9rieur, entour\u00e9 de c\u0153urs color\u00e9s et de mosa\u00efques dans des tons de bleu, vert, rouge et violet. Sa base rustique en noix de coco ajoute non seulement une touche naturelle, mais renforce \u00e9galement l&rsquo;authenticit\u00e9 de l&rsquo;artisanat local. La combinaison de couleurs vibrantes et le travail artistique complexe font de ce bol un objet d\u00e9coratif et fonctionnel, id\u00e9al pour rehausser n&rsquo;importe quel espace de la maison ou pour une utilisation quotidienne.<\/p>\n<p>Ce bol n&rsquo;est pas seulement un accessoire visuellement captivant, il symbolise \u00e9galement le c\u0153ur de Tenerife, permettant aux touristes d&#8217;emporter un petit morceau de sa beaut\u00e9. La repr\u00e9sentation de l&rsquo;\u00eele et les \u00e9l\u00e9ments de design ludiques soulignent sa connexion culturelle, en faisant un souvenir parfait pour ceux qui recherchent des souvenirs de Tenerife authentiques et significatifs. Chez Ol\u00e9 Mosaic, en tant que distributeurs de souvenirs en gros, nous proposons des produits qui refl\u00e8tent la richesse culturelle de chaque r\u00e9gion, et ce bol en noix de coco est un choix exceptionnel pour les boutiques de cadeaux touristiques souhaitant mettre en avant l&rsquo;artisanat local.<\/p>\n","protected":false},"excerpt":{"rendered":"<p>Bol en noix de coco d\u00e9cor\u00e9 de couleurs vibrantes, inspir\u00e9 de l&rsquo;\u00eele de Tenerife. Ce bol charmant pr\u00e9sente un design artisanal, peint \u00e0 la main, o\u00f9 se d\u00e9tache le contour de l&rsquo;\u00eele \u00e0 l&rsquo;int\u00e9rieur, entour\u00e9 de c\u0153urs color\u00e9s et de mosa\u00efques dans des tons bleus, verts, rouges et violets. Son bord naturel en noix de coco lui donne une touche rustique, en faisant un souvenir unique et attrayant qui capture l&rsquo;essence du folklore canarien. Id\u00e9al pour la d\u00e9coration ou l&rsquo;usage quotidien.<\/p>\n","protected":false},"featured_media":10315,"template":"","meta":{"_acf_changed":false},"product_brand":[],"product_cat":[521],"product_tag":[],"class_list":{"0":"post-28650","1":"product","2":"type-product","3":"status-publish","4":"has-post-thumbnail","6":"product_cat-bols","7":"pa_ciudad-tenerife","8":"pa_motivo-iles","9":"pa_pais-espana","11":"first","12":"instock","13":"shipping-taxable","14":"product-type-simple"},"acf":[],"_links":{"self":[{"href":"https:\/\/olemosaic.com\/fr\/wp-json\/wp\/v2\/product\/28650","targetHints":{"allow":["GET"]}}],"collection":[{"href":"https:\/\/olemosaic.com\/fr\/wp-json\/wp\/v2\/product"}],"about":[{"href":"https:\/\/olemosaic.com\/fr\/wp-json\/wp\/v2\/types\/product"}],"wp:featuredmedia":[{"embeddable":true,"href":"https:\/\/olemosaic.com\/fr\/wp-json\/wp\/v2\/media\/10315"}],"wp:attachment":[{"href":"https:\/\/olemosaic.com\/fr\/wp-json\/wp\/v2\/media?parent=28650"}],"wp:term":[{"taxonomy":"product_brand","embeddable":true,"href":"https:\/\/olemosaic.com\/fr\/wp-json\/wp\/v2\/product_brand?post=28650"},{"taxonomy":"product_cat","embeddable":true,"href":"https:\/\/olemosaic.com\/fr\/wp-json\/wp\/v2\/product_cat?post=28650"},{"taxonomy":"product_tag","embeddable":true,"href":"https:\/\/olemosaic.com\/fr\/wp-json\/wp\/v2\/product_tag?post=28650"}],"curies":[{"name":"wp","href":"https:\/\/api.w.org\/{rel}","templated":true}]}}