{"id":28643,"date":"2025-02-20T22:30:14","date_gmt":"2025-02-20T22:30:14","guid":{"rendered":"http:\/\/olemosaic.com\/producto\/bol-de-coco-delfin-barcelona\/"},"modified":"2025-07-25T19:05:43","modified_gmt":"2025-07-25T17:05:43","slug":"bol-noix-de-coco-dauphin-barcelone","status":"publish","type":"product","link":"https:\/\/olemosaic.com\/fr\/produit\/bol-noix-de-coco-dauphin-barcelone\/","title":{"rendered":"Bol en noix de coco. Dauphin. Barcelone."},"content":{"rendered":"<p>Ce bol en noix de coco d\u00e9cor\u00e9 est un exemplaire vibrant qui capture l&rsquo;essence de la beaut\u00e9 m\u00e9diterran\u00e9enne de Barcelone. R\u00e9alis\u00e9 avec une technique artisanale m\u00e9ticuleuse, son design pr\u00e9sente une mosa\u00efque de couleurs allant des tons pourpres aux tons bleut\u00e9s et terre cuite. Au centre, un dauphin stylis\u00e9, symbole repr\u00e9sentatif de la c\u00f4te barcelonaise, se d\u00e9tache sur un fond doux, compl\u00e9t\u00e9 par le mot \u00ab\u00a0Barcelona\u00a0\u00bb, qui souligne le caract\u00e8re authentique de ce souvenir.<\/p>\n<p>Le bol n&rsquo;est pas seulement une pi\u00e8ce fonctionnelle, mais aussi une \u0153uvre d&rsquo;art qui raconte une histoire culturelle. Les dauphins sont une ic\u00f4ne des eaux qui entourent cette ville vibrante, et ce design \u00e9voque la joie et la vitalit\u00e9 de la mer M\u00e9diterran\u00e9e. C&rsquo;est un excellent souvenir pour ceux qui visitent la c\u00f4te, car il permet de ramener un morceau de l&rsquo;exp\u00e9rience barcelonaise chez soi.<\/p>\n<p>Chez Ol\u00e9 Mosaic, nous comprenons l&rsquo;importance de proposer des articles qui cr\u00e9ent un lien \u00e9motionnel avec les touristes, et ce bol en noix de coco est l&rsquo;option id\u00e9ale pour les boutiques de cadeaux touristiques recherchant des produits authentiques et repr\u00e9sentatifs. Avec ce bol, vous n&rsquo;acqu\u00e9rez pas seulement un souvenir de Barcelone, mais un morceau de sa culture, parfait pour ceux qui recherchent un souvenir significatif de leur voyage. En tant que grossistes de souvenirs, nous garantissons la qualit\u00e9 et l&rsquo;artisanat de chaque produit que nous distribuons.<\/p>\n","protected":false},"excerpt":{"rendered":"<p>Bol en noix de coco d\u00e9cor\u00e9 d&rsquo;une mosa\u00efque de couleurs vibrantes repr\u00e9sentant un dauphin, symbole embl\u00e9matique de la c\u00f4te barcelonaise. Fabriqu\u00e9 artisanalement, ce bol se distingue par ses pi\u00e8ces de couleurs vari\u00e9es dans les tons pourpres, bleut\u00e9s et terre cuite, cr\u00e9ant un effet visuel captivant. Au centre, un dauphin stylis\u00e9 ressort sur un fond doux, avec le mot \u00ab\u00a0Barcelona\u00a0\u00bb, en faisant le souvenir parfait pour se rappeler la beaut\u00e9 m\u00e9diterran\u00e9enne.<\/p>\n","protected":false},"featured_media":11810,"template":"","meta":{"_acf_changed":false},"product_brand":[],"product_cat":[521],"product_tag":[530],"class_list":{"0":"post-28643","1":"product","2":"type-product","3":"status-publish","4":"has-post-thumbnail","6":"product_cat-bols","7":"product_tag-animaux","8":"pa_ciudad-barcelona","9":"pa_motivo-dauphins","10":"pa_pais-espana","12":"first","13":"instock","14":"shipping-taxable","15":"product-type-simple"},"acf":[],"_links":{"self":[{"href":"https:\/\/olemosaic.com\/fr\/wp-json\/wp\/v2\/product\/28643","targetHints":{"allow":["GET"]}}],"collection":[{"href":"https:\/\/olemosaic.com\/fr\/wp-json\/wp\/v2\/product"}],"about":[{"href":"https:\/\/olemosaic.com\/fr\/wp-json\/wp\/v2\/types\/product"}],"wp:featuredmedia":[{"embeddable":true,"href":"https:\/\/olemosaic.com\/fr\/wp-json\/wp\/v2\/media\/11810"}],"wp:attachment":[{"href":"https:\/\/olemosaic.com\/fr\/wp-json\/wp\/v2\/media?parent=28643"}],"wp:term":[{"taxonomy":"product_brand","embeddable":true,"href":"https:\/\/olemosaic.com\/fr\/wp-json\/wp\/v2\/product_brand?post=28643"},{"taxonomy":"product_cat","embeddable":true,"href":"https:\/\/olemosaic.com\/fr\/wp-json\/wp\/v2\/product_cat?post=28643"},{"taxonomy":"product_tag","embeddable":true,"href":"https:\/\/olemosaic.com\/fr\/wp-json\/wp\/v2\/product_tag?post=28643"}],"curies":[{"name":"wp","href":"https:\/\/api.w.org\/{rel}","templated":true}]}}