{"id":28642,"date":"2025-02-20T23:30:14","date_gmt":"2025-02-20T22:30:14","guid":{"rendered":"http:\/\/olemosaic.com\/producto\/bol-de-coco-isla-mallorca\/"},"modified":"2025-07-25T18:57:49","modified_gmt":"2025-07-25T16:57:49","slug":"bol-noix-de-coco-ile-majorque","status":"publish","type":"product","link":"https:\/\/olemosaic.com\/fr\/produit\/bol-noix-de-coco-ile-majorque\/","title":{"rendered":"Bol en noix de coco. \u00cele. Majorque."},"content":{"rendered":"<p>Ce bol en noix de coco d\u00e9cor\u00e9 est un v\u00e9ritable hommage \u00e0 la beaut\u00e9 de Majorque, con\u00e7u avec une mosa\u00efque vibrante et color\u00e9e qui capture l&rsquo;essence de l&rsquo;environnement m\u00e9diterran\u00e9en. De conception artisanale, il arbore un fond blanc sur lequel brillent diverses mosa\u00efques dans des tons violets, bleus, oranges et dor\u00e9s. Au centre, la silhouette de l&rsquo;\u00eele de Majorque se d\u00e9tache, d\u00e9licatement peinte \u00e0 la main, ajoutant une touche d&rsquo;authenticit\u00e9 \u00e0 cette pi\u00e8ce unique. Ce bol n&rsquo;est pas seulement parfait comme \u00e9l\u00e9ment d\u00e9coratif, il est \u00e9galement id\u00e9al pour servir des ap\u00e9ritifs ou de petits plats, offrant une fonctionnalit\u00e9 qui en fait un objet indispensable dans tout foyer.<\/p>\n<p>La connexion culturelle du bol avec la r\u00e9gion des Bal\u00e9ares se refl\u00e8te dans ses couleurs \u00e9clatantes et son design, qui \u00e9voquent les vues et la lumi\u00e8re de la mer M\u00e9diterran\u00e9e. Ce souvenir repr\u00e9sente non seulement un objet physique, mais une exp\u00e9rience vitale de Majorque, invitant les touristes \u00e0 emporter un morceau de sa magie. Chez Ol\u00e9 Mosaic, nous sommes fiers de proposer des souvenirs authentiques qui refl\u00e8tent le patrimoine culturel de l&rsquo;Espagne. Ce bol en noix de coco est une excellente option pour les boutiques de cadeaux touristiques recherchant des produits de qualit\u00e9 et significatifs, se distinguant parmi les souvenirs de Majorque par son design attrayant et sa pertinence culturelle. En tant que grossistes de souvenirs, nous garantissons la qualit\u00e9 et l&rsquo;originalit\u00e9 de chaque pi\u00e8ce.<\/p>\n","protected":false},"excerpt":{"rendered":"<p>Bol en noix de coco d\u00e9coratif inspir\u00e9 par la beaut\u00e9 de Majorque, \u00e9labor\u00e9 avec un design vibrant et color\u00e9. Cet \u00e9l\u00e9gant bol pr\u00e9sente un fond blanc avec des mosa\u00efques dans les tons violets, bleus, oranges et dor\u00e9s, \u00e9voquant l&rsquo;essence m\u00e9diterran\u00e9enne. Au centre, la silhouette de l&rsquo;\u00eele de Majorque se d\u00e9tache, design artisanal, peint \u00e0 la main, avec une finition brillante. Id\u00e9al comme \u00e9l\u00e9ment d\u00e9coratif ou pour servir des ap\u00e9ritifs, ce bol est un authentique souvenir de la culture bal\u00e9are.<\/p>\n","protected":false},"featured_media":11818,"template":"","meta":{"_acf_changed":false},"product_brand":[],"product_cat":[521],"product_tag":[],"class_list":{"0":"post-28642","1":"product","2":"type-product","3":"status-publish","4":"has-post-thumbnail","6":"product_cat-bols","7":"pa_ciudad-mallorca","8":"pa_motivo-iles","9":"pa_pais-espana","11":"first","12":"instock","13":"shipping-taxable","14":"product-type-simple"},"acf":[],"_links":{"self":[{"href":"https:\/\/olemosaic.com\/fr\/wp-json\/wp\/v2\/product\/28642","targetHints":{"allow":["GET"]}}],"collection":[{"href":"https:\/\/olemosaic.com\/fr\/wp-json\/wp\/v2\/product"}],"about":[{"href":"https:\/\/olemosaic.com\/fr\/wp-json\/wp\/v2\/types\/product"}],"wp:featuredmedia":[{"embeddable":true,"href":"https:\/\/olemosaic.com\/fr\/wp-json\/wp\/v2\/media\/11818"}],"wp:attachment":[{"href":"https:\/\/olemosaic.com\/fr\/wp-json\/wp\/v2\/media?parent=28642"}],"wp:term":[{"taxonomy":"product_brand","embeddable":true,"href":"https:\/\/olemosaic.com\/fr\/wp-json\/wp\/v2\/product_brand?post=28642"},{"taxonomy":"product_cat","embeddable":true,"href":"https:\/\/olemosaic.com\/fr\/wp-json\/wp\/v2\/product_cat?post=28642"},{"taxonomy":"product_tag","embeddable":true,"href":"https:\/\/olemosaic.com\/fr\/wp-json\/wp\/v2\/product_tag?post=28642"}],"curies":[{"name":"wp","href":"https:\/\/api.w.org\/{rel}","templated":true}]}}