{"id":28641,"date":"2025-02-20T23:30:14","date_gmt":"2025-02-20T22:30:14","guid":{"rendered":"http:\/\/olemosaic.com\/producto\/bol-de-coco-con-flores-sagrada-familia-barcelona\/"},"modified":"2025-07-25T19:39:10","modified_gmt":"2025-07-25T17:39:10","slug":"bol-noix-de-coco-fleurs-sagrada-familia-barcelone","status":"publish","type":"product","link":"https:\/\/olemosaic.com\/fr\/produit\/bol-noix-de-coco-fleurs-sagrada-familia-barcelone\/","title":{"rendered":"Bol en noix de coco avec fleurs. Sagrada Familia. Barcelone."},"content":{"rendered":"<p>Ce bol en noix de coco d\u00e9cor\u00e9 est un authentique souvenir de Barcelone qui fusionne la beaut\u00e9 naturelle avec l&rsquo;art catalan. Son design peint \u00e0 la main pr\u00e9sente une base claire orn\u00e9e de mosa\u00efques d\u00e9licates aux tons vibrants d&rsquo;orange, de bleu et de rose, \u00e9voquant l&rsquo;esprit color\u00e9 de la ville. Au centre, l&rsquo;image iconique de la Sagrada Familia se d\u00e9tache, l&rsquo;un des monuments les plus embl\u00e9matiques de Barcelone, entour\u00e9e de motifs floraux qui rehaussent son esth\u00e9tique unique. Le texte \u00ab\u00a0Barcelona\u00a0\u00bb est dessin\u00e9 avec un design stylis\u00e9 qui unifie la pi\u00e8ce, id\u00e9al tant pour un usage d\u00e9coratif que pour compl\u00e9ter une table.<\/p>\n<p>Ce bol est plus qu&rsquo;un simple accessoire : c&rsquo;est un morceau de la culture catalane qui capture l&rsquo;essence de la cit\u00e9 comtale et sa richesse architecturale. Son authenticit\u00e9 r\u00e9side non seulement dans sa fabrication, mais aussi dans la mani\u00e8re dont il repr\u00e9sente l&rsquo;h\u00e9ritage artistique que Gaud\u00ed a l\u00e9gu\u00e9 \u00e0 la ville. C&rsquo;est le souvenir parfait pour les touristes qui souhaitent ramener un morceau de Barcelone chez eux. Chez Ol\u00e9 Mosaic, nous nous sp\u00e9cialisons dans la distribution de souvenirs de qualit\u00e9 en gros, et ce bol en noix de coco est une excellente option pour les boutiques de cadeaux touristiques souhaitant proposer des produits authentiques et repr\u00e9sentatifs. En tant que grossistes de souvenirs, nous garantissons le design et la pertinence culturelle de chaque pi\u00e8ce.<\/p>\n","protected":false},"excerpt":{"rendered":"<p>Bol en noix de coco d\u00e9cor\u00e9 de motifs floraux color\u00e9s et de l&rsquo;iconique Sagrada Familia de Barcelone. Ce bol attrayant pr\u00e9sente un design artisanal, peint \u00e0 la main, avec une base claire orn\u00e9e de mosa\u00efques dans les tons orange, bleu et rose. Au centre, l&rsquo;illustration stylis\u00e9e de la c\u00e9l\u00e8bre basilique se d\u00e9tache, compl\u00e9t\u00e9e par l&rsquo;inscription \u00ab\u00a0Barcelona\u00a0\u00bb. Id\u00e9al pour un usage d\u00e9coratif ou comme souvenir authentique de la culture catalane.<\/p>\n","protected":false},"featured_media":13491,"template":"","meta":{"_acf_changed":false},"product_brand":[],"product_cat":[521],"product_tag":[],"class_list":{"0":"post-28641","1":"product","2":"type-product","3":"status-publish","4":"has-post-thumbnail","6":"product_cat-bols","7":"pa_ciudad-barcelona","8":"pa_motivo-sagrada-familia","9":"pa_pais-espana","11":"first","12":"instock","13":"shipping-taxable","14":"product-type-simple"},"acf":[],"_links":{"self":[{"href":"https:\/\/olemosaic.com\/fr\/wp-json\/wp\/v2\/product\/28641","targetHints":{"allow":["GET"]}}],"collection":[{"href":"https:\/\/olemosaic.com\/fr\/wp-json\/wp\/v2\/product"}],"about":[{"href":"https:\/\/olemosaic.com\/fr\/wp-json\/wp\/v2\/types\/product"}],"wp:featuredmedia":[{"embeddable":true,"href":"https:\/\/olemosaic.com\/fr\/wp-json\/wp\/v2\/media\/13491"}],"wp:attachment":[{"href":"https:\/\/olemosaic.com\/fr\/wp-json\/wp\/v2\/media?parent=28641"}],"wp:term":[{"taxonomy":"product_brand","embeddable":true,"href":"https:\/\/olemosaic.com\/fr\/wp-json\/wp\/v2\/product_brand?post=28641"},{"taxonomy":"product_cat","embeddable":true,"href":"https:\/\/olemosaic.com\/fr\/wp-json\/wp\/v2\/product_cat?post=28641"},{"taxonomy":"product_tag","embeddable":true,"href":"https:\/\/olemosaic.com\/fr\/wp-json\/wp\/v2\/product_tag?post=28641"}],"curies":[{"name":"wp","href":"https:\/\/api.w.org\/{rel}","templated":true}]}}