{"id":28639,"date":"2025-02-20T23:30:14","date_gmt":"2025-02-20T22:30:14","guid":{"rendered":"http:\/\/olemosaic.com\/producto\/bol-de-coco-con-flores-tortuga-mallorca\/"},"modified":"2025-07-25T18:57:49","modified_gmt":"2025-07-25T16:57:49","slug":"bol-noix-de-coco-fleurs-tortue-majorque","status":"publish","type":"product","link":"https:\/\/olemosaic.com\/fr\/produit\/bol-noix-de-coco-fleurs-tortue-majorque\/","title":{"rendered":"Bol en noix de coco avec fleurs. Tortue. Majorque."},"content":{"rendered":"<p>Ce bol en noix de coco d\u00e9cor\u00e9 est un v\u00e9ritable hommage \u00e0 la beaut\u00e9 de Majorque, id\u00e9al pour ceux qui recherchent un souvenir capturant l&rsquo;essence de cette \u00eele idyllique des Bal\u00e9ares. Avec une finition peinte \u00e0 la main, ce bol pr\u00e9sente un design floral vibrant dans des tons chauds comme l&rsquo;orange, le rouge et le bleu, apportant de la joie et une touche m\u00e9diterran\u00e9enne \u00e0 n&rsquo;importe quel environnement. Au centre, une tortue se distingue, symbole de la vie marine de Majorque, accompagn\u00e9e de l&rsquo;inscription \u00ab\u00a0MALLORCA\u00a0\u00bb, soulignant son authenticit\u00e9 en tant que souvenir de cette magnifique destination.<\/p>\n<p>La forme naturelle du bol, fabriqu\u00e9 \u00e0 partir de noix de coco, lui conf\u00e8re non seulement un caract\u00e8re artisanal, mais en fait \u00e9galement un \u00e9l\u00e9ment d\u00e9coratif polyvalent, parfait pour pr\u00e9senter des ap\u00e9ritifs ou comme pi\u00e8ce d&rsquo;ornement. Chacun de ces bols est unique, rempli de d\u00e9tails m\u00e9ticuleusement travaill\u00e9s, refl\u00e9tant non seulement le savoir-faire des artisans, mais aussi la riche culture et tradition de l&rsquo;\u00eele.<\/p>\n<p>Chez Ol\u00e9 Mosaic, nous nous sp\u00e9cialisons dans l&rsquo;offre de souvenirs authentiques de Majorque et d&rsquo;autres destinations touristiques, et ce bol en noix de coco d\u00e9cor\u00e9 est une option id\u00e9ale pour les boutiques de cadeaux recherchant des produits de qualit\u00e9 avec une histoire. Attirez vos clients avec ce bol exquis, un souvenir repr\u00e9sentatif qui \u00e9voquera la chaleur et la beaut\u00e9 du paysage majorquin \u00e0 chaque utilisation.<\/p>\n","protected":false},"excerpt":{"rendered":"<p>Bol en noix de coco d\u00e9cor\u00e9 d&rsquo;un design floral vibrant et d&rsquo;une tortue, \u00e9voquant l&rsquo;essence de Majorque. Ce bol, au design artisanal fini et peint \u00e0 la main dans des tons chauds comme l&rsquo;orange, le rouge et le bleu, pr\u00e9sente un motif central avec le mot \u00ab\u00a0MALLORCA\u00a0\u00bb. Id\u00e9al comme \u00e9l\u00e9ment d\u00e9coratif ou pour une utilisation \u00e0 table, sa forme naturelle et artisanale apporte une touche unique \u00e0 tout espace.<\/p>\n","protected":false},"featured_media":10368,"template":"","meta":{"_acf_changed":false},"product_brand":[],"product_cat":[521],"product_tag":[530],"class_list":{"0":"post-28639","1":"product","2":"type-product","3":"status-publish","4":"has-post-thumbnail","6":"product_cat-bols","7":"product_tag-animaux","8":"pa_ciudad-mallorca","9":"pa_motivo-tortues","10":"pa_pais-espana","12":"first","13":"instock","14":"shipping-taxable","15":"product-type-simple"},"acf":[],"_links":{"self":[{"href":"https:\/\/olemosaic.com\/fr\/wp-json\/wp\/v2\/product\/28639","targetHints":{"allow":["GET"]}}],"collection":[{"href":"https:\/\/olemosaic.com\/fr\/wp-json\/wp\/v2\/product"}],"about":[{"href":"https:\/\/olemosaic.com\/fr\/wp-json\/wp\/v2\/types\/product"}],"wp:featuredmedia":[{"embeddable":true,"href":"https:\/\/olemosaic.com\/fr\/wp-json\/wp\/v2\/media\/10368"}],"wp:attachment":[{"href":"https:\/\/olemosaic.com\/fr\/wp-json\/wp\/v2\/media?parent=28639"}],"wp:term":[{"taxonomy":"product_brand","embeddable":true,"href":"https:\/\/olemosaic.com\/fr\/wp-json\/wp\/v2\/product_brand?post=28639"},{"taxonomy":"product_cat","embeddable":true,"href":"https:\/\/olemosaic.com\/fr\/wp-json\/wp\/v2\/product_cat?post=28639"},{"taxonomy":"product_tag","embeddable":true,"href":"https:\/\/olemosaic.com\/fr\/wp-json\/wp\/v2\/product_tag?post=28639"}],"curies":[{"name":"wp","href":"https:\/\/api.w.org\/{rel}","templated":true}]}}