{"id":28617,"date":"2025-02-20T23:30:14","date_gmt":"2025-02-20T22:30:14","guid":{"rendered":"http:\/\/olemosaic.com\/producto\/bol-de-coco-flores-2\/"},"modified":"2025-07-25T20:42:49","modified_gmt":"2025-07-25T18:42:49","slug":"bol-noix-de-coco-fleurs-2","status":"publish","type":"product","link":"https:\/\/olemosaic.com\/fr\/produit\/bol-noix-de-coco-fleurs-2\/","title":{"rendered":"Bol en noix de coco. Fleurs. Style m\u00e9diterran\u00e9en."},"content":{"rendered":"<p>Ce bol en noix de coco d\u00e9cor\u00e9 est le choix parfait pour ceux qui recherchent un souvenir authentique et distinctif \u00e9voquant la beaut\u00e9 du style m\u00e9diterran\u00e9en. \u00c9labor\u00e9 avec de la noix de coco naturelle, ce bol pr\u00e9sente une finition brillante qui fait ressortir les couleurs vibrantes de ses motifs floraux d\u00e9coratifs dans des tons bleus, roses et terre cuite. Chaque pi\u00e8ce est unique, car chaque bol est peint \u00e0 la main par des artisans locaux, garantissant une touche sp\u00e9ciale et personnelle \u00e0 chaque produit.<\/p>\n<p>Son design artistique n&rsquo;en fait pas seulement un magnifique centre de table, mais il est aussi id\u00e9al pour un usage quotidien, apportant une touche exotique et chaleureuse \u00e0 n&rsquo;importe quel foyer. Les fleurs, m\u00e9ticuleusement con\u00e7ues, \u00e9voquent les paysages m\u00e9diterran\u00e9ens, apportant un air frais et plein de vie. Cette pi\u00e8ce se distingue non seulement par sa fonctionnalit\u00e9, mais aussi par sa pertinence culturelle, symbolisant l&rsquo;amour de l&rsquo;artisanat et de la tradition de la r\u00e9gion o\u00f9 elle est cr\u00e9\u00e9e.<\/p>\n<p>Chez Ol\u00e9 Mosaic, nous nous sp\u00e9cialisons dans la distribution de souvenirs en gros qui c\u00e9l\u00e8brent la richesse du patrimoine culturel. Ce bol en noix de coco est une excellente option pour les boutiques de cadeaux touristiques \u00e0 la recherche de produits authentiques et artisanaux. Il s&rsquo;agit d&rsquo;un souvenir id\u00e9al alliant esth\u00e9tique et fonctionnalit\u00e9, repr\u00e9sentant l&rsquo;essence du style m\u00e9diterran\u00e9en et le savoir-faire artisanal.<\/p>\n","protected":false},"excerpt":{"rendered":"<p>Bol en noix de coco d\u00e9cor\u00e9 d&rsquo;un magnifique design floral, id\u00e9al pour ajouter une touche exotique \u00e0 n&rsquo;importe quel foyer. Cet article, fait de noix de coco naturelle, pr\u00e9sente une finition brillante qui souligne les couleurs vibrantes des fleurs dans des tons bleus, roses et terre cuite. Chaque bol, au design artisanal et peint \u00e0 la main, est unique et parfait comme centre de table ou pour un usage quotidien. Son design artistique allie fonctionnalit\u00e9 et esth\u00e9tique, \u00e9voquant le style m\u00e9diterran\u00e9en.<\/p>\n","protected":false},"featured_media":11829,"template":"","meta":{"_acf_changed":false},"product_brand":[],"product_cat":[521],"product_tag":[],"class_list":{"0":"post-28617","1":"product","2":"type-product","3":"status-publish","4":"has-post-thumbnail","6":"product_cat-bols","7":"pa_motivo-fleurs","9":"first","10":"instock","11":"shipping-taxable","12":"product-type-simple"},"acf":[],"_links":{"self":[{"href":"https:\/\/olemosaic.com\/fr\/wp-json\/wp\/v2\/product\/28617","targetHints":{"allow":["GET"]}}],"collection":[{"href":"https:\/\/olemosaic.com\/fr\/wp-json\/wp\/v2\/product"}],"about":[{"href":"https:\/\/olemosaic.com\/fr\/wp-json\/wp\/v2\/types\/product"}],"wp:featuredmedia":[{"embeddable":true,"href":"https:\/\/olemosaic.com\/fr\/wp-json\/wp\/v2\/media\/11829"}],"wp:attachment":[{"href":"https:\/\/olemosaic.com\/fr\/wp-json\/wp\/v2\/media?parent=28617"}],"wp:term":[{"taxonomy":"product_brand","embeddable":true,"href":"https:\/\/olemosaic.com\/fr\/wp-json\/wp\/v2\/product_brand?post=28617"},{"taxonomy":"product_cat","embeddable":true,"href":"https:\/\/olemosaic.com\/fr\/wp-json\/wp\/v2\/product_cat?post=28617"},{"taxonomy":"product_tag","embeddable":true,"href":"https:\/\/olemosaic.com\/fr\/wp-json\/wp\/v2\/product_tag?post=28617"}],"curies":[{"name":"wp","href":"https:\/\/api.w.org\/{rel}","templated":true}]}}