{"id":28615,"date":"2025-02-20T23:30:13","date_gmt":"2025-02-20T22:30:13","guid":{"rendered":"http:\/\/olemosaic.com\/producto\/bol-de-coco-fucsia-bailaora\/"},"modified":"2025-07-25T20:17:52","modified_gmt":"2025-07-25T18:17:52","slug":"bol-noix-de-coco-fuchsia-danseuse-flamenco","status":"publish","type":"product","link":"https:\/\/olemosaic.com\/fr\/produit\/bol-noix-de-coco-fuchsia-danseuse-flamenco\/","title":{"rendered":"Bol en noix de coco fuchsia. Danseuse de flamenco."},"content":{"rendered":"<p>Ce bol en noix de coco fuchsia, d\u00e9cor\u00e9 de motifs flamenco, est un exemple exquis de la richesse culturelle andalouse. Avec sa forme circulaire \u00e9l\u00e9gante et son design unique peint \u00e0 la main, le bol pr\u00e9sente un fond blanc brillant qui rehausse des p\u00e9tales fuchsia, cr\u00e9ant un contraste visuel attrayant qui captive le regard. Au centre, la figure d&rsquo;une danseuse de flamenco se d\u00e9tache, repr\u00e9sentant l&rsquo;essence du flamenco, o\u00f9 le mouvement et la passion se conjuguent de mani\u00e8re artistique.<\/p>\n<p>Les d\u00e9tails m\u00e9ticuleusement trac\u00e9s sur chaque p\u00e9tale ajoutent une touche de sophistication et de singularit\u00e9 \u00e0 la pi\u00e8ce, en faisant un excellent souvenir qui encapsule la tradition et le caract\u00e8re de l&rsquo;Andalousie. Ce bol n&rsquo;est pas seulement id\u00e9al \u00e0 des fins d\u00e9coratives, mais il s&rsquo;adapte aussi parfaitement \u00e0 un usage quotidien, que ce soit pour servir des aliments ou comme \u00e9l\u00e9ment rehaussant la d\u00e9coration de n&rsquo;importe quel espace.<\/p>\n<p>Chez Ol\u00e9 Mosaic, nous nous sp\u00e9cialisons dans la distribution de souvenirs authentiques et culturellement significatifs, proposant ce bol en noix de coco fuchsia comme un choix parfait pour les boutiques de cadeaux touristiques cherchant \u00e0 attirer les visiteurs d\u00e9sireux de ramener chez eux un morceau de la tradition andalouse. Ce bol en noix de coco est plus qu&rsquo;un simple objet ; c&rsquo;est un souvenir du profond h\u00e9ritage culturel de l&rsquo;Espagne, id\u00e9al pour ceux qui recherchent des souvenirs racontant une histoire.<\/p>\n","protected":false},"excerpt":{"rendered":"<p>Bol en noix de coco d\u00e9cor\u00e9 en fuchsia, inspir\u00e9 par l&rsquo;art flamenco. Ce bol \u00e9l\u00e9gant pr\u00e9sente un design artisanal, peint \u00e0 la main, avec des p\u00e9tales fuchsia contrastant avec le fond blanc brillant. Au centre, une danseuse de flamenco se distingue, apportant une touche culturelle et distinctive. Le m\u00e9lange de couleurs vibrantes et la repr\u00e9sentation artistique font de ce bol un souvenir attrayant de la riche tradition andalouse. Id\u00e9al comme \u00e9l\u00e9ment d\u00e9coratif ou pour un usage quotidien.<\/p>\n","protected":false},"featured_media":11964,"template":"","meta":{"_acf_changed":false},"product_brand":[],"product_cat":[521],"product_tag":[],"class_list":{"0":"post-28615","1":"product","2":"type-product","3":"status-publish","4":"has-post-thumbnail","6":"product_cat-bols","7":"pa_motivo-danseurs","9":"first","10":"instock","11":"shipping-taxable","12":"product-type-simple"},"acf":[],"_links":{"self":[{"href":"https:\/\/olemosaic.com\/fr\/wp-json\/wp\/v2\/product\/28615","targetHints":{"allow":["GET"]}}],"collection":[{"href":"https:\/\/olemosaic.com\/fr\/wp-json\/wp\/v2\/product"}],"about":[{"href":"https:\/\/olemosaic.com\/fr\/wp-json\/wp\/v2\/types\/product"}],"wp:featuredmedia":[{"embeddable":true,"href":"https:\/\/olemosaic.com\/fr\/wp-json\/wp\/v2\/media\/11964"}],"wp:attachment":[{"href":"https:\/\/olemosaic.com\/fr\/wp-json\/wp\/v2\/media?parent=28615"}],"wp:term":[{"taxonomy":"product_brand","embeddable":true,"href":"https:\/\/olemosaic.com\/fr\/wp-json\/wp\/v2\/product_brand?post=28615"},{"taxonomy":"product_cat","embeddable":true,"href":"https:\/\/olemosaic.com\/fr\/wp-json\/wp\/v2\/product_cat?post=28615"},{"taxonomy":"product_tag","embeddable":true,"href":"https:\/\/olemosaic.com\/fr\/wp-json\/wp\/v2\/product_tag?post=28615"}],"curies":[{"name":"wp","href":"https:\/\/api.w.org\/{rel}","templated":true}]}}