{"id":28601,"date":"2025-02-20T22:30:13","date_gmt":"2025-02-20T22:30:13","guid":{"rendered":"http:\/\/olemosaic.com\/producto\/bol-de-coco-camello-lanzarote\/"},"modified":"2025-07-25T19:30:31","modified_gmt":"2025-07-25T17:30:31","slug":"bol-noix-de-coco-chameau-lanzarote","status":"publish","type":"product","link":"https:\/\/olemosaic.com\/fr\/produit\/bol-noix-de-coco-chameau-lanzarote\/","title":{"rendered":"Bol en noix de coco. Chameau. Lanzarote."},"content":{"rendered":"<p>Ce bol en noix de coco, d\u00e9cor\u00e9 d&rsquo;une mosa\u00efque de couleurs vibrantes, est une pi\u00e8ce authentique qui capture l&rsquo;essence du paysage de Lanzarote. Son design captivant int\u00e8gre de petites tesselles dans des tons bleus, roses et marrons, m\u00e9ticuleusement assembl\u00e9es pour cr\u00e9er un motif attrayant et unique. Au centre du bol se d\u00e9tache un chameau, symbole embl\u00e9matique du d\u00e9sert des Canaries, qui \u00e9voque la riche tradition de l&rsquo;\u00eele, et est rehauss\u00e9 par l&rsquo;inscription \u00ab Lanzarote \u00bb, un d\u00e9tail qui en fait un souvenir significatif et authentique de votre visite.<\/p>\n<p>La forme organique du bol, fabriqu\u00e9 \u00e0 partir de noix de coco, le rend non seulement l\u00e9ger et facile \u00e0 manipuler, mais lui donne \u00e9galement une touche naturelle et rustique qui s&rsquo;int\u00e8gre parfaitement dans n&rsquo;importe quel environnement. Il est id\u00e9al aussi bien comme objet d\u00e9coratif, pour embellir n&rsquo;importe quelle table ou \u00e9tag\u00e8re, que pour servir des ap\u00e9ritifs, apportant un air d&rsquo;authenticit\u00e9 locale qui ravira les invit\u00e9s et les amateurs de gastronomie.<\/p>\n<p>En tant que distributeurs de souvenirs en gros, chez Ol\u00e9 Mosaic, nous proposons cette pi\u00e8ce culturelle distinctive qui non seulement refl\u00e8te la beaut\u00e9 de Lanzarote, mais repr\u00e9sente \u00e9galement le lien avec son h\u00e9ritage culturel. Ce bol d\u00e9coratif est une excellente option pour les boutiques de cadeaux touristiques \u00e0 la recherche de produits authentiques et color\u00e9s pour attirer et ravir les visiteurs int\u00e9ress\u00e9s par des souvenirs repr\u00e9sentatifs de leur exp\u00e9rience aux \u00eeles Canaries.<\/p>\n","protected":false},"excerpt":{"rendered":"<p>Bol en noix de coco d\u00e9cor\u00e9 d&rsquo;une mosa\u00efque de couleurs vibrantes, inspir\u00e9 du paysage de Lanzarote. Ce design capture l&rsquo;essence de l&rsquo;\u00eele, avec de petites pi\u00e8ces dans des tons bleus, roses et marrons qui s&rsquo;assemblent pour former un motif attrayant. Au centre, se d\u00e9tache un chameau, symbole du d\u00e9sert des Canaries, rehauss\u00e9 par l&rsquo;inscription \u00ab\u00a0Lanzarote\u00a0\u00bb. Id\u00e9al comme objet d\u00e9coratif ou pour servir des ap\u00e9ritifs avec une touche d&rsquo;authenticit\u00e9 locale.<\/p>\n","protected":false},"featured_media":11978,"template":"","meta":{"_acf_changed":false},"product_brand":[],"product_cat":[521],"product_tag":[530],"class_list":{"0":"post-28601","1":"product","2":"type-product","3":"status-publish","4":"has-post-thumbnail","6":"product_cat-bols","7":"product_tag-animaux","8":"pa_ciudad-lanzarote","9":"pa_motivo-chameaux","10":"pa_pais-espana","12":"first","13":"instock","14":"shipping-taxable","15":"product-type-simple"},"acf":[],"_links":{"self":[{"href":"https:\/\/olemosaic.com\/fr\/wp-json\/wp\/v2\/product\/28601","targetHints":{"allow":["GET"]}}],"collection":[{"href":"https:\/\/olemosaic.com\/fr\/wp-json\/wp\/v2\/product"}],"about":[{"href":"https:\/\/olemosaic.com\/fr\/wp-json\/wp\/v2\/types\/product"}],"wp:featuredmedia":[{"embeddable":true,"href":"https:\/\/olemosaic.com\/fr\/wp-json\/wp\/v2\/media\/11978"}],"wp:attachment":[{"href":"https:\/\/olemosaic.com\/fr\/wp-json\/wp\/v2\/media?parent=28601"}],"wp:term":[{"taxonomy":"product_brand","embeddable":true,"href":"https:\/\/olemosaic.com\/fr\/wp-json\/wp\/v2\/product_brand?post=28601"},{"taxonomy":"product_cat","embeddable":true,"href":"https:\/\/olemosaic.com\/fr\/wp-json\/wp\/v2\/product_cat?post=28601"},{"taxonomy":"product_tag","embeddable":true,"href":"https:\/\/olemosaic.com\/fr\/wp-json\/wp\/v2\/product_tag?post=28601"}],"curies":[{"name":"wp","href":"https:\/\/api.w.org\/{rel}","templated":true}]}}