{"id":28599,"date":"2025-02-20T23:30:12","date_gmt":"2025-02-20T22:30:12","guid":{"rendered":"http:\/\/olemosaic.com\/producto\/bol-de-coco-salamandra-mallorca\/"},"modified":"2025-07-25T20:46:42","modified_gmt":"2025-07-25T18:46:42","slug":"bol-noix-de-coco-salamandre-majorque","status":"publish","type":"product","link":"https:\/\/olemosaic.com\/fr\/produit\/bol-noix-de-coco-salamandre-majorque\/","title":{"rendered":"Bol en noix de coco. Salamandre. Majorque."},"content":{"rendered":"<p>Ce bol en noix de coco, d\u00e9cor\u00e9 d&rsquo;une mosa\u00efque color\u00e9e vibrante, est un souvenir authentique de Majorque, id\u00e9al pour ceux qui souhaitent emporter un morceau de l&rsquo;\u00eele. Avec un design tr\u00e8s sp\u00e9cial combinant des tons joyeux de rose, bleu, violet et orange, le bol capture l&rsquo;essence de la culture majorquine. Au centre, une \u00e9l\u00e9gante salamandre illustr\u00e9e, symbole de la faune locale, \u00e9merge entour\u00e9e de fragments color\u00e9s qui refl\u00e8tent la lumi\u00e8re de mani\u00e8re captivante, rehaussant son attrait visuel.<\/p>\n<p>Le bol est fabriqu\u00e9 selon une technique de peinture \u00e0 la main, ce qui garantit que chaque pi\u00e8ce est unique et refl\u00e8te le savoir-faire des artisans locaux. Sa finition brillante facilite non seulement son entretien, mais en fait \u00e9galement un fantastique \u00e9l\u00e9ment d\u00e9coratif qui peut embellir n&rsquo;importe quel espace. Parfait pour servir des ap\u00e9ritifs ou comme pi\u00e8ce centrale dans la d\u00e9coration de table, ce bol en noix de coco est un souvenir polyvalent et fonctionnel.<\/p>\n<p>Ol\u00e9 Mosaic, en tant que distributeur de souvenirs en gros, propose des produits authentiques qui c\u00e9l\u00e8brent la riche tradition culturelle de chaque r\u00e9gion. Ce bol en noix de coco de Majorque est une excellente option pour les boutiques de cadeaux touristiques \u00e0 la recherche d&rsquo;alternatives de qualit\u00e9 pour leurs clients, apportant une touche authentique \u00e0 leurs \u00e9tag\u00e8res.<\/p>\n","protected":false},"excerpt":{"rendered":"<p>Bol en noix de coco d\u00e9cor\u00e9 d&rsquo;une mosa\u00efque color\u00e9e, inspir\u00e9 de la culture majorquine. Ce bol \u00e9l\u00e9gant pr\u00e9sente un design tr\u00e8s sp\u00e9cial avec des tons vifs de rose, bleu, violet et orange, encadrant une illustration centrale d&rsquo;une salamandre, symbole de la faune locale. La technique de conception artisanale, peinte \u00e0 la main, souligne l&rsquo;artisanat du produit, en faisant un magnifique souvenir qui refl\u00e8te l&rsquo;essence et la tradition de l&rsquo;\u00eele. Parfait pour servir ou comme \u00e9l\u00e9ment d\u00e9coratif.<\/p>\n","protected":false},"featured_media":11813,"template":"","meta":{"_acf_changed":false},"product_brand":[],"product_cat":[521],"product_tag":[530],"class_list":{"0":"post-28599","1":"product","2":"type-product","3":"status-publish","4":"has-post-thumbnail","6":"product_cat-bols","7":"product_tag-animaux","8":"pa_ciudad-mallorca","9":"pa_motivo-salamandres","10":"pa_pais-espana","12":"first","13":"instock","14":"shipping-taxable","15":"product-type-simple"},"acf":[],"_links":{"self":[{"href":"https:\/\/olemosaic.com\/fr\/wp-json\/wp\/v2\/product\/28599","targetHints":{"allow":["GET"]}}],"collection":[{"href":"https:\/\/olemosaic.com\/fr\/wp-json\/wp\/v2\/product"}],"about":[{"href":"https:\/\/olemosaic.com\/fr\/wp-json\/wp\/v2\/types\/product"}],"wp:featuredmedia":[{"embeddable":true,"href":"https:\/\/olemosaic.com\/fr\/wp-json\/wp\/v2\/media\/11813"}],"wp:attachment":[{"href":"https:\/\/olemosaic.com\/fr\/wp-json\/wp\/v2\/media?parent=28599"}],"wp:term":[{"taxonomy":"product_brand","embeddable":true,"href":"https:\/\/olemosaic.com\/fr\/wp-json\/wp\/v2\/product_brand?post=28599"},{"taxonomy":"product_cat","embeddable":true,"href":"https:\/\/olemosaic.com\/fr\/wp-json\/wp\/v2\/product_cat?post=28599"},{"taxonomy":"product_tag","embeddable":true,"href":"https:\/\/olemosaic.com\/fr\/wp-json\/wp\/v2\/product_tag?post=28599"}],"curies":[{"name":"wp","href":"https:\/\/api.w.org\/{rel}","templated":true}]}}