{"id":28588,"date":"2025-02-20T22:30:12","date_gmt":"2025-02-20T22:30:12","guid":{"rendered":"http:\/\/olemosaic.com\/producto\/bol-de-coco-de-corazones-tortuga-gran-canaria\/"},"modified":"2025-07-25T20:15:30","modified_gmt":"2025-07-25T18:15:30","slug":"bol-en-noix-de-coco-coeurs-tortue-grande-canarie","status":"publish","type":"product","link":"https:\/\/olemosaic.com\/fr\/produit\/bol-en-noix-de-coco-coeurs-tortue-grande-canarie\/","title":{"rendered":"Bol en noix de coco avec c\u0153urs. Tortue. Grande Canarie."},"content":{"rendered":"<p>Ce bol en noix de coco d\u00e9cor\u00e9 d&rsquo;une tortue est un v\u00e9ritable joyau artisanal de Grande Canarie, parfait pour ceux qui recherchent un souvenir repr\u00e9sentatif des \u00eeles Canaries. Fabriqu\u00e9 \u00e0 partir de coque de noix de coco, le bol pr\u00e9sente un design vibrant qui combine des c\u0153urs dans des tons bleus, oranges et marrons, offrant un attrait visuel qui souligne son originalit\u00e9 et sa capacit\u00e9 d\u00e9corative. Au centre, la figure d&rsquo;une tortue, dessin\u00e9e dans un marron \u00e9l\u00e9gant, se d\u00e9tache sur le fond clair, symbolisant la riche biodiversit\u00e9 marine de la r\u00e9gion. Juste en dessous de la tortue, l&rsquo;inscription \u00ab\u00a0Gran Canaria\u00a0\u00bb s&rsquo;int\u00e8gre parfaitement au design, garantissant que ce souvenir soit un rappel durable de la beaut\u00e9 insulaire.<\/p>\n<p>La technique de fabrication utilise des \u00e9l\u00e9ments de mosa\u00efque, ce qui ajoute une touche artisanale et authentique, transformant ce bol non seulement en un objet d\u00e9coratif, mais en une pi\u00e8ce de collection qui raconte l&rsquo;histoire culturelle de la Grande Canarie. C&rsquo;est une excellente option pour les touristes et les amateurs d&rsquo;artisanat \u00e0 la recherche de souvenirs de qualit\u00e9 et de sens. Chez Ol\u00e9 Mosaic, votre distributeur de souvenirs en gros, nous proposons des produits qui c\u00e9l\u00e8brent le patrimoine canarien, id\u00e9aux pour les boutiques de cadeaux touristiques \u00e0 la recherche d&rsquo;articles authentiques et pleins de caract\u00e8re.<\/p>\n","protected":false},"excerpt":{"rendered":"<p>Bol en noix de coco d\u00e9cor\u00e9 d&rsquo;une tortue, typique de la Grande Canarie. Cet \u00e9l\u00e9gant bol, fait de coque de noix de coco, pr\u00e9sente un joli motif de c\u0153urs dans les tons bleu, orange et marron qui entoure le fond clair. Au centre, une tortue dessin\u00e9e dans les tons marrons se d\u00e9tache, accompagn\u00e9e de l&rsquo;inscription \u00ab\u00a0Gran Canaria\u00a0\u00bb. Sa fabrication, qui inclut des \u00e9l\u00e9ments de mosa\u00efque, lui donne une touche artisanale et authentique, id\u00e9ale pour toute collection.<\/p>\n","protected":false},"featured_media":10373,"template":"","meta":{"_acf_changed":false},"product_brand":[],"product_cat":[521],"product_tag":[530],"class_list":{"0":"post-28588","1":"product","2":"type-product","3":"status-publish","4":"has-post-thumbnail","6":"product_cat-bols","7":"product_tag-animaux","8":"pa_ciudad-gran-canaria","9":"pa_motivo-tortues","10":"pa_pais-espana","12":"first","13":"instock","14":"shipping-taxable","15":"product-type-simple"},"acf":[],"_links":{"self":[{"href":"https:\/\/olemosaic.com\/fr\/wp-json\/wp\/v2\/product\/28588","targetHints":{"allow":["GET"]}}],"collection":[{"href":"https:\/\/olemosaic.com\/fr\/wp-json\/wp\/v2\/product"}],"about":[{"href":"https:\/\/olemosaic.com\/fr\/wp-json\/wp\/v2\/types\/product"}],"wp:featuredmedia":[{"embeddable":true,"href":"https:\/\/olemosaic.com\/fr\/wp-json\/wp\/v2\/media\/10373"}],"wp:attachment":[{"href":"https:\/\/olemosaic.com\/fr\/wp-json\/wp\/v2\/media?parent=28588"}],"wp:term":[{"taxonomy":"product_brand","embeddable":true,"href":"https:\/\/olemosaic.com\/fr\/wp-json\/wp\/v2\/product_brand?post=28588"},{"taxonomy":"product_cat","embeddable":true,"href":"https:\/\/olemosaic.com\/fr\/wp-json\/wp\/v2\/product_cat?post=28588"},{"taxonomy":"product_tag","embeddable":true,"href":"https:\/\/olemosaic.com\/fr\/wp-json\/wp\/v2\/product_tag?post=28588"}],"curies":[{"name":"wp","href":"https:\/\/api.w.org\/{rel}","templated":true}]}}