{"id":28584,"date":"2025-02-20T22:30:12","date_gmt":"2025-02-20T22:30:12","guid":{"rendered":"http:\/\/olemosaic.com\/producto\/bol-de-coco-tortuga-barcelona\/"},"modified":"2025-07-25T20:22:19","modified_gmt":"2025-07-25T18:22:19","slug":"bol-en-noix-de-coco-tortue-barcelone","status":"publish","type":"product","link":"https:\/\/olemosaic.com\/fr\/produit\/bol-en-noix-de-coco-tortue-barcelone\/","title":{"rendered":"Bol en noix de coco. Tortue. Barcelone."},"content":{"rendered":"<p>Ce bol en noix de coco, orn\u00e9 d&rsquo;un charmant motif de tortue, est un v\u00e9ritable reflet de l&rsquo;esprit vibrant de Barcelone. Fabriqu\u00e9 avec soin, il pr\u00e9sente une mosa\u00efque color\u00e9e de petites pi\u00e8ces aux tons violets, bleus et ocres qui s&rsquo;entrelacent harmonieusement sur un fond clair, cr\u00e9ant une \u0153uvre d&rsquo;art visuelle qui attirera tous les regards. La tortue stylis\u00e9e, d&rsquo;un ton marron \u00e9l\u00e9gant, se situe au centre du bol, symbolisant la connexion de la ville avec sa riche faune marine et \u00e9voquant la brise m\u00e9diterran\u00e9enne.<\/p>\n<p>Ce bol n&rsquo;est pas seulement un \u00e9l\u00e9ment d\u00e9coratif, il peut \u00e9galement \u00eatre utilis\u00e9 pour servir des aliments, ce qui le rend id\u00e9al pour ceux qui souhaitent int\u00e9grer une touche artistique \u00e0 leurs repas. La pi\u00e8ce est un hommage \u00e0 la culture m\u00e9diterran\u00e9enne, o\u00f9 la mer et la nature s&rsquo;entrem\u00ealent de mani\u00e8re unique. Le design refl\u00e8te l&rsquo;essence du littoral barcelonais, c\u00e9l\u00e8bre pour sa biodiversit\u00e9 et sa beaut\u00e9 naturelle, ce qui en fait un souvenir repr\u00e9sentatif pour les touristes \u00e0 la recherche de souvenirs authentiques.<\/p>\n<p>Chez Ol\u00e9 Mosaic, nous comprenons l&rsquo;importance de proposer des produits qui capturent l&rsquo;essence de leur origine, et ce bol en noix de coco est parfait pour les boutiques de cadeaux touristiques qui souhaitent offrir \u00e0 leurs clients un morceau de la culture locale. En tant que grossiste de souvenirs de Barcelone, nous garantissons la qualit\u00e9 et l&rsquo;authenticit\u00e9 de chaque pi\u00e8ce, assurant que ce bol ne soit pas seulement un objet d\u00e9coratif, mais une exp\u00e9rience culturelle \u00e0 emporter chez soi.<\/p>\n","protected":false},"excerpt":{"rendered":"<p>Bol en noix de coco d\u00e9cor\u00e9 d&rsquo;un charmant motif de tortue, repr\u00e9sentant l&rsquo;esprit de Barcelone. Cet \u00e9l\u00e9gant bol pr\u00e9sente une mosa\u00efque color\u00e9e de petites pi\u00e8ces aux tons violets, bleus et ocres, qui se m\u00e9langent harmonieusement sur un fond clair. La tortue stylis\u00e9e, de couleur marron, se situe au centre, soulignant le th\u00e8me marin du produit. Id\u00e9al comme \u00e9l\u00e9ment d\u00e9coratif ou pour servir, il \u00e9voque la culture m\u00e9diterran\u00e9enne.<\/p>\n","protected":false},"featured_media":11811,"template":"","meta":{"_acf_changed":false},"product_brand":[],"product_cat":[521],"product_tag":[530],"class_list":{"0":"post-28584","1":"product","2":"type-product","3":"status-publish","4":"has-post-thumbnail","6":"product_cat-bols","7":"product_tag-animaux","8":"pa_ciudad-barcelona","9":"pa_motivo-tortues","10":"pa_pais-espana","12":"first","13":"instock","14":"shipping-taxable","15":"product-type-simple"},"acf":[],"_links":{"self":[{"href":"https:\/\/olemosaic.com\/fr\/wp-json\/wp\/v2\/product\/28584","targetHints":{"allow":["GET"]}}],"collection":[{"href":"https:\/\/olemosaic.com\/fr\/wp-json\/wp\/v2\/product"}],"about":[{"href":"https:\/\/olemosaic.com\/fr\/wp-json\/wp\/v2\/types\/product"}],"wp:featuredmedia":[{"embeddable":true,"href":"https:\/\/olemosaic.com\/fr\/wp-json\/wp\/v2\/media\/11811"}],"wp:attachment":[{"href":"https:\/\/olemosaic.com\/fr\/wp-json\/wp\/v2\/media?parent=28584"}],"wp:term":[{"taxonomy":"product_brand","embeddable":true,"href":"https:\/\/olemosaic.com\/fr\/wp-json\/wp\/v2\/product_brand?post=28584"},{"taxonomy":"product_cat","embeddable":true,"href":"https:\/\/olemosaic.com\/fr\/wp-json\/wp\/v2\/product_cat?post=28584"},{"taxonomy":"product_tag","embeddable":true,"href":"https:\/\/olemosaic.com\/fr\/wp-json\/wp\/v2\/product_tag?post=28584"}],"curies":[{"name":"wp","href":"https:\/\/api.w.org\/{rel}","templated":true}]}}