{"id":28582,"date":"2025-02-20T22:30:11","date_gmt":"2025-02-20T22:30:11","guid":{"rendered":"http:\/\/olemosaic.com\/producto\/bol-de-coco-caballito-de-mar-barcelona\/"},"modified":"2025-07-25T20:13:37","modified_gmt":"2025-07-25T18:13:37","slug":"bol-en-noix-de-coco-hippocampe-barcelone","status":"publish","type":"product","link":"https:\/\/olemosaic.com\/fr\/produit\/bol-en-noix-de-coco-hippocampe-barcelone\/","title":{"rendered":"Bol en noix de coco. Hippocampe. Barcelone."},"content":{"rendered":"<p>Ce bol en noix de coco, d\u00e9cor\u00e9 d&rsquo;un charmant hippocampe, est une pi\u00e8ce unique qui encapsule l&rsquo;esprit vibrant de Barcelone. Son design en mosa\u00efque resplendit dans une palette de couleurs vives, avec des tons violets, bleus et oranges, cr\u00e9ant un effet visuel attrayant qui \u00e9voque la diversit\u00e9 culturelle et la beaut\u00e9 de la ville m\u00e9diterran\u00e9enne. Avec une finition brillante, ce bol se distingue non seulement par son esth\u00e9tique, mais aussi par la repr\u00e9sentation d\u00e9licate de l&rsquo;hippocampe situ\u00e9 au centre, qui symbolise la richesse marine de la r\u00e9gion et l&rsquo;importance de ses c\u00f4tes.<\/p>\n<p>Sur la base, l&rsquo;inscription \u00ab\u00a0Barcelona\u00a0\u00bb souligne son lien avec la ville, en faisant un souvenir id\u00e9al pour ceux qui souhaitent emporter un fragment de cette m\u00e9tropole dynamique. Ce bol n&rsquo;est pas seulement un souvenir, mais aussi un reflet de l&rsquo;artisanat local et de l&rsquo;h\u00e9ritage m\u00e9diterran\u00e9en, lo qui lui conf\u00e8re une valeur particuli\u00e8re. Chez Ol\u00e9 Mosaic, nous sommes experts dans la distribution de souvenirs de qualit\u00e9 en gros, et ce bol en noix de coco est une excellente option pour les boutiques de cadeaux touristiques qui cherchent \u00e0 offrir \u00e0 leurs clients des produits authentiques et repr\u00e9sentatifs. Avec sa combinaison de fonctionnalit\u00e9 et d&rsquo;art, ce bol est un souvenir parfait de Barcelone qui ravira les touristes et les visiteurs.<\/p>\n","protected":false},"excerpt":{"rendered":"<p>Bol en noix de coco d\u00e9cor\u00e9 d&rsquo;un charmant hippocampe, inspir\u00e9 par l&rsquo;esprit vibrant de Barcelone. Ce produit pr\u00e9sente un design de mosa\u00efque dans des tons vari\u00e9s, incluant des violets, des bleus et des oranges, cr\u00e9ant un effet visuel attrayant. La pi\u00e8ce est \u00e9labor\u00e9e avec une finition brillante qui met en valeur l&rsquo;hippocampe et l&rsquo;inscription \u00ab\u00a0Barcelona\u00a0\u00bb sur la base, en faisant un beau souvenir qui \u00e9voque la riche culture m\u00e9diterran\u00e9enne de la ville.<\/p>\n","protected":false},"featured_media":11809,"template":"","meta":{"_acf_changed":false},"product_brand":[],"product_cat":[521],"product_tag":[530],"class_list":{"0":"post-28582","1":"product","2":"type-product","3":"status-publish","4":"has-post-thumbnail","6":"product_cat-bols","7":"product_tag-animaux","8":"pa_ciudad-barcelona","9":"pa_motivo-hippocampes","10":"pa_pais-espana","12":"first","13":"instock","14":"shipping-taxable","15":"product-type-simple"},"acf":[],"_links":{"self":[{"href":"https:\/\/olemosaic.com\/fr\/wp-json\/wp\/v2\/product\/28582","targetHints":{"allow":["GET"]}}],"collection":[{"href":"https:\/\/olemosaic.com\/fr\/wp-json\/wp\/v2\/product"}],"about":[{"href":"https:\/\/olemosaic.com\/fr\/wp-json\/wp\/v2\/types\/product"}],"wp:featuredmedia":[{"embeddable":true,"href":"https:\/\/olemosaic.com\/fr\/wp-json\/wp\/v2\/media\/11809"}],"wp:attachment":[{"href":"https:\/\/olemosaic.com\/fr\/wp-json\/wp\/v2\/media?parent=28582"}],"wp:term":[{"taxonomy":"product_brand","embeddable":true,"href":"https:\/\/olemosaic.com\/fr\/wp-json\/wp\/v2\/product_brand?post=28582"},{"taxonomy":"product_cat","embeddable":true,"href":"https:\/\/olemosaic.com\/fr\/wp-json\/wp\/v2\/product_cat?post=28582"},{"taxonomy":"product_tag","embeddable":true,"href":"https:\/\/olemosaic.com\/fr\/wp-json\/wp\/v2\/product_tag?post=28582"}],"curies":[{"name":"wp","href":"https:\/\/api.w.org\/{rel}","templated":true}]}}