{"id":28581,"date":"2025-02-20T22:30:11","date_gmt":"2025-02-20T22:30:11","guid":{"rendered":"http:\/\/olemosaic.com\/producto\/bol-de-coco-caballito-de-mar-fuerteventura\/"},"modified":"2025-07-25T19:59:28","modified_gmt":"2025-07-25T17:59:28","slug":"bol-en-noix-de-coco-hippocampe-fuerteventura","status":"publish","type":"product","link":"https:\/\/olemosaic.com\/fr\/produit\/bol-en-noix-de-coco-hippocampe-fuerteventura\/","title":{"rendered":"Bol en noix de coco. Hippocampe. Fuerteventura."},"content":{"rendered":"<p>Ce bol en noix de coco, d\u00e9cor\u00e9 d&rsquo;un charmant hippocampe, est un v\u00e9ritable bijou artisanal de Fuerteventura, parfait pour ceux qui recherchent des souvenirs repr\u00e9sentatifs des \u00eeles Canaries. La pi\u00e8ce pr\u00e9sente un design vibrant, orn\u00e9 de mosa\u00efques iris\u00e9es combinant des tons bleus, roses et marrons, \u00e9voquant la beaut\u00e9 naturelle du paysage c\u00f4tier et la riche biodiversit\u00e9 de la r\u00e9gion. Au centre, un d\u00e9licat hippocampe ressort avec \u00e9l\u00e9gance, symbolisant le lien entre l&rsquo;art local et l&rsquo;environnement marin.<\/p>\n<p>La finition brillante et l&rsquo;utilisation de mat\u00e9riaux durables font de ce bol non seulement un choix d\u00e9coratif, mais aussi une pi\u00e8ce fonctionnelle id\u00e9ale pour servir vos plats pr\u00e9f\u00e9r\u00e9s. Son design artistique et color\u00e9 s&rsquo;illumine sur n&rsquo;importe quelle table, ajoutant une touche de sophistication et d&rsquo;authenticit\u00e9 canarienne \u00e0 vos occasions les plus sp\u00e9ciales. S&rsquo;agissant d&rsquo;un produit artisanal, chaque bol est unique, ce qui souligne sa valeur en tant que cadeau et souvenir.<\/p>\n<p>Chez Ol\u00e9 Mosaic, nous proposons ce bol en noix de coco exquis dans le cadre de notre collection de souvenirs de Fuerteventura et d&rsquo;autres r\u00e9gions, garantissant qualit\u00e9 et pertinence culturelle dans chaque pi\u00e8ce. C&rsquo;est une excellente option pour les boutiques de cadeaux touristiques qui souhaitent offrir \u00e0 leurs clients des articles c\u00e9l\u00e9brant la diversit\u00e9 culturelle et la beaut\u00e9 naturelle de l&rsquo;Espagne.<\/p>\n","protected":false},"excerpt":{"rendered":"<p>Bol en noix de coco d\u00e9cor\u00e9 d&rsquo;un charmant hippocampe, inspir\u00e9 par la beaut\u00e9 naturelle de Fuerteventura. Cet article artisanal pr\u00e9sente un design vibrant de mosa\u00efques iris\u00e9es dans des tons bleus, roses et marrons, qui cr\u00e9ent un effet visuel tr\u00e8s attrayant. L&rsquo;hippocampe, d\u00e9licatement dessin\u00e9 au centre, ajoute une touche distinctive \u00e0 la pi\u00e8ce. Id\u00e9al aussi bien comme \u00e9l\u00e9ment d\u00e9coratif que pour un usage culinaire, ce bol est un exemple parfait de la tradition et de l&rsquo;art local.<\/p>\n","protected":false},"featured_media":11971,"template":"","meta":{"_acf_changed":false},"product_brand":[],"product_cat":[521],"product_tag":[530],"class_list":{"0":"post-28581","1":"product","2":"type-product","3":"status-publish","4":"has-post-thumbnail","6":"product_cat-bols","7":"product_tag-animaux","8":"pa_ciudad-fuerteventura","9":"pa_motivo-hippocampes","10":"pa_pais-espana","12":"first","13":"instock","14":"shipping-taxable","15":"product-type-simple"},"acf":[],"_links":{"self":[{"href":"https:\/\/olemosaic.com\/fr\/wp-json\/wp\/v2\/product\/28581","targetHints":{"allow":["GET"]}}],"collection":[{"href":"https:\/\/olemosaic.com\/fr\/wp-json\/wp\/v2\/product"}],"about":[{"href":"https:\/\/olemosaic.com\/fr\/wp-json\/wp\/v2\/types\/product"}],"wp:featuredmedia":[{"embeddable":true,"href":"https:\/\/olemosaic.com\/fr\/wp-json\/wp\/v2\/media\/11971"}],"wp:attachment":[{"href":"https:\/\/olemosaic.com\/fr\/wp-json\/wp\/v2\/media?parent=28581"}],"wp:term":[{"taxonomy":"product_brand","embeddable":true,"href":"https:\/\/olemosaic.com\/fr\/wp-json\/wp\/v2\/product_brand?post=28581"},{"taxonomy":"product_cat","embeddable":true,"href":"https:\/\/olemosaic.com\/fr\/wp-json\/wp\/v2\/product_cat?post=28581"},{"taxonomy":"product_tag","embeddable":true,"href":"https:\/\/olemosaic.com\/fr\/wp-json\/wp\/v2\/product_tag?post=28581"}],"curies":[{"name":"wp","href":"https:\/\/api.w.org\/{rel}","templated":true}]}}