{"id":28580,"date":"2025-02-20T22:30:11","date_gmt":"2025-02-20T22:30:11","guid":{"rendered":"http:\/\/olemosaic.com\/producto\/bol-de-coco-de-corazones-caballito-de-mar-mallorca\/"},"modified":"2025-07-25T18:46:32","modified_gmt":"2025-07-25T16:46:32","slug":"bol-en-noix-de-coco-coeurs-hippocampe-majorque","status":"publish","type":"product","link":"https:\/\/olemosaic.com\/fr\/produit\/bol-en-noix-de-coco-coeurs-hippocampe-majorque\/","title":{"rendered":"Bol en noix de coco c\u0153urs. Hippocampe. Majorque."},"content":{"rendered":"<p>Ce bol en noix de coco, orn\u00e9 d&rsquo;un charmant hippocampe, est un v\u00e9ritable symbole du charme de Majorque. Fabriqu\u00e9 avec une grande habilet\u00e9, sa surface pr\u00e9sente un motif complexe en mosa\u00efque qui combine des c\u0153urs dans des tons vibrants de bleu, d&rsquo;orange et de marron, cr\u00e9ant un effet visuel attrayant qui \u00e9voque la chaleur et la splendeur de la M\u00e9diterran\u00e9e. Au centre, le mot \u00ab\u00a0Mallorca\u00a0\u00bb se d\u00e9tache, soulignant son origine avec une touche d&rsquo;\u00e9l\u00e9gance. La base de couleur cr\u00e8me apporte un contraste harmonieux, donnant de la profondeur au design.<\/p>\n<p>Ce bol n&rsquo;est pas seulement un \u00e9l\u00e9ment d\u00e9coratif exceptionnel, il est aussi pratique, id\u00e9al pour servir des ap\u00e9ritifs ou comme un bel objet de d\u00e9coration dans n&rsquo;importe quelle maison. La repr\u00e9sentation de l&rsquo;hippocampe, qui symbolise la vie marine et la beaut\u00e9 des c\u00f4tes majorquines, relie ce souvenir \u00e0 la riche culture m\u00e9diterran\u00e9enne, servant de rappel tangible de la beaut\u00e9 naturelle de l&rsquo;\u00eele.<\/p>\n<p>Chez Ol\u00e9 Mosaic, nous nous sp\u00e9cialisons dans la distribution de souvenirs en gros, et ce bol repr\u00e9sente une excellente option pour les boutiques de cadeaux touristiques qui cherchent \u00e0 proposer des produits authentiques et vibrants capturant l&rsquo;essence de Majorque. Avec ce bol en noix de coco, les touristes ne repartiront pas seulement avec un souvenir, mais avec un morceau de la culture bal\u00e9are.<\/p>\n","protected":false},"excerpt":{"rendered":"<p>Bol en noix de coco d\u00e9cor\u00e9 d&rsquo;un attachant hippocampe, \u00e9voquant le charme de Majorque. Ce bol exclusif pr\u00e9sente un motif complexe de mosa\u00efque de c\u0153urs dans des tons bleu, orange et marron, sur une base cr\u00e8me. La pi\u00e8ce est soigneusement \u00e9labor\u00e9e et arbore le mot \u00ab\u00a0Mallorca\u00a0\u00bb au centre, soulignant son origine. Id\u00e9al comme \u00e9l\u00e9ment d\u00e9coratif ou pour servir des ap\u00e9ritifs, ce bol refl\u00e8te la riche culture m\u00e9diterran\u00e9enne.<\/p>\n","protected":false},"featured_media":10345,"template":"","meta":{"_acf_changed":false},"product_brand":[],"product_cat":[521],"product_tag":[530],"class_list":{"0":"post-28580","1":"product","2":"type-product","3":"status-publish","4":"has-post-thumbnail","6":"product_cat-bols","7":"product_tag-animaux","8":"pa_ciudad-mallorca","9":"pa_motivo-hippocampes","10":"pa_pais-espana","12":"first","13":"instock","14":"shipping-taxable","15":"product-type-simple"},"acf":[],"_links":{"self":[{"href":"https:\/\/olemosaic.com\/fr\/wp-json\/wp\/v2\/product\/28580","targetHints":{"allow":["GET"]}}],"collection":[{"href":"https:\/\/olemosaic.com\/fr\/wp-json\/wp\/v2\/product"}],"about":[{"href":"https:\/\/olemosaic.com\/fr\/wp-json\/wp\/v2\/types\/product"}],"wp:featuredmedia":[{"embeddable":true,"href":"https:\/\/olemosaic.com\/fr\/wp-json\/wp\/v2\/media\/10345"}],"wp:attachment":[{"href":"https:\/\/olemosaic.com\/fr\/wp-json\/wp\/v2\/media?parent=28580"}],"wp:term":[{"taxonomy":"product_brand","embeddable":true,"href":"https:\/\/olemosaic.com\/fr\/wp-json\/wp\/v2\/product_brand?post=28580"},{"taxonomy":"product_cat","embeddable":true,"href":"https:\/\/olemosaic.com\/fr\/wp-json\/wp\/v2\/product_cat?post=28580"},{"taxonomy":"product_tag","embeddable":true,"href":"https:\/\/olemosaic.com\/fr\/wp-json\/wp\/v2\/product_tag?post=28580"}],"curies":[{"name":"wp","href":"https:\/\/api.w.org\/{rel}","templated":true}]}}