{"id":28579,"date":"2025-02-20T22:30:11","date_gmt":"2025-02-20T22:30:11","guid":{"rendered":"http:\/\/olemosaic.com\/producto\/bol-de-coco-delfin\/"},"modified":"2025-07-25T20:17:58","modified_gmt":"2025-07-25T18:17:58","slug":"bol-en-noix-de-coco-dauphin","status":"publish","type":"product","link":"https:\/\/olemosaic.com\/fr\/produit\/bol-en-noix-de-coco-dauphin\/","title":{"rendered":"Bol en noix de coco. Dauphin."},"content":{"rendered":"<p>Ce bol en noix de coco, d\u00e9cor\u00e9 d&rsquo;un \u00e9l\u00e9gant motif de dauphin, est une pi\u00e8ce unique qui apporte une touche distinctive \u00e0 n&rsquo;importe quel espace. Son fond blanc fait ressortir l&rsquo;incrustation de mosa\u00efque color\u00e9e, compos\u00e9e d&rsquo;une vari\u00e9t\u00e9 de tons vibrants, tels que des roses, des bleus et des violets. Ce chef-d&rsquo;\u0153uvre artisanal pr\u00e9sente un dauphin m\u00e9ticuleusement sculpt\u00e9 au centre, qui est non seulement attrayant \u00e0 l&rsquo;\u0153il, mais symbolise \u00e9galement le lien profond de la culture m\u00e9diterran\u00e9enne avec la mer.<\/p>\n<p>Le dauphin, connu pour \u00eatre un symbole de joie et de libert\u00e9, est entour\u00e9 d&rsquo;une mosa\u00efque qui \u00e9voque les couleurs de l&rsquo;oc\u00e9an, cr\u00e9ant un effet visuel dynamique et \u00e9l\u00e9gant. Sa forme incurv\u00e9e et ses bords lisses font de ce bol en noix de coco non seulement un bel objet, mais aussi un r\u00e9cipient d\u00e9coratif fonctionnel pour la maison ou un \u00e9l\u00e9ment distinctif dans une boutique de cadeaux.<\/p>\n<p>Ce souvenir est une repr\u00e9sentation authentique du riche h\u00e9ritage culturel des r\u00e9gions c\u00f4ti\u00e8res d&rsquo;Espagne et du Portugal, o\u00f9 le dauphin est un symbole caract\u00e9ristique du folklore local. Parfait comme souvenir pour les touristes \u00e0 la recherche de pi\u00e8ces authentiques et repr\u00e9sentatives, ce bol en noix de coco est id\u00e9al pour ceux qui souhaitent ramener chez eux un petit morceau du charme de la M\u00e9diterran\u00e9e. Chez Ol\u00e9 Mosaic, nous nous sp\u00e9cialisons dans la distribution en gros de souvenirs qui capturent l&rsquo;essence culturelle de chaque r\u00e9gion, et ce bol dauphin est une excellente option pour les boutiques de cadeaux touristiques qui cherchent \u00e0 proposer des produits se distinguant par leur design et leur signification culturelle.<\/p>\n","protected":false},"excerpt":{"rendered":"<p>Bol en noix de coco d\u00e9cor\u00e9 d&rsquo;un \u00e9l\u00e9gant motif de dauphin, id\u00e9al pour apporter une touche distinctive \u00e0 n&rsquo;importe quel espace. Ce produit pr\u00e9sente un fond blanc avec une incrustation de mosa\u00efque color\u00e9e dans des tons vari\u00e9s, tels que des roses, des bleus et des violets, cr\u00e9ant un effet visuel vibrant. Le dauphin, m\u00e9ticuleusement sculpt\u00e9, se d\u00e9tache au centre du bol, soulignant son attrait artistique et culturel. Parfait comme souvenir ou pi\u00e8ce d\u00e9corative.<\/p>\n","protected":false},"featured_media":11803,"template":"","meta":{"_acf_changed":false},"product_brand":[],"product_cat":[521],"product_tag":[530],"class_list":{"0":"post-28579","1":"product","2":"type-product","3":"status-publish","4":"has-post-thumbnail","6":"product_cat-bols","7":"product_tag-animaux","8":"pa_motivo-dauphins","10":"first","11":"instock","12":"shipping-taxable","13":"product-type-simple"},"acf":[],"_links":{"self":[{"href":"https:\/\/olemosaic.com\/fr\/wp-json\/wp\/v2\/product\/28579","targetHints":{"allow":["GET"]}}],"collection":[{"href":"https:\/\/olemosaic.com\/fr\/wp-json\/wp\/v2\/product"}],"about":[{"href":"https:\/\/olemosaic.com\/fr\/wp-json\/wp\/v2\/types\/product"}],"wp:featuredmedia":[{"embeddable":true,"href":"https:\/\/olemosaic.com\/fr\/wp-json\/wp\/v2\/media\/11803"}],"wp:attachment":[{"href":"https:\/\/olemosaic.com\/fr\/wp-json\/wp\/v2\/media?parent=28579"}],"wp:term":[{"taxonomy":"product_brand","embeddable":true,"href":"https:\/\/olemosaic.com\/fr\/wp-json\/wp\/v2\/product_brand?post=28579"},{"taxonomy":"product_cat","embeddable":true,"href":"https:\/\/olemosaic.com\/fr\/wp-json\/wp\/v2\/product_cat?post=28579"},{"taxonomy":"product_tag","embeddable":true,"href":"https:\/\/olemosaic.com\/fr\/wp-json\/wp\/v2\/product_tag?post=28579"}],"curies":[{"name":"wp","href":"https:\/\/api.w.org\/{rel}","templated":true}]}}