{"id":28578,"date":"2025-02-20T23:30:11","date_gmt":"2025-02-20T22:30:11","guid":{"rendered":"http:\/\/olemosaic.com\/producto\/bol-de-coco-concha-camino-de-santiago\/"},"modified":"2025-07-25T20:34:00","modified_gmt":"2025-07-25T18:34:00","slug":"bol-noix-de-coco-coquille-chemin-compostelle","status":"publish","type":"product","link":"https:\/\/olemosaic.com\/fr\/produit\/bol-noix-de-coco-coquille-chemin-compostelle\/","title":{"rendered":"Bol en noix de coco. Coquille. Chemin de Compostelle."},"content":{"rendered":"<p>Ce bol en noix de coco, d\u00e9cor\u00e9 d&rsquo;une mosa\u00efque color\u00e9e, \u00e9voque l&#8217;embl\u00e9matique Chemin de Compostelle, un itin\u00e9raire de p\u00e8lerinage ancr\u00e9 dans la culture espagnole. Ce r\u00e9cipient \u00e9l\u00e9gant, m\u00e9ticuleusement peint \u00e0 la main, pr\u00e9sente un design vibrant combinant des pi\u00e8ces de coquille dans diff\u00e9rents tons de rose, bleu et orange, cr\u00e9ant un magnifique motif qui capture l&rsquo;essence du chemin. Au centre se d\u00e9tache l&#8217;embl\u00e8me du Chemin de Compostelle, esquiss\u00e9 dans des tons m\u00e9talliques qui ajoutent une touche distinctive et sophistiqu\u00e9e \u00e0 l&rsquo;objet.<\/p>\n<p>Ce bol n&rsquo;est pas seulement un \u00e9l\u00e9ment d\u00e9coratif ; c&rsquo;est une repr\u00e9sentation authentique de l&rsquo;histoire et de la tradition qui entourent la route de Saint-Jacques, symbole de spiritualit\u00e9 et de voyage depuis des si\u00e8cles. Sa forme organique et sa mosa\u00efque color\u00e9e en font un souvenir attrayant, id\u00e9al pour ceux qui souhaitent ramener un morceau de la riche culture galicienne chez eux.<\/p>\n<p>Parfait pour \u00eatre utilis\u00e9 comme centre de table ou simplement comme un accent culturel dans n&rsquo;importe quel int\u00e9rieur, ce bol en noix de coco est \u00e9galement une excellente option pour les boutiques de cadeaux touristiques qui souhaitent proposer des souvenirs authentiques et significatifs. Chez Ol\u00e9 Mosaic, nous sommes des distributeurs de souvenirs en gros, garantissant l&rsquo;authenticit\u00e9 et la qualit\u00e9 de chaque produit. Ce bol d\u00e9coratif est un choix id\u00e9al pour ceux qui recherchent des souvenirs du Chemin de Compostelle c\u00e9l\u00e9brant la tradition et l&rsquo;artisanat espagnol.<\/p>\n","protected":false},"excerpt":{"rendered":"<p>Bol en noix de coco d\u00e9cor\u00e9 d&rsquo;une mosa\u00efque color\u00e9e \u00e9voquant le Chemin de Compostelle. Ce r\u00e9cipient \u00e9l\u00e9gant pr\u00e9sente un design artisanal, peint \u00e0 la main, avec des coquilles dans des tons purs de rose, bleu et orange, cr\u00e9ant un magnifique motif sur la surface. Au centre, l&#8217;embl\u00e8me du Chemin de Compostelle se distingue dans des tons m\u00e9talliques, apportant une touche distinctive. Parfait comme souvenir ou pour ajouter un accent culturel \u00e0 n&rsquo;importe quel int\u00e9rieur.<\/p>\n","protected":false},"featured_media":11826,"template":"","meta":{"_acf_changed":false},"product_brand":[],"product_cat":[521],"product_tag":[],"class_list":{"0":"post-28578","1":"product","2":"type-product","3":"status-publish","4":"has-post-thumbnail","6":"product_cat-bols","7":"pa_ciudad-santiago-de-compostela","8":"pa_motivo-coquillages","9":"pa_pais-espana","11":"first","12":"instock","13":"shipping-taxable","14":"product-type-simple"},"acf":[],"_links":{"self":[{"href":"https:\/\/olemosaic.com\/fr\/wp-json\/wp\/v2\/product\/28578","targetHints":{"allow":["GET"]}}],"collection":[{"href":"https:\/\/olemosaic.com\/fr\/wp-json\/wp\/v2\/product"}],"about":[{"href":"https:\/\/olemosaic.com\/fr\/wp-json\/wp\/v2\/types\/product"}],"wp:featuredmedia":[{"embeddable":true,"href":"https:\/\/olemosaic.com\/fr\/wp-json\/wp\/v2\/media\/11826"}],"wp:attachment":[{"href":"https:\/\/olemosaic.com\/fr\/wp-json\/wp\/v2\/media?parent=28578"}],"wp:term":[{"taxonomy":"product_brand","embeddable":true,"href":"https:\/\/olemosaic.com\/fr\/wp-json\/wp\/v2\/product_brand?post=28578"},{"taxonomy":"product_cat","embeddable":true,"href":"https:\/\/olemosaic.com\/fr\/wp-json\/wp\/v2\/product_cat?post=28578"},{"taxonomy":"product_tag","embeddable":true,"href":"https:\/\/olemosaic.com\/fr\/wp-json\/wp\/v2\/product_tag?post=28578"}],"curies":[{"name":"wp","href":"https:\/\/api.w.org\/{rel}","templated":true}]}}