{"id":28577,"date":"2025-02-20T23:30:11","date_gmt":"2025-02-20T22:30:11","guid":{"rendered":"http:\/\/olemosaic.com\/producto\/bol-de-coco-salamandra-tenerife\/"},"modified":"2025-07-25T18:50:50","modified_gmt":"2025-07-25T16:50:50","slug":"bol-noix-de-coco-salamandre-tenerife","status":"publish","type":"product","link":"https:\/\/olemosaic.com\/fr\/produit\/bol-noix-de-coco-salamandre-tenerife\/","title":{"rendered":"Bol en noix de coco. Salamandre. Tenerife."},"content":{"rendered":"<p>Ce bol en noix de coco d\u00e9cor\u00e9 d&rsquo;une mosa\u00efque color\u00e9e est un v\u00e9ritable bijou artisanal qui capture l&rsquo;essence de Tenerife. Con\u00e7u avec un motif vibrant de tons lilas, marron, jaune et bleu, le bol pr\u00e9sente en son centre une salamandre frappante, symbole embl\u00e9matique de la faune locale repr\u00e9sentant la biodiversit\u00e9 unique des \u00eeles Canaries. Ce design, peint \u00e0 la main avec une attention m\u00e9ticuleuse aux d\u00e9tails, n&rsquo;est pas seulement visuellement attrayant, il refl\u00e8te \u00e9galement le talent et la cr\u00e9ativit\u00e9 des artisans canariens.<\/p>\n<p>L&rsquo;inscription \u00ab\u00a0TENERIFE\u00a0\u00bb ajoute une touche distinctive, faisant de ce bol un souvenir inoubliable qui \u00e9voque l&rsquo;essence des \u00eeles et leur riche culture. Parfait comme pi\u00e8ce d\u00e9corative ou pour un usage quotidien, ce bol en noix de coco est id\u00e9al pour les touristes \u00e0 la recherche de souvenirs authentiques qui racontent une histoire. La salamandre, qui repr\u00e9sente la vitalit\u00e9 et l&rsquo;adaptabilit\u00e9, devient un symbole visuel qui invite ses propri\u00e9taires \u00e0 se souvenir des merveilles naturelles de Tenerife \u00e0 chaque utilisation.<\/p>\n<p>Chez Ol\u00e9 Mosaic, nous nous sp\u00e9cialisons dans la distribution de souvenirs en gros, offrant des produits qui se distinguent par leur authenticit\u00e9 et leur pertinence culturelle. Ce bol en noix de coco n&rsquo;est pas seulement un excellent \u00e9l\u00e9ment d\u00e9coratif, mais aussi un rappel durable de la beaut\u00e9 et de la diversit\u00e9 de Tenerife, parfait pour les boutiques de cadeaux touristiques qui appr\u00e9cient la qualit\u00e9 et l&rsquo;artisanat dans leurs offres.<\/p>\n","protected":false},"excerpt":{"rendered":"<p>Bol en noix de coco d\u00e9cor\u00e9 d&rsquo;une mosa\u00efque color\u00e9e aux tons vibrants repr\u00e9sentant la faune de Tenerife, avec une salamandre frappante au centre. Ce produit artisanal pr\u00e9sente un design peint \u00e0 la main, o\u00f9 les tons lilas, marron, jaune et bleu se combinent dans un motif attrayant. Id\u00e9al comme pi\u00e8ce d\u00e9corative ou pour un usage quotidien, son inscription \u00ab\u00a0TENERIFE\u00a0\u00bb ajoute une touche distinctive qui \u00e9voque l&rsquo;essence des \u00eeles.<\/p>\n","protected":false},"featured_media":11825,"template":"","meta":{"_acf_changed":false},"product_brand":[],"product_cat":[521],"product_tag":[530],"class_list":{"0":"post-28577","1":"product","2":"type-product","3":"status-publish","4":"has-post-thumbnail","6":"product_cat-bols","7":"product_tag-animaux","8":"pa_ciudad-tenerife","9":"pa_motivo-salamandres","10":"pa_pais-espana","12":"first","13":"instock","14":"shipping-taxable","15":"product-type-simple"},"acf":[],"_links":{"self":[{"href":"https:\/\/olemosaic.com\/fr\/wp-json\/wp\/v2\/product\/28577","targetHints":{"allow":["GET"]}}],"collection":[{"href":"https:\/\/olemosaic.com\/fr\/wp-json\/wp\/v2\/product"}],"about":[{"href":"https:\/\/olemosaic.com\/fr\/wp-json\/wp\/v2\/types\/product"}],"wp:featuredmedia":[{"embeddable":true,"href":"https:\/\/olemosaic.com\/fr\/wp-json\/wp\/v2\/media\/11825"}],"wp:attachment":[{"href":"https:\/\/olemosaic.com\/fr\/wp-json\/wp\/v2\/media?parent=28577"}],"wp:term":[{"taxonomy":"product_brand","embeddable":true,"href":"https:\/\/olemosaic.com\/fr\/wp-json\/wp\/v2\/product_brand?post=28577"},{"taxonomy":"product_cat","embeddable":true,"href":"https:\/\/olemosaic.com\/fr\/wp-json\/wp\/v2\/product_cat?post=28577"},{"taxonomy":"product_tag","embeddable":true,"href":"https:\/\/olemosaic.com\/fr\/wp-json\/wp\/v2\/product_tag?post=28577"}],"curies":[{"name":"wp","href":"https:\/\/api.w.org\/{rel}","templated":true}]}}