{"id":28576,"date":"2025-02-20T22:30:10","date_gmt":"2025-02-20T22:30:10","guid":{"rendered":"http:\/\/olemosaic.com\/producto\/bol-de-coco-mosaico-barcelona\/"},"modified":"2025-07-25T18:47:21","modified_gmt":"2025-07-25T16:47:21","slug":"bol-noix-de-coco-mosaique-barcelone","status":"publish","type":"product","link":"https:\/\/olemosaic.com\/fr\/produit\/bol-noix-de-coco-mosaique-barcelone\/","title":{"rendered":"Bol en noix de coco. Mosa\u00efque. Barcelone."},"content":{"rendered":"<p>Ce bol en noix de coco d\u00e9cor\u00e9 d&rsquo;une mosa\u00efque color\u00e9e est un v\u00e9ritable hommage \u00e0 l&rsquo;essence vibrante de Barcelone. \u00c9labor\u00e9 avec un design artisanal, le bol pr\u00e9sente une surface d\u00e9cor\u00e9e de pi\u00e8ces de c\u00e9ramique aux teintes vibrantes, avec une pr\u00e9dominance de rose, de bleu et de dor\u00e9, entrelac\u00e9es dans un motif artistique et captivant. Au centre du bol, l&rsquo;inscription \u00ab\u00a0Barcelona\u00a0\u00bb ressort, ce qui lui conf\u00e8re un caract\u00e8re distinctif et en fait un souvenir inoubliable de la cit\u00e9 comtale.<\/p>\n<p>En plus de son attrait esth\u00e9tique, ce bol est id\u00e9al comme \u00e9l\u00e9ment d\u00e9coratif ou pour ranger de petits objets, apportant une touche de fra\u00eecheur et de couleur \u00e0 n&rsquo;importe quel espace. Le choix minutieux des couleurs et le travail d\u00e9taill\u00e9 de la mosa\u00efque refl\u00e8tent la tradition artisanale de la r\u00e9gion, connectant les touristes au riche h\u00e9ritage culturel catalan. Cet article n&rsquo;est pas seulement un souvenir de Barcelone, mais aussi un exemple de la modernit\u00e9 qui caract\u00e9rise le design de la ville.<\/p>\n<p>Chez Ol\u00e9 Mosaic, nous sommes des distributeurs de souvenirs authentiques et de qualit\u00e9, et nous proposons ce bol en noix de coco d\u00e9cor\u00e9 comme une excellente option pour les boutiques de cadeaux touristiques. C&rsquo;est un produit qui se distingue par son originalit\u00e9 et sa pertinence culturelle, devenant un incontournable pour ceux qui recherchent des souvenirs uniques et repr\u00e9sentatifs de Barcelone. En tant que grossistes de souvenirs, nous garantissons l&rsquo;authenticit\u00e9 et le design exceptionnel de chaque pi\u00e8ce.<\/p>\n","protected":false},"excerpt":{"rendered":"<p>Bol en noix de coco d\u00e9cor\u00e9 d&rsquo;une mosa\u00efque color\u00e9e inspir\u00e9e de l&rsquo;essence de Barcelone. Ce bol attrayant pr\u00e9sente un design unique avec des pi\u00e8ces de c\u00e9ramique aux tons vibrants comme le rose, le bleu et le dor\u00e9, dispos\u00e9es de mani\u00e8re artistique. Au centre, le mot \u00ab\u00a0Barcelona\u00a0\u00bb se distingue, ajoutant une touche distinctive. Id\u00e9al pour la d\u00e9coration ou comme r\u00e9cipient pour de petits objets, ce bol allie tradition artisanale et modernit\u00e9 du design catalan.<\/p>\n","protected":false},"featured_media":11807,"template":"","meta":{"_acf_changed":false},"product_brand":[],"product_cat":[521],"product_tag":[],"class_list":{"0":"post-28576","1":"product","2":"type-product","3":"status-publish","4":"has-post-thumbnail","6":"product_cat-bols","7":"pa_ciudad-barcelona","8":"pa_motivo-mosaique","9":"pa_pais-espana","11":"first","12":"instock","13":"shipping-taxable","14":"product-type-simple"},"acf":[],"_links":{"self":[{"href":"https:\/\/olemosaic.com\/fr\/wp-json\/wp\/v2\/product\/28576","targetHints":{"allow":["GET"]}}],"collection":[{"href":"https:\/\/olemosaic.com\/fr\/wp-json\/wp\/v2\/product"}],"about":[{"href":"https:\/\/olemosaic.com\/fr\/wp-json\/wp\/v2\/types\/product"}],"wp:featuredmedia":[{"embeddable":true,"href":"https:\/\/olemosaic.com\/fr\/wp-json\/wp\/v2\/media\/11807"}],"wp:attachment":[{"href":"https:\/\/olemosaic.com\/fr\/wp-json\/wp\/v2\/media?parent=28576"}],"wp:term":[{"taxonomy":"product_brand","embeddable":true,"href":"https:\/\/olemosaic.com\/fr\/wp-json\/wp\/v2\/product_brand?post=28576"},{"taxonomy":"product_cat","embeddable":true,"href":"https:\/\/olemosaic.com\/fr\/wp-json\/wp\/v2\/product_cat?post=28576"},{"taxonomy":"product_tag","embeddable":true,"href":"https:\/\/olemosaic.com\/fr\/wp-json\/wp\/v2\/product_tag?post=28576"}],"curies":[{"name":"wp","href":"https:\/\/api.w.org\/{rel}","templated":true}]}}