{"id":28543,"date":"2025-02-20T23:30:10","date_gmt":"2025-02-20T22:30:10","guid":{"rendered":"http:\/\/olemosaic.com\/producto\/bol-de-coco-con-flores-ibiscus\/"},"modified":"2025-07-25T19:26:49","modified_gmt":"2025-07-25T17:26:49","slug":"bol-noix-de-coco-fleurs-hibiscus","status":"publish","type":"product","link":"https:\/\/olemosaic.com\/fr\/produit\/bol-noix-de-coco-fleurs-hibiscus\/","title":{"rendered":"Bol en noix de coco fleurs. Hibiscus."},"content":{"rendered":"<p>Ce bol en noix de coco, d\u00e9cor\u00e9 de motifs floraux, est une pi\u00e8ce artisanale qui \u00e9voque l&rsquo;exotisme de l&rsquo;hibiscus et le riche h\u00e9ritage culturel des r\u00e9gions m\u00e9diterran\u00e9ennes. De conception artisanale, ce magnifique bol pr\u00e9sente un design complexe avec des mosa\u00efques vibrantes dans des tons jaunes, rouges et bleus qui contrastent merveilleusement sur un fond clair, cr\u00e9ant une \u0153uvre d&rsquo;art pour les yeux. Au centre, un \u00e9l\u00e9gant hibiscus se distingue, symbolisant la beaut\u00e9 naturelle et la diversit\u00e9 florale de ces zones ensoleill\u00e9es.<\/p>\n<p>La forme organique du bol ne lui conf\u00e8re pas seulement un caract\u00e8re unique, mais en fait \u00e9galement une pi\u00e8ce fonctionnelle, id\u00e9ale pour la d\u00e9coration int\u00e9rieure ou pour servir des ap\u00e9ritifs et des collations lors de r\u00e9unions. Son attrait visuel et sa qualit\u00e9 artisanale font de ce bol en noix de coco un souvenir repr\u00e9sentatif et authentique, parfait pour ceux qui cherchent \u00e0 se rem\u00e9morer leur exp\u00e9rience m\u00e9diterran\u00e9enne ou pour offrir un petit morceau d&rsquo;Espagne ou du Portugal.<\/p>\n<p>Chez Ol\u00e9 Mosaic, nous proposons ce bol de fleurs comme un excellent produit en gros pour les boutiques de cadeaux touristiques. Sa pertinence culturelle et son design tr\u00e8s sp\u00e9cial en font un choix id\u00e9al pour ceux qui souhaitent acqu\u00e9rir des souvenirs de la r\u00e9gion, garantissant que chaque client emporte chez lui un fragment de la tradition et du charme des terres m\u00e9diterran\u00e9ennes.<\/p>\n","protected":false},"excerpt":{"rendered":"<p>Bol en noix de coco d\u00e9cor\u00e9 de motifs floraux, inspir\u00e9 par l&rsquo;exotisme de l&rsquo;hibiscus. Ce magnifique bol pr\u00e9sente un design complexe, artisanal, peint \u00e0 la main, avec des mosa\u00efques color\u00e9es dans des tons jaunes, rouges et bleus qui se d\u00e9tachent sur un fond clair. L&rsquo;\u00e9l\u00e9gant hibiscus au centre rehausse l&rsquo;h\u00e9ritage culturel, tandis que sa forme organique ajoute une touche naturelle. Id\u00e9al comme \u00e9l\u00e9ment d\u00e9coratif ou fonctionnel, il \u00e9voque le charme tropical des r\u00e9gions m\u00e9diterran\u00e9ennes.<\/p>\n","protected":false},"featured_media":13479,"template":"","meta":{"_acf_changed":false},"product_brand":[],"product_cat":[521],"product_tag":[],"class_list":{"0":"post-28543","1":"product","2":"type-product","3":"status-publish","4":"has-post-thumbnail","6":"product_cat-bols","7":"pa_motivo-hibiscus","9":"first","10":"instock","11":"shipping-taxable","12":"product-type-simple"},"acf":[],"_links":{"self":[{"href":"https:\/\/olemosaic.com\/fr\/wp-json\/wp\/v2\/product\/28543","targetHints":{"allow":["GET"]}}],"collection":[{"href":"https:\/\/olemosaic.com\/fr\/wp-json\/wp\/v2\/product"}],"about":[{"href":"https:\/\/olemosaic.com\/fr\/wp-json\/wp\/v2\/types\/product"}],"wp:featuredmedia":[{"embeddable":true,"href":"https:\/\/olemosaic.com\/fr\/wp-json\/wp\/v2\/media\/13479"}],"wp:attachment":[{"href":"https:\/\/olemosaic.com\/fr\/wp-json\/wp\/v2\/media?parent=28543"}],"wp:term":[{"taxonomy":"product_brand","embeddable":true,"href":"https:\/\/olemosaic.com\/fr\/wp-json\/wp\/v2\/product_brand?post=28543"},{"taxonomy":"product_cat","embeddable":true,"href":"https:\/\/olemosaic.com\/fr\/wp-json\/wp\/v2\/product_cat?post=28543"},{"taxonomy":"product_tag","embeddable":true,"href":"https:\/\/olemosaic.com\/fr\/wp-json\/wp\/v2\/product_tag?post=28543"}],"curies":[{"name":"wp","href":"https:\/\/api.w.org\/{rel}","templated":true}]}}