{"id":28542,"date":"2025-02-20T22:30:10","date_gmt":"2025-02-20T22:30:10","guid":{"rendered":"http:\/\/olemosaic.com\/producto\/bol-de-coco-con-flores-caballito-de-mar\/"},"modified":"2025-07-25T18:53:02","modified_gmt":"2025-07-25T16:53:02","slug":"bol-noix-de-coco-fleurs-hippocampe","status":"publish","type":"product","link":"https:\/\/olemosaic.com\/fr\/produit\/bol-noix-de-coco-fleurs-hippocampe\/","title":{"rendered":"Bol en noix de coco fleurs. Hippocampe."},"content":{"rendered":"<p>Ce bol en noix de coco, d\u00e9cor\u00e9 de motifs floraux et d&rsquo;un \u00e9l\u00e9gant hippocampe, est une pi\u00e8ce exceptionnelle qui ajoute une touche exotique \u00e0 n&rsquo;importe quel foyer. \u00c9labor\u00e9 avec une technique m\u00e9ticuleuse d&rsquo;incrustation, ce bol attrayant se distingue par sa palette vibrante de couleurs chaudes, incluant de merveilleux tons de jaune, rouge et bleu, cr\u00e9ant un effet visuel impressionnant. En son centre, l&rsquo;hippocampe, d\u00e9licatement repr\u00e9sent\u00e9, refl\u00e8te l&rsquo;habilet\u00e9 artisanale et le style caract\u00e9ristique de l&rsquo;art populaire m\u00e9diterran\u00e9en, faisant de chaque bol une \u0153uvre unique.<\/p>\n<p>Les motifs floraux qui ornent l&rsquo;ext\u00e9rieur du bol \u00e9voquent la riche biodiversit\u00e9 des c\u00f4tes m\u00e9diterran\u00e9ennes, reliant le spectateur \u00e0 la beaut\u00e9 naturelle de la r\u00e9gion. Ce bol en noix de coco n&rsquo;est pas seulement id\u00e9al comme \u00e9l\u00e9ment d\u00e9coratif pour les tables ou les \u00e9tag\u00e8res, mais il se pr\u00e9sente \u00e9galement comme un cadeau unique et m\u00e9morable, parfait pour les touristes \u00e0 la recherche de souvenirs authentiques repr\u00e9sentant la culture locale. Chez Ol\u00e9 Mosaic, nous sommes fiers de proposer des produits artisanaux de qualit\u00e9 en gros, et ce bol est une excellente option qui met en valeur tant l&rsquo;esth\u00e9tique que la richesse culturelle. En tant que distributeurs de souvenirs, nous garantissons l&rsquo;authenticit\u00e9 et la pertinence culturelle de chaque pi\u00e8ce, en faisant un souvenir repr\u00e9sentatif de la M\u00e9diterran\u00e9e.<\/p>\n","protected":false},"excerpt":{"rendered":"<p>Bol en noix de coco d\u00e9cor\u00e9 de motifs floraux et d&rsquo;un hippocampe, id\u00e9al pour ajouter une touche exotique \u00e0 votre foyer. Ce bol attrayant pr\u00e9sente une technique d&rsquo;incrustation exquise dans des tons chauds comme le jaune, le rouge et le bleu, qui mettent en valeur un \u00e9l\u00e9gant hippocampe au centre. Son design frais et vibrant en fait un excellent \u00e9l\u00e9ment d\u00e9coratif ou un cadeau unique, refl\u00e9tant la richesse de l&rsquo;art populaire m\u00e9diterran\u00e9en.<\/p>\n","protected":false},"featured_media":10284,"template":"","meta":{"_acf_changed":false},"product_brand":[],"product_cat":[521],"product_tag":[530],"class_list":{"0":"post-28542","1":"product","2":"type-product","3":"status-publish","4":"has-post-thumbnail","6":"product_cat-bols","7":"product_tag-animaux","8":"pa_motivo-hippocampes","10":"first","11":"instock","12":"shipping-taxable","13":"product-type-simple"},"acf":[],"_links":{"self":[{"href":"https:\/\/olemosaic.com\/fr\/wp-json\/wp\/v2\/product\/28542","targetHints":{"allow":["GET"]}}],"collection":[{"href":"https:\/\/olemosaic.com\/fr\/wp-json\/wp\/v2\/product"}],"about":[{"href":"https:\/\/olemosaic.com\/fr\/wp-json\/wp\/v2\/types\/product"}],"wp:featuredmedia":[{"embeddable":true,"href":"https:\/\/olemosaic.com\/fr\/wp-json\/wp\/v2\/media\/10284"}],"wp:attachment":[{"href":"https:\/\/olemosaic.com\/fr\/wp-json\/wp\/v2\/media?parent=28542"}],"wp:term":[{"taxonomy":"product_brand","embeddable":true,"href":"https:\/\/olemosaic.com\/fr\/wp-json\/wp\/v2\/product_brand?post=28542"},{"taxonomy":"product_cat","embeddable":true,"href":"https:\/\/olemosaic.com\/fr\/wp-json\/wp\/v2\/product_cat?post=28542"},{"taxonomy":"product_tag","embeddable":true,"href":"https:\/\/olemosaic.com\/fr\/wp-json\/wp\/v2\/product_tag?post=28542"}],"curies":[{"name":"wp","href":"https:\/\/api.w.org\/{rel}","templated":true}]}}