{"id":28541,"date":"2025-02-20T23:30:10","date_gmt":"2025-02-20T22:30:10","guid":{"rendered":"http:\/\/olemosaic.com\/producto\/bol-de-coco-con-flores-delfin-barcelona\/"},"modified":"2025-07-25T18:56:28","modified_gmt":"2025-07-25T16:56:28","slug":"bol-noix-de-coco-fleurs-dauphin-barcelone","status":"publish","type":"product","link":"https:\/\/olemosaic.com\/fr\/produit\/bol-noix-de-coco-fleurs-dauphin-barcelone\/","title":{"rendered":"Bol en noix de coco fleurs. Dauphin. Barcelone."},"content":{"rendered":"<p>Ce bol en noix de coco, d\u00e9cor\u00e9 de motifs floraux et de dauphins, est une pi\u00e8ce unique qui capture l&rsquo;esprit vibrant de Barcelone. Avec un design peint \u00e0 la main, ce bol pr\u00e9sente une magnifique palette de couleurs comprenant des bleus profonds, des jaunes chauds, des rouges et des oranges brillants, formant une mosa\u00efque qui \u00e9voque l&rsquo;\u00e9nergie et la vitalit\u00e9 de la ville. \u00c0 l&rsquo;int\u00e9rieur, les \u00e9l\u00e9gantes illustrations de dauphins dansent en mouvement, refl\u00e9tant la connexion de Barcelone avec son environnement maritime, tandis que l&rsquo;inscription \u00ab\u00a0Barcelone\u00a0\u00bb souligne l&rsquo;authenticit\u00e9 du souvenir.<\/p>\n<p>Le design floral, avec des d\u00e9tails rappelant l&rsquo;architecture moderniste et la beaut\u00e9 naturelle de la c\u00f4te catalane, fait de ce bol un choix id\u00e9al tant comme pi\u00e8ce d\u00e9corative que pour donner une touche sp\u00e9ciale \u00e0 n&rsquo;importe quelle table. Ce bol en noix de coco n&rsquo;est pas seulement un accessoire fonctionnel, mais aussi un souvenir culturel qui c\u00e9l\u00e8bre le riche h\u00e9ritage m\u00e9diterran\u00e9en de Barcelone.<\/p>\n<p>Chez Ol\u00e9 Mosaic, nous sommes experts dans la distribution de souvenirs en gros et proposons des produits authentiques et significatifs qui mettent en valeur l&rsquo;essence de chaque r\u00e9gion. Ce bol en noix de coco est un excellent choix pour les boutiques de cadeaux touristiques cherchant \u00e0 offrir des souvenirs repr\u00e9sentatifs de Barcelone, alliant artisanat et valeur culturelle exceptionnelle. En tant que grossiste de souvenirs, nous garantissons la qualit\u00e9 et l&rsquo;originalit\u00e9 de chaque pi\u00e8ce, assurant que chaque client emporte un morceau de la charmante Barcelone.<\/p>\n","protected":false},"excerpt":{"rendered":"<p>Bol en noix de coco d\u00e9cor\u00e9 de motifs floraux et de dauphins, \u00e9voquant le charme de Barcelone. Ce bol singulier pr\u00e9sente un design artisanal, peint \u00e0 la main, avec une riche palette de couleurs, incluant des bleus, jaunes, rouges et oranges, cr\u00e9ant une mosa\u00efque vibrante. \u00c0 l&rsquo;int\u00e9rieur, se distinguent les illustrations de dauphins en mouvement, accompagn\u00e9es du nom \u00ab\u00a0Barcelone\u00a0\u00bb. Id\u00e9al comme pi\u00e8ce d\u00e9corative ou pour donner une touche sp\u00e9ciale \u00e0 n&rsquo;importe quelle table.<\/p>\n","protected":false},"featured_media":10364,"template":"","meta":{"_acf_changed":false},"product_brand":[],"product_cat":[521],"product_tag":[530],"class_list":{"0":"post-28541","1":"product","2":"type-product","3":"status-publish","4":"has-post-thumbnail","6":"product_cat-bols","7":"product_tag-animaux","8":"pa_ciudad-barcelona","9":"pa_motivo-dauphins","10":"pa_pais-espana","12":"first","13":"instock","14":"shipping-taxable","15":"product-type-simple"},"acf":[],"_links":{"self":[{"href":"https:\/\/olemosaic.com\/fr\/wp-json\/wp\/v2\/product\/28541","targetHints":{"allow":["GET"]}}],"collection":[{"href":"https:\/\/olemosaic.com\/fr\/wp-json\/wp\/v2\/product"}],"about":[{"href":"https:\/\/olemosaic.com\/fr\/wp-json\/wp\/v2\/types\/product"}],"wp:featuredmedia":[{"embeddable":true,"href":"https:\/\/olemosaic.com\/fr\/wp-json\/wp\/v2\/media\/10364"}],"wp:attachment":[{"href":"https:\/\/olemosaic.com\/fr\/wp-json\/wp\/v2\/media?parent=28541"}],"wp:term":[{"taxonomy":"product_brand","embeddable":true,"href":"https:\/\/olemosaic.com\/fr\/wp-json\/wp\/v2\/product_brand?post=28541"},{"taxonomy":"product_cat","embeddable":true,"href":"https:\/\/olemosaic.com\/fr\/wp-json\/wp\/v2\/product_cat?post=28541"},{"taxonomy":"product_tag","embeddable":true,"href":"https:\/\/olemosaic.com\/fr\/wp-json\/wp\/v2\/product_tag?post=28541"}],"curies":[{"name":"wp","href":"https:\/\/api.w.org\/{rel}","templated":true}]}}