{"id":28536,"date":"2025-02-20T23:30:09","date_gmt":"2025-02-20T22:30:09","guid":{"rendered":"http:\/\/olemosaic.com\/producto\/bol-de-coco-de-corazones-delfin-gran-canaria\/"},"modified":"2025-07-25T20:01:16","modified_gmt":"2025-07-25T18:01:16","slug":"bol-noix-de-coco-coeurs-dauphin-gran-canaria","status":"publish","type":"product","link":"https:\/\/olemosaic.com\/fr\/produit\/bol-noix-de-coco-coeurs-dauphin-gran-canaria\/","title":{"rendered":"Bol en noix de coco c\u0153urs. Dauphin. Gran Canaria."},"content":{"rendered":"<p>Ce bol en noix de coco, d\u00e9cor\u00e9 de dauphins et de c\u0153urs, est un v\u00e9ritable tr\u00e9sor qui capture l&rsquo;esprit vibrant de Gran Canaria. Fabriqu\u00e9 \u00e0 partir d&rsquo;une coque de noix de coco, cet article se distingue par son design peint \u00e0 la main dans une palette de couleurs comprenant divers tons de bleu, d&rsquo;orange et de marron, cr\u00e9ant une esth\u00e9tique qui \u00e9voque les eaux chaudes de l&rsquo;oc\u00e9an et la beaut\u00e9 naturelle de l&rsquo;\u00eele. L&rsquo;int\u00e9rieur du bol montre deux dauphins entrelac\u00e9s, symbole de la connexion maritime qu&rsquo;offre Gran Canaria, entour\u00e9s d&rsquo;un charmant fond de c\u0153urs aux couleurs joyeuses.<\/p>\n<p>Le texte \u00ab\u00a0GRAN CANARIA\u00a0\u00bb est pr\u00e9sent\u00e9 dans un ton marron \u00e9l\u00e9gant qui ressort sur la surface brillante, soulignant l&rsquo;authenticit\u00e9 du souvenir. Id\u00e9al pour ceux qui recherchent des souvenirs repr\u00e9sentant la culture canarienne, ce bol n&rsquo;est pas seulement fonctionnel, il sert aussi de pi\u00e8ce d\u00e9corative \u00e9voquant la chaleur et l&rsquo;hospitalit\u00e9 de l&rsquo;archipel. Chez Ol\u00e9 Mosaic, nous sommes fiers de proposer des souvenirs de qualit\u00e9 qui refl\u00e8tent l&rsquo;essence de chaque r\u00e9gion, ce bol en noix de coco \u00e9tant un cadeau parfait pour les touristes et un excellent ajout pour les boutiques de cadeaux touristiques. En tant que grossistes de souvenirs, nous garantissons un produit qui allie artisanat et tradition, en faisant un souvenir inoubliable de Gran Canaria.<\/p>\n","protected":false},"excerpt":{"rendered":"<p>Bol en noix de coco d\u00e9cor\u00e9 de dauphins et de c\u0153urs, repr\u00e9sentant l&rsquo;esprit de Gran Canaria. Cet article attrayant, fabriqu\u00e9 \u00e0 partir d&rsquo;une coque de noix de coco, pr\u00e9sente un design artisanal, peint \u00e0 la main, dans des tons bleus, oranges et marrons, avec une finition brillante qui rehausse les motifs. Au centre, les dauphins, entrelac\u00e9s avec pr\u00e9cision, se d\u00e9tachent sur un fond de c\u0153urs color\u00e9s, accompagn\u00e9s du texte \u00ab\u00a0GRAN CANARIA\u00a0\u00bb, offrant un souvenir authentique et plein de charme.<\/p>\n","protected":false},"featured_media":10361,"template":"","meta":{"_acf_changed":false},"product_brand":[],"product_cat":[521],"product_tag":[530],"class_list":{"0":"post-28536","1":"product","2":"type-product","3":"status-publish","4":"has-post-thumbnail","6":"product_cat-bols","7":"product_tag-animaux","8":"pa_ciudad-gran-canaria","9":"pa_motivo-dauphins","10":"pa_pais-espana","12":"first","13":"instock","14":"shipping-taxable","15":"product-type-simple"},"acf":[],"_links":{"self":[{"href":"https:\/\/olemosaic.com\/fr\/wp-json\/wp\/v2\/product\/28536","targetHints":{"allow":["GET"]}}],"collection":[{"href":"https:\/\/olemosaic.com\/fr\/wp-json\/wp\/v2\/product"}],"about":[{"href":"https:\/\/olemosaic.com\/fr\/wp-json\/wp\/v2\/types\/product"}],"wp:featuredmedia":[{"embeddable":true,"href":"https:\/\/olemosaic.com\/fr\/wp-json\/wp\/v2\/media\/10361"}],"wp:attachment":[{"href":"https:\/\/olemosaic.com\/fr\/wp-json\/wp\/v2\/media?parent=28536"}],"wp:term":[{"taxonomy":"product_brand","embeddable":true,"href":"https:\/\/olemosaic.com\/fr\/wp-json\/wp\/v2\/product_brand?post=28536"},{"taxonomy":"product_cat","embeddable":true,"href":"https:\/\/olemosaic.com\/fr\/wp-json\/wp\/v2\/product_cat?post=28536"},{"taxonomy":"product_tag","embeddable":true,"href":"https:\/\/olemosaic.com\/fr\/wp-json\/wp\/v2\/product_tag?post=28536"}],"curies":[{"name":"wp","href":"https:\/\/api.w.org\/{rel}","templated":true}]}}