{"id":28523,"date":"2025-02-20T23:30:08","date_gmt":"2025-02-20T22:30:08","guid":{"rendered":"http:\/\/olemosaic.com\/producto\/bol-de-coco-con-flores-mano\/"},"modified":"2025-07-25T18:44:36","modified_gmt":"2025-07-25T16:44:36","slug":"bol-noix-de-coco-fleurs-main","status":"publish","type":"product","link":"https:\/\/olemosaic.com\/fr\/produit\/bol-noix-de-coco-fleurs-main\/","title":{"rendered":"Bol en noix de coco avec fleurs. Main."},"content":{"rendered":"<p>Ce bol en noix de coco d\u00e9cor\u00e9 de fleurs est un v\u00e9ritable bijou de l&rsquo;artisanat m\u00e9diterran\u00e9en, id\u00e9al pour ceux qui recherchent un souvenir unique de leur visite dans la r\u00e9gion. Avec un design peint \u00e0 la main qui irradie de couleur et de vie, le bol pr\u00e9sente des fleurs vibrantes dans des tons rouges, bleus et jaunes qui entourent un symbole de main au centre, connu sous le nom de \u00ab hamsa \u00bb, un embl\u00e8me de protection et de bonne fortune. La finition artisanale du bol souligne la texture naturelle de la noix de coco, ajoutant une touche chaleureuse et distinctive qui en fait la pi\u00e8ce parfaite pour d\u00e9corer n&rsquo;importe quel int\u00e9rieur ou pour servir des ap\u00e9ritifs de mani\u00e8re \u00e9l\u00e9gante. Chaque bol est unique, reflet du d\u00e9vouement et du talent des artisans qui le fabriquent.<\/p>\n<p>Ce bol n&rsquo;est pas seulement un \u00e9l\u00e9ment d\u00e9coratif attrayant, mais il c\u00e9l\u00e8bre \u00e9galement le riche h\u00e9ritage culturel de la r\u00e9gion m\u00e9diterran\u00e9enne, fusionnant tradition et couleurs pour cr\u00e9er un produit \u00e0 la fois utilitaire et artistique. Chez Ol\u00e9 Mosaic, nous nous sp\u00e9cialisons dans la distribution de souvenirs en gros, et ce bol en noix de coco est une excellente option pour les boutiques de cadeaux touristiques qui cherchent \u00e0 offrir des produits authentiques et significatifs. Avec sa beaut\u00e9 distinctive et sa connexion culturelle, ce bol \u00e0 fleurs devient un souvenir repr\u00e9sentatif parfait de la riche tradition artisanale de la r\u00e9gion, id\u00e9al pour les touristes \u00e0 la recherche d&rsquo;un souvenir sp\u00e9cial.<\/p>\n","protected":false},"excerpt":{"rendered":"<p>Bol en noix de coco d\u00e9cor\u00e9 de motifs traditionnels et de fleurs. Ce magnifique bol, fabriqu\u00e9 en noix de coco, pr\u00e9sente un charmant design artisanal, peint \u00e0 la main, dans des couleurs vibrantes, avec des fleurs dans des tons rouges, bleus et jaunes, ainsi qu&rsquo;un symbole de main au centre. Sa finition artisanale souligne la beaut\u00e9 de la culture m\u00e9diterran\u00e9enne, en faisant un \u00e9l\u00e9ment d\u00e9coratif \u00e9l\u00e9gant pour n&rsquo;importe quel int\u00e9rieur ou une pi\u00e8ce unique pour servir des ap\u00e9ritifs.<\/p>\n","protected":false},"featured_media":13483,"template":"","meta":{"_acf_changed":false},"product_brand":[],"product_cat":[521],"product_tag":[],"class_list":{"0":"post-28523","1":"product","2":"type-product","3":"status-publish","4":"has-post-thumbnail","6":"product_cat-bols","7":"pa_motivo-mains","9":"first","10":"instock","11":"shipping-taxable","12":"product-type-simple"},"acf":[],"_links":{"self":[{"href":"https:\/\/olemosaic.com\/fr\/wp-json\/wp\/v2\/product\/28523","targetHints":{"allow":["GET"]}}],"collection":[{"href":"https:\/\/olemosaic.com\/fr\/wp-json\/wp\/v2\/product"}],"about":[{"href":"https:\/\/olemosaic.com\/fr\/wp-json\/wp\/v2\/types\/product"}],"wp:featuredmedia":[{"embeddable":true,"href":"https:\/\/olemosaic.com\/fr\/wp-json\/wp\/v2\/media\/13483"}],"wp:attachment":[{"href":"https:\/\/olemosaic.com\/fr\/wp-json\/wp\/v2\/media?parent=28523"}],"wp:term":[{"taxonomy":"product_brand","embeddable":true,"href":"https:\/\/olemosaic.com\/fr\/wp-json\/wp\/v2\/product_brand?post=28523"},{"taxonomy":"product_cat","embeddable":true,"href":"https:\/\/olemosaic.com\/fr\/wp-json\/wp\/v2\/product_cat?post=28523"},{"taxonomy":"product_tag","embeddable":true,"href":"https:\/\/olemosaic.com\/fr\/wp-json\/wp\/v2\/product_tag?post=28523"}],"curies":[{"name":"wp","href":"https:\/\/api.w.org\/{rel}","templated":true}]}}