{"id":28521,"date":"2025-02-20T22:30:08","date_gmt":"2025-02-20T22:30:08","guid":{"rendered":"http:\/\/olemosaic.com\/producto\/bol-de-coco-de-corazones-delfin-barcelona\/"},"modified":"2025-07-25T19:21:03","modified_gmt":"2025-07-25T17:21:03","slug":"bol-noix-de-coco-coeurs-dauphin-barcelone","status":"publish","type":"product","link":"https:\/\/olemosaic.com\/fr\/produit\/bol-noix-de-coco-coeurs-dauphin-barcelone\/","title":{"rendered":"Bol en noix de coco c\u0153urs. Dauphin. Barcelone."},"content":{"rendered":"<p>Ce bol en noix de coco, d\u00e9cor\u00e9 de charmants c\u0153urs et de dauphins, est une repr\u00e9sentation exquise de la culture vibrante de Barcelone. \u00c9labor\u00e9 avec le savoir-faire artisanal qui caract\u00e9rise la r\u00e9gion, cet \u00e9l\u00e9gant bol se distingue par son design impressionnant, qui combine des mosa\u00efques de couleurs dans des tons doux de bleu, orange et \u00e9cru, cr\u00e9ant une pi\u00e8ce unique qui capture l&rsquo;essence de la M\u00e9diterran\u00e9e. \u00c0 l&rsquo;int\u00e9rieur du bol, deux dauphins joueurs prennent vie dans un art d\u00e9taill\u00e9 qui \u00e9voque les eaux joyeuses entourant la ville, tandis que l&rsquo;inscription \u00ab Barcelone \u00bb ajoute une touche d&rsquo;authenticit\u00e9 qui en fait un souvenir inoubliable.<\/p>\n<p>La combinaison de c\u0153urs et de dauphins souligne non seulement le lien du bol avec la mer, partie int\u00e9grante de l&rsquo;identit\u00e9 de Barcelone, mais symbolise \u00e9galement la joie et l&rsquo;amour qui se respirent dans cette ville cosmopolite. Chaque d\u00e9tail, de la forme du bol aux d\u00e9licates mosa\u00efques, a \u00e9t\u00e9 soigneusement pens\u00e9 pour que chaque visiteur emporte avec lui un morceau de la culture catalane. Ce bol n&rsquo;est pas seulement id\u00e9al pour la d\u00e9coration int\u00e9rieure, mais c&rsquo;est aussi un magnifique souvenir qui refl\u00e8te la riche tradition artisanale espagnole.<\/p>\n<p>Chez Ol\u00e9 Mosaic, en tant que grossistes en souvenirs authentiques, nous proposons cette pi\u00e8ce unique pour les boutiques de cadeaux touristiques \u00e0 la recherche de produits repr\u00e9sentatifs. Ce bol en noix de coco est une excellente option pour les touristes souhaitant emporter un souvenir culturel significatif de Barcelone et de sa splendide c\u00f4te.<\/p>\n","protected":false},"excerpt":{"rendered":"<p>Bol en noix de coco d\u00e9cor\u00e9 de charmants c\u0153urs et de dauphins, inspir\u00e9 par la ville vibrante de Barcelone. Cet \u00e9l\u00e9gant bol, fabriqu\u00e9 \u00e0 partir de noix de coco, pr\u00e9sente un design d\u00e9licat avec des mosa\u00efques color\u00e9es qui t\u00e9moignent de la technique artisanale, ainsi qu&rsquo;une illustration de dauphins \u00e9voquant la mer M\u00e9diterran\u00e9e. Les tons doux de bleu, d&rsquo;orange et d&rsquo;\u00e9cru, combin\u00e9s \u00e0 l&rsquo;inscription \u00ab Barcelone \u00bb, font de ce bol une pi\u00e8ce d\u00e9corative id\u00e9ale pour n&rsquo;importe quel int\u00e9rieur.<\/p>\n","protected":false},"featured_media":10365,"template":"","meta":{"_acf_changed":false},"product_brand":[],"product_cat":[521],"product_tag":[530],"class_list":{"0":"post-28521","1":"product","2":"type-product","3":"status-publish","4":"has-post-thumbnail","6":"product_cat-bols","7":"product_tag-animaux","8":"pa_ciudad-barcelona","9":"pa_motivo-dauphins","10":"pa_pais-espana","12":"first","13":"instock","14":"shipping-taxable","15":"product-type-simple"},"acf":[],"_links":{"self":[{"href":"https:\/\/olemosaic.com\/fr\/wp-json\/wp\/v2\/product\/28521","targetHints":{"allow":["GET"]}}],"collection":[{"href":"https:\/\/olemosaic.com\/fr\/wp-json\/wp\/v2\/product"}],"about":[{"href":"https:\/\/olemosaic.com\/fr\/wp-json\/wp\/v2\/types\/product"}],"wp:featuredmedia":[{"embeddable":true,"href":"https:\/\/olemosaic.com\/fr\/wp-json\/wp\/v2\/media\/10365"}],"wp:attachment":[{"href":"https:\/\/olemosaic.com\/fr\/wp-json\/wp\/v2\/media?parent=28521"}],"wp:term":[{"taxonomy":"product_brand","embeddable":true,"href":"https:\/\/olemosaic.com\/fr\/wp-json\/wp\/v2\/product_brand?post=28521"},{"taxonomy":"product_cat","embeddable":true,"href":"https:\/\/olemosaic.com\/fr\/wp-json\/wp\/v2\/product_cat?post=28521"},{"taxonomy":"product_tag","embeddable":true,"href":"https:\/\/olemosaic.com\/fr\/wp-json\/wp\/v2\/product_tag?post=28521"}],"curies":[{"name":"wp","href":"https:\/\/api.w.org\/{rel}","templated":true}]}}