{"id":28519,"date":"2025-02-20T22:30:08","date_gmt":"2025-02-20T22:30:08","guid":{"rendered":"http:\/\/olemosaic.com\/producto\/bol-de-coco-de-corazones-isla-tenerife\/"},"modified":"2025-07-25T18:49:19","modified_gmt":"2025-07-25T16:49:19","slug":"bol-noix-de-coco-coeurs-ile-tenerife","status":"publish","type":"product","link":"https:\/\/olemosaic.com\/fr\/produit\/bol-noix-de-coco-coeurs-ile-tenerife\/","title":{"rendered":"Bol en noix de coco c\u0153urs. \u00cele. Tenerife."},"content":{"rendered":"<p>Ce bol en noix de coco, d\u00e9cor\u00e9 de c\u0153urs et d&rsquo;une carte de l&rsquo;\u00eele de Tenerife, est une pi\u00e8ce unique qui fusionne l&rsquo;artisanat traditionnel avec un design contemporain. Fabriqu\u00e9 \u00e0 partir d&rsquo;une coque de noix de coco, son int\u00e9rieur pr\u00e9sente une finition nacr\u00e9e qui brille avec subtilit\u00e9, apportant une touche \u00e9l\u00e9gante et distinctive. Au centre du bol, se d\u00e9tache la repr\u00e9sentation en mosa\u00efque de l&rsquo;\u00eele de Tenerife, entour\u00e9e de jolis c\u0153urs dans des tons doux de bleu, marron et rose, ce qui lui conf\u00e8re un air romantique et accueillant. Ce bol n&rsquo;est pas seulement un objet d\u00e9coratif, mais un authentique souvenir qui capture l&rsquo;essence des \u00eeles Canaries, devenant un souvenir pr\u00e9cieux pour ceux qui visitent la r\u00e9gion.<\/p>\n<p>Le design du bol refl\u00e8te la riche culture et la beaut\u00e9 naturelle de Tenerife, connue pour ses paysages volcaniques et son folklore vibrant. Ce souvenir de l&rsquo;\u00eele n&rsquo;orne pas seulement n&rsquo;importe quel espace, mais offre \u00e9galement un morceau du c\u0153ur de l&rsquo;\u00eele \u00e0 emporter chez soi. Chez Ol\u00e9 Mosaic, nous sommes des distributeurs de souvenirs en gros et ce bol en noix de coco, avec son authentique connexion culturelle, est une excellente option pour les boutiques de cadeaux touristiques qui cherchent \u00e0 offrir \u00e0 leurs clients un morceau de Tenerife. Id\u00e9al pour ceux qui recherchent des souvenirs qui racontent une histoire et embellissent leur maison avec une touche insulaire.<\/p>\n","protected":false},"excerpt":{"rendered":"<p>Bol en noix de coco d\u00e9cor\u00e9 de c\u0153urs et d&rsquo;une carte de l&rsquo;\u00eele de Tenerife. Ce magnifique bol pr\u00e9sente un design en mosa\u00efque avec des d\u00e9tails dans des tons doux de bleu, marron et rose, qui soulignent le contour de l&rsquo;\u00eele au centre. Fabriqu\u00e9 en coque de noix de coco, son int\u00e9rieur brille de nacre, offrant une finition \u00e9l\u00e9gante et unique. Id\u00e9al comme souvenir ou pour donner une touche insulaire \u00e0 la d\u00e9coration de votre maison.<\/p>\n","protected":false},"featured_media":10317,"template":"","meta":{"_acf_changed":false},"product_brand":[],"product_cat":[521],"product_tag":[],"class_list":{"0":"post-28519","1":"product","2":"type-product","3":"status-publish","4":"has-post-thumbnail","6":"product_cat-bols","7":"pa_ciudad-tenerife","8":"pa_motivo-iles","9":"pa_pais-espana","11":"first","12":"instock","13":"shipping-taxable","14":"product-type-simple"},"acf":[],"_links":{"self":[{"href":"https:\/\/olemosaic.com\/fr\/wp-json\/wp\/v2\/product\/28519","targetHints":{"allow":["GET"]}}],"collection":[{"href":"https:\/\/olemosaic.com\/fr\/wp-json\/wp\/v2\/product"}],"about":[{"href":"https:\/\/olemosaic.com\/fr\/wp-json\/wp\/v2\/types\/product"}],"wp:featuredmedia":[{"embeddable":true,"href":"https:\/\/olemosaic.com\/fr\/wp-json\/wp\/v2\/media\/10317"}],"wp:attachment":[{"href":"https:\/\/olemosaic.com\/fr\/wp-json\/wp\/v2\/media?parent=28519"}],"wp:term":[{"taxonomy":"product_brand","embeddable":true,"href":"https:\/\/olemosaic.com\/fr\/wp-json\/wp\/v2\/product_brand?post=28519"},{"taxonomy":"product_cat","embeddable":true,"href":"https:\/\/olemosaic.com\/fr\/wp-json\/wp\/v2\/product_cat?post=28519"},{"taxonomy":"product_tag","embeddable":true,"href":"https:\/\/olemosaic.com\/fr\/wp-json\/wp\/v2\/product_tag?post=28519"}],"curies":[{"name":"wp","href":"https:\/\/api.w.org\/{rel}","templated":true}]}}