{"id":28517,"date":"2025-02-20T23:30:07","date_gmt":"2025-02-20T22:30:07","guid":{"rendered":"http:\/\/olemosaic.com\/producto\/bol-de-coco-de-corazones-delfin\/"},"modified":"2025-07-25T18:57:46","modified_gmt":"2025-07-25T16:57:46","slug":"bol-noix-de-coco-coeurs-dauphin","status":"publish","type":"product","link":"https:\/\/olemosaic.com\/fr\/produit\/bol-noix-de-coco-coeurs-dauphin\/","title":{"rendered":"Bol en noix de coco c\u0153urs. Dauphin."},"content":{"rendered":"<p>Ce bol en noix de coco, d\u00e9cor\u00e9 de c\u0153urs et de dauphins, est une magnifique repr\u00e9sentation de l&rsquo;art traditionnel qui capture l&rsquo;essence de l&rsquo;environnement marin et festif. Fabriqu\u00e9 \u00e0 partir d&rsquo;une coque de noix de coco, ce bol est non seulement fonctionnel, mais devient \u00e9galement un \u00e9l\u00e9ment d\u00e9coratif attrayant pour toute maison. Son design complexe pr\u00e9sente un fond clair qui met en valeur une vari\u00e9t\u00e9 de c\u0153urs dans des tons vibrants de bleu, d&rsquo;orange et de terre cuite, cr\u00e9ant un effet visuel dynamique et joyeux. Au centre, deux dauphins d\u00e9licats, model\u00e9s en relief, semblent jouer et nager dans un environnement marin, symbolisant la joie et la libert\u00e9.<\/p>\n<p>Cette pi\u00e8ce unique refl\u00e8te non seulement la cr\u00e9ativit\u00e9 de l&rsquo;artisan local, mais se distingue \u00e9galement par sa peinture \u00e0 la main, garantissant que chaque bol est une \u0153uvre unique pleine de caract\u00e8re authentique. Ce bol en noix de coco est parfait pour servir des ap\u00e9ritifs, des salades ou simplement comme ornement d\u00e9coratif qui apportera une touche sp\u00e9ciale \u00e0 n&rsquo;importe quelle pi\u00e8ce.<\/p>\n<p>En tant que l&rsquo;un des souvenirs les plus repr\u00e9sentatifs de la tradition artisanale, ce bol devient un merveilleux souvenir pour les touristes cherchant \u00e0 ramener chez eux un morceau de culture locale. Chez Ol\u00e9 Mosaic, nous sommes des distributeurs de souvenirs authentiques et pertinents, et ce bol est une excellente option pour les boutiques de cadeaux touristiques souhaitant proposer des produits de qualit\u00e9 mettant en valeur le riche patrimoine culturel de leur r\u00e9gion.<\/p>\n","protected":false},"excerpt":{"rendered":"<p>Bol en noix de coco d\u00e9cor\u00e9 de c\u0153urs et de dauphins, id\u00e9al pour donner une touche unique \u00e0 votre maison. Ce bol attrayant pr\u00e9sente un design complexe, avec un fond clair orn\u00e9 de c\u0153urs color\u00e9s dans les tons bleus, orang\u00e9s et terre cuite, et deux dauphins en relief au centre. Fabriqu\u00e9 \u00e0 partir de coque de noix de coco, il combine des \u00e9l\u00e9ments naturels avec une finition artistique, soulignant son design artisanal peint \u00e0 la main qui lui conf\u00e8re un caract\u00e8re authentique. Parfait comme \u00e9l\u00e9ment d\u00e9coratif ou pour servir.<\/p>\n","protected":false},"featured_media":10293,"template":"","meta":{"_acf_changed":false},"product_brand":[],"product_cat":[521],"product_tag":[530],"class_list":{"0":"post-28517","1":"product","2":"type-product","3":"status-publish","4":"has-post-thumbnail","6":"product_cat-bols","7":"product_tag-animaux","8":"pa_motivo-dauphins","10":"first","11":"instock","12":"shipping-taxable","13":"product-type-simple"},"acf":[],"_links":{"self":[{"href":"https:\/\/olemosaic.com\/fr\/wp-json\/wp\/v2\/product\/28517","targetHints":{"allow":["GET"]}}],"collection":[{"href":"https:\/\/olemosaic.com\/fr\/wp-json\/wp\/v2\/product"}],"about":[{"href":"https:\/\/olemosaic.com\/fr\/wp-json\/wp\/v2\/types\/product"}],"wp:featuredmedia":[{"embeddable":true,"href":"https:\/\/olemosaic.com\/fr\/wp-json\/wp\/v2\/media\/10293"}],"wp:attachment":[{"href":"https:\/\/olemosaic.com\/fr\/wp-json\/wp\/v2\/media?parent=28517"}],"wp:term":[{"taxonomy":"product_brand","embeddable":true,"href":"https:\/\/olemosaic.com\/fr\/wp-json\/wp\/v2\/product_brand?post=28517"},{"taxonomy":"product_cat","embeddable":true,"href":"https:\/\/olemosaic.com\/fr\/wp-json\/wp\/v2\/product_cat?post=28517"},{"taxonomy":"product_tag","embeddable":true,"href":"https:\/\/olemosaic.com\/fr\/wp-json\/wp\/v2\/product_tag?post=28517"}],"curies":[{"name":"wp","href":"https:\/\/api.w.org\/{rel}","templated":true}]}}