{"id":28515,"date":"2025-02-20T22:30:07","date_gmt":"2025-02-20T22:30:07","guid":{"rendered":"http:\/\/olemosaic.com\/producto\/bol-de-coco-de-corazones-tortuga-mallorca\/"},"modified":"2025-07-25T19:42:46","modified_gmt":"2025-07-25T17:42:46","slug":"bol-noix-de-coco-coeurs-tortue-majorque","status":"publish","type":"product","link":"https:\/\/olemosaic.com\/fr\/produit\/bol-noix-de-coco-coeurs-tortue-majorque\/","title":{"rendered":"Bol en noix de coco c\u0153urs. Tortue. Majorque."},"content":{"rendered":"<p>Ce bol en noix de coco d\u00e9cor\u00e9 de c\u0153urs est une pi\u00e8ce artisanale captivante qui \u00e9voque l&rsquo;essence de la magnifique \u00eele de Majorque. Gr\u00e2ce \u00e0 une technique de mosa\u00efque impressionnante, le bol pr\u00e9sente un fond clair orn\u00e9 de fragments de coquillages de diverses couleurs, formant une vari\u00e9t\u00e9 de c\u0153urs vibrants qui donnent vie et joie au design. Au centre, une charmante tortue, illustr\u00e9e en d\u00e9tail dans des tons bruns et dot\u00e9e d&rsquo;une carapace distinctive, devient le point focal de cette \u0153uvre d&rsquo;art, symbolisant la faune marine de la r\u00e9gion. Sous la tortue, l&rsquo;inscription \u00ab\u00a0MALLORCA\u00a0\u00bb ressort avec \u00e9l\u00e9gance, rappelant aux visiteurs la magie de l&rsquo;\u00eele chaque fois qu&rsquo;ils voient ce souvenir.<\/p>\n<p>Id\u00e9al aussi bien comme objet d\u00e9coratif que pour ranger de petits objets, ce bol refl\u00e8te la riche tradition artisanale de Majorque, une destination c\u00e9l\u00e8bre non seulement pour ses paysages de r\u00eave, mais aussi pour sa culture et son folklore vibrants. Chez Ol\u00e9 Mosaic, nous savons que ce bol en noix de coco de c\u0153urs est plus qu&rsquo;un simple souvenir ; c&rsquo;est un souvenir authentique qui connecte les touristes \u00e0 la beaut\u00e9 naturelle de Majorque. Ce produit est une excellente option pour les boutiques de cadeaux touristiques cherchant \u00e0 offrir des pi\u00e8ces uniques, authentiques et significatives. En tant que grossistes en souvenirs, nous garantissons la qualit\u00e9 et l&rsquo;attrait de chaque article, faisant de ce bol un cadeau parfait pour ceux qui souhaitent ramener un morceau de Majorque chez eux.<\/p>\n","protected":false},"excerpt":{"rendered":"<p>Bol en noix de coco d\u00e9cor\u00e9 de c\u0153urs color\u00e9s et d&rsquo;une sympathique tortue, repr\u00e9sentant l&rsquo;essence de Majorque. Ce produit artisanal se distingue par sa technique de mosa\u00efque, combinant des morceaux de coquillages et des couleurs vibrantes en forme de c\u0153urs. Au centre, une tortue dans les tons bruns ressort sur un fond clair, ajoutant une touche distinctive. Id\u00e9al comme pi\u00e8ce d\u00e9corative ou pour ranger de petits objets, ce bol refl\u00e8te le folklore et la beaut\u00e9 naturelle de l&rsquo;\u00eele.<\/p>\n","protected":false},"featured_media":10369,"template":"","meta":{"_acf_changed":false},"product_brand":[],"product_cat":[521],"product_tag":[530],"class_list":{"0":"post-28515","1":"product","2":"type-product","3":"status-publish","4":"has-post-thumbnail","6":"product_cat-bols","7":"product_tag-animaux","8":"pa_ciudad-mallorca","9":"pa_motivo-tortues","10":"pa_pais-espana","12":"first","13":"instock","14":"shipping-taxable","15":"product-type-simple"},"acf":[],"_links":{"self":[{"href":"https:\/\/olemosaic.com\/fr\/wp-json\/wp\/v2\/product\/28515","targetHints":{"allow":["GET"]}}],"collection":[{"href":"https:\/\/olemosaic.com\/fr\/wp-json\/wp\/v2\/product"}],"about":[{"href":"https:\/\/olemosaic.com\/fr\/wp-json\/wp\/v2\/types\/product"}],"wp:featuredmedia":[{"embeddable":true,"href":"https:\/\/olemosaic.com\/fr\/wp-json\/wp\/v2\/media\/10369"}],"wp:attachment":[{"href":"https:\/\/olemosaic.com\/fr\/wp-json\/wp\/v2\/media?parent=28515"}],"wp:term":[{"taxonomy":"product_brand","embeddable":true,"href":"https:\/\/olemosaic.com\/fr\/wp-json\/wp\/v2\/product_brand?post=28515"},{"taxonomy":"product_cat","embeddable":true,"href":"https:\/\/olemosaic.com\/fr\/wp-json\/wp\/v2\/product_cat?post=28515"},{"taxonomy":"product_tag","embeddable":true,"href":"https:\/\/olemosaic.com\/fr\/wp-json\/wp\/v2\/product_tag?post=28515"}],"curies":[{"name":"wp","href":"https:\/\/api.w.org\/{rel}","templated":true}]}}